{"id":17737,"date":"2022-07-20T13:26:07","date_gmt":"2022-07-20T13:26:07","guid":{"rendered":"https:\/\/temp.emarketeer.com\/?page_id=17737"},"modified":"2023-01-11T11:41:30","modified_gmt":"2023-01-11T11:41:30","slug":"eula","status":"publish","type":"page","link":"https:\/\/emarketeer.com\/da\/eula\/","title":{"rendered":"Slutbrugeraftale"},"content":{"rendered":"<div data-elementor-type=\"wp-page\" data-elementor-id=\"17737\" class=\"elementor elementor-17737\" data-elementor-post-type=\"page\">\n\t\t\t\t\t\t<section class=\"elementor-section elementor-top-section elementor-element elementor-element-5bb2f7e0 elementor-section-height-min-height elementor-section-boxed elementor-section-height-default elementor-section-items-middle\" data-id=\"5bb2f7e0\" data-element_type=\"section\" data-e-type=\"section\" data-settings=\"{&quot;background_background&quot;:&quot;gradient&quot;,&quot;shape_divider_bottom&quot;:&quot;waves&quot;}\">\n\t\t\t\t\t\t\t<div class=\"elementor-background-overlay\"><\/div>\n\t\t\t\t\t\t<div class=\"elementor-shape elementor-shape-bottom\" aria-hidden=\"true\" data-negative=\"false\">\n\t\t\t<svg xmlns=\"http:\/\/www.w3.org\/2000\/svg\" viewbox=\"0 0 1000 100\" preserveaspectratio=\"none\">\n\t<path class=\"elementor-shape-fill\" d=\"M421.9,6.5c22.6-2.5,51.5,0.4,75.5,5.3c23.6,4.9,70.9,23.5,100.5,35.7c75.8,32.2,133.7,44.5,192.6,49.7\tc23.6,2.1,48.7,3.5,103.4-2.5c54.7-6,106.2-25.6,106.2-25.6V0H0v30.3c0,0,72,32.6,158.4,30.5c39.2-0.7,92.8-6.7,134-22.4\tc21.2-8.1,52.2-18.2,79.7-24.2C399.3,7.9,411.6,7.5,421.9,6.5z\"\/>\n<\/svg>\t\t<\/div>\n\t\t\t\t\t<div class=\"elementor-container elementor-column-gap-default\">\n\t\t\t\t\t<div class=\"elementor-column elementor-col-100 elementor-top-column elementor-element elementor-element-b558998\" data-id=\"b558998\" data-element_type=\"column\" data-e-type=\"column\">\n\t\t\t<div class=\"elementor-widget-wrap elementor-element-populated\">\n\t\t\t\t\t\t<div class=\"elementor-element elementor-element-7124f273 elementor-widget elementor-widget-spacer\" data-id=\"7124f273\" data-element_type=\"widget\" data-e-type=\"widget\" data-widget_type=\"spacer.default\">\n\t\t\t\t<div class=\"elementor-widget-container\">\n\t\t\t\t\t\t\t<div class=\"elementor-spacer\">\n\t\t\t<div class=\"elementor-spacer-inner\"><\/div>\n\t\t<\/div>\n\t\t\t\t\t\t<\/div>\n\t\t\t\t<\/div>\n\t\t\t\t<div class=\"elementor-element elementor-element-3242620 elementor-view-default elementor-position-top elementor-widget elementor-widget-themo-header\" data-id=\"3242620\" data-element_type=\"widget\" data-e-type=\"widget\" data-widget_type=\"themo-header.default\">\n\t\t\t\t<div class=\"elementor-widget-container\">\n\t\t\t\t\t\t\t<div class=\"th-header-wrap\">\n        <div class=\"elementor-icon-box-wrapper\">\n                            <div class=\"elementor-icon-box-content\">\n                    <h1 class=\"elementor-icon-box-title\">\n                        Slutbrugeraftale                    <\/h1>\n                                        <p class=\"elementor-icon-box-description\">Version 2017-12-01<\/p>\n\n                                    <\/div>\n            <\/div>\n\n        <\/div>\n\n\t\t\t\t\t\t<\/div>\n\t\t\t\t<\/div>\n\t\t\t\t\t<\/div>\n\t\t<\/div>\n\t\t\t\t\t<\/div>\n\t\t<\/section>\n\t\t\t\t<section class=\"elementor-section elementor-top-section elementor-element elementor-element-1d894c1b elementor-section-boxed elementor-section-height-default elementor-section-height-default\" data-id=\"1d894c1b\" data-element_type=\"section\" data-e-type=\"section\">\n\t\t\t\t\t\t<div class=\"elementor-container elementor-column-gap-default\">\n\t\t\t\t\t<div class=\"elementor-column elementor-col-100 elementor-top-column elementor-element elementor-element-218bface\" data-id=\"218bface\" data-element_type=\"column\" data-e-type=\"column\">\n\t\t\t<div class=\"elementor-widget-wrap elementor-element-populated\">\n\t\t\t\t\t\t<div class=\"elementor-element elementor-element-608ad95f elementor-widget elementor-widget-text-editor\" data-id=\"608ad95f\" data-element_type=\"widget\" data-e-type=\"widget\" data-widget_type=\"text-editor.default\">\n\t\t\t\t<div class=\"elementor-widget-container\">\n\t\t\t\t\t\t\t\t\t<p><strong>Gennem denne brugerforpligtelse \u00f8nsker eMarketeer AB at beskytte deres kunder og sig selv mod handlinger, der kan v\u00e6re skadelige for alle parter.<br \/><\/strong><br \/>Jeg bekr\u00e6fter f\u00f8lgende som individuel bruger af softwarekonceptet eMarketeer over for min arbejdsgiver og eMarketeer AB, (org. nr. 556631-4497), at jeg er bekendt med dette indhold, og at jeg godkender, accepterer og er ansvarlig for f\u00f8lgende:<\/p><h4>1. Kundens rettigheder<\/h4><p>1.1 Brugen af eMarketeer kr\u00e6ver personlig registrering og login af mig som bruger. Jeg forpligter mig til at f\u00f8lge alle brugsanvisninger og sikkerhedsinstruktioner udstedt af eMarketeer.<\/p><p>1.2 Jeg m\u00e5 ikke foretage eller tillade salgsoverdragelse eller servicebureaubrug af eMarketeer, at foretage \u00e6ndringer, tilf\u00f8jelser eller forbedringer til eMarketeer eller for\u00e5rsage eller tillade omvendt konstruktion, adskillelse eller dekompilering heraf. Copyright og alle andre rettigheder vedr\u00f8rende \u00e6ndringer af tjenesten tilfalder eMarketeer uden nogen s\u00e6rskilt kompensation.<\/p><h4>2. Arbejdsgang<\/h4><p>2.1 Brug af eMarketeer opn\u00e5s ved et unikt login, som leveres af eMarketeer efter registrering af kundeoplysninger.<\/p><h4>3. Hensyn til information<\/h4><p>3.1 Det er mig, brugeren, der administrerer de persondata, der findes til brug i eMarketeer og er ansvarlig for, at databasen implementeres i overensstemmelse med den generelle databeskyttelsesforordning (GDPR).<\/p><h4>4. Hemmeligholdelse<\/h4><p>4.1 Jeg forpligter mig til at g\u00f8re mit bedste for, at alle forretningsoplysninger, der videregives af den ene part til den anden i forbindelse med aftalen, skal behandles som fortrolige oplysninger, medmindre s\u00e5danne oplysninger er en del af eller senere bliver en del af det offentlige dom\u00e6ne uden den andens skyld. part, eller den blev senere indhentet af den anden part fra uafh\u00e6ngige kilder fri for enhver form for tavshedspligt.<\/p><p>4.2 Jeg forpligter mig til at sikre, at mit brugernavn og adgangskode er beskyttet sikkert, kun bruges af de tilsigtede brugere og ikke kommer i h\u00e6nderne p\u00e5 nogen uautoriserede brugere.<\/p><h4>5. Politik for brug af eMarketeer<\/h4><p>En kunde hos eMarketeer kan ikke selv eller tillade nogen anden part, acceptere misbrug, ulovlig eller svigagtig brug af eMarketeer-tjenester p\u00e5 en s\u00e5dan m\u00e5de, der omfatter, men ikke er begr\u00e6nset til, f\u00f8lgende:<\/p><div><ul><li>at have en m\u00e5lgruppe, fora, mailingliste til e-mail eller andre lignende gruppelister, og til dem sende eller poste alt, der for\u00e5rsager klager fra modtageren af s\u00e5danne uopfordrede e-mails;<\/li><li>eller, s\u00e5kaldt &quot;Mailbombning og spamming: f.eks. at der inden for kort tid sendes store m\u00e6ngder af u\u00f8nskede beskeder via e-mail til en eller flere e-mail-konti;<\/li><li>eller at sende uopfordret e-mail til flere brugere via e-mail, hvor det er rimeligt sandsynligt, at meddelelsen vil for\u00e5rsage klager fra nogle af modtagerne;<\/li><li>eller, n\u00e5r en uautoriseret bruger fors\u00f8ger at f\u00e5 adgang til en konto eller computerressource, der ikke tilh\u00f8rer den p\u00e5g\u00e6ldende bruger;<\/li><li>eller fors\u00e6tligt p\u00e5 nogen m\u00e5de opn\u00e5 eller fors\u00f8ge at f\u00e5 adgang til eMarketeer-tjenester uden at betale for det;<\/li><li>eller p\u00e5 nogen m\u00e5de uautoriseret fors\u00f8g p\u00e5 at downloade, \u00e6ndre eller \u00f8del\u00e6gge enhver information, der tilh\u00f8rer nogen af eMarketeer-kunder eller slutbrugere;<\/li><li>eller at deltage i enhver aktivitet (f.eks. synkroniserede nummerserieangreb) velvidende, at det vil forringe tjenesten for nogen af eMarketeers kunder;<\/li><li>eller, ulovligt eller for at st\u00f8tte ulovlige aktiviteter, ved at bruge eMarketeer-tjenester,<\/li><li>eller at sprede ulovlige kopier af kommerciel software eller andet ophavsretligt beskyttet materiale.<\/li><\/ul><\/div><p>eMarketeer-kunder er ansvarlige for deres slutbrugeres dokumenter, og ved at modtage tjenester fra eMarketeer er det op til kunden at sikre, at deres slutbrugere overholder denne brugerforpligtelse. En klage over en slutbruger til en eMarketeer-kunde vil blive videresendt til den relevante kundekontraktansvarlige med henblik p\u00e5 handling.<\/p><p>Hvis en uacceptabel aktivitet forts\u00e6tter, kan eMarketeer uden varsel suspendere eller foretage de n\u00f8dvendige handlinger, som eMarketeer anser for n\u00f8dvendige for de p\u00e5g\u00e6ldende tjenester eller produkter. eMarketeer kompenserer ikke for afbrydelsen, der opstod p\u00e5 grund af overtr\u00e6delser af denne politik.<\/p><p>eMarketeer vil samarbejde med andre udbydere af internet- og onlinetjenester for at forhindre og forhindre misbrug.<\/p>\t\t\t\t\t\t\t\t<\/div>\n\t\t\t\t<\/div>\n\t\t\t\t\t<\/div>\n\t\t<\/div>\n\t\t\t\t\t<\/div>\n\t\t<\/section>\n\t\t\t\t<\/div>","protected":false},"excerpt":{"rendered":"<p>Slutbrugerlicensaftale Version 2017-12-01 eMarketeer AB \u00f8nsker med dette brugertilsagn at beskytte sine kunder og sig selv mod handlinger, der kan v\u00e6re skadelige for alle parter.Jeg bekr\u00e6fter f\u00f8lgende som individuel bruger af softwarekonceptet eMarketeer over for ... <a href=\"https:\/\/emarketeer.com\/da\/eula\/\">L\u00e6s mere<\/a><\/p>","protected":false},"author":3,"featured_media":0,"parent":0,"menu_order":6,"comment_status":"closed","ping_status":"closed","template":"","meta":{"footnotes":""},"class_list":["post-17737","page","type-page","status-publish","hentry"],"_links":{"self":[{"href":"https:\/\/emarketeer.com\/da\/wp-json\/wp\/v2\/pages\/17737","targetHints":{"allow":["GET"]}}],"collection":[{"href":"https:\/\/emarketeer.com\/da\/wp-json\/wp\/v2\/pages"}],"about":[{"href":"https:\/\/emarketeer.com\/da\/wp-json\/wp\/v2\/types\/page"}],"author":[{"embeddable":true,"href":"https:\/\/emarketeer.com\/da\/wp-json\/wp\/v2\/users\/3"}],"replies":[{"embeddable":true,"href":"https:\/\/emarketeer.com\/da\/wp-json\/wp\/v2\/comments?post=17737"}],"version-history":[{"count":16,"href":"https:\/\/emarketeer.com\/da\/wp-json\/wp\/v2\/pages\/17737\/revisions"}],"predecessor-version":[{"id":17774,"href":"https:\/\/emarketeer.com\/da\/wp-json\/wp\/v2\/pages\/17737\/revisions\/17774"}],"wp:attachment":[{"href":"https:\/\/emarketeer.com\/da\/wp-json\/wp\/v2\/media?parent=17737"}],"curies":[{"name":"wp","href":"https:\/\/api.w.org\/{rel}","templated":true}]}}