{"id":19005,"date":"2022-08-16T10:01:50","date_gmt":"2022-08-16T10:01:50","guid":{"rendered":"https:\/\/emarketeer.com\/?page_id=19005"},"modified":"2023-01-11T11:41:34","modified_gmt":"2023-01-11T11:41:34","slug":"page-template-1","status":"publish","type":"page","link":"https:\/\/emarketeer.com\/da\/page-template-1\/","title":{"rendered":"Sideskabelon 1"},"content":{"rendered":"<div data-elementor-type=\"wp-page\" data-elementor-id=\"19005\" class=\"elementor elementor-19005\" data-elementor-post-type=\"page\">\n\t\t\t\t\t\t<section class=\"elementor-section elementor-top-section elementor-element elementor-element-5a87f2f8 elementor-section-content-middle elementor-section-boxed elementor-section-height-default elementor-section-height-default\" data-id=\"5a87f2f8\" data-element_type=\"section\" data-e-type=\"section\">\n\t\t\t\t\t\t<div class=\"elementor-container elementor-column-gap-default\">\n\t\t\t\t\t<div class=\"elementor-column elementor-col-33 elementor-top-column elementor-element elementor-element-1146cece\" data-id=\"1146cece\" data-element_type=\"column\" data-e-type=\"column\">\n\t\t\t<div class=\"elementor-widget-wrap elementor-element-populated\">\n\t\t\t\t\t\t<div class=\"elementor-element elementor-element-7ab9576a elementor-widget elementor-widget-image\" data-id=\"7ab9576a\" data-element_type=\"widget\" data-e-type=\"widget\" data-widget_type=\"image.default\">\n\t\t\t\t<div class=\"elementor-widget-container\">\n\t\t\t\t\t\t\t\t\t\t\t\t\t\t\t\t<a href=\"\/da\/\">\n\t\t\t\t\t\t\t<img decoding=\"async\" width=\"280\" height=\"75\" src=\"https:\/\/emarketeer.com\/wp-content\/uploads\/2018\/09\/58CF038F-2622-4D58-A9BD-368107ECE0F3__emlogo_onlight_3000_newnewred_brandguide-1-e1538056857279.png\" class=\"attachment-th_img_xs size-th_img_xs wp-image-1105\" alt=\"\" \/>\t\t\t\t\t\t\t\t<\/a>\n\t\t\t\t\t\t\t\t\t\t\t\t\t\t\t<\/div>\n\t\t\t\t<\/div>\n\t\t\t\t\t<\/div>\n\t\t<\/div>\n\t\t\t\t<div class=\"elementor-column elementor-col-33 elementor-top-column elementor-element elementor-element-586601b4\" data-id=\"586601b4\" data-element_type=\"column\" data-e-type=\"column\">\n\t\t\t<div class=\"elementor-widget-wrap elementor-element-populated\">\n\t\t\t\t\t\t<div class=\"elementor-element elementor-element-6cb573e4 elementor-nav-menu__align-center elementor-nav-menu__text-align-center elementor-nav-menu--dropdown-tablet elementor-nav-menu--toggle elementor-nav-menu--burger elementor-widget elementor-widget-nav-menu\" data-id=\"6cb573e4\" data-element_type=\"widget\" data-e-type=\"widget\" data-settings=\"{&quot;layout&quot;:&quot;horizontal&quot;,&quot;submenu_icon&quot;:{&quot;value&quot;:&quot;&lt;i class=\\&quot;fas fa-caret-down\\&quot;&gt;&lt;\\\/i&gt;&quot;,&quot;library&quot;:&quot;fa-solid&quot;},&quot;toggle&quot;:&quot;burger&quot;}\" data-widget_type=\"nav-menu.default\">\n\t\t\t\t<div class=\"elementor-widget-container\">\n\t\t\t\t\t\t\t\t<nav aria-label=\"Menu\" class=\"elementor-nav-menu--main elementor-nav-menu__container elementor-nav-menu--layout-horizontal e--pointer-underline e--animation-fade\">\n\t\t\t\t<ul id=\"menu-1-6cb573e4\" class=\"elementor-nav-menu\"><li class=\"menu-item menu-item-type-custom menu-item-object-custom menu-item-has-children menu-item-20030\"><a href=\"#\" class=\"elementor-item elementor-item-anchor\">Produkter<\/a>\n<ul class=\"sub-menu elementor-nav-menu--dropdown\">\n\t<li class=\"menu-item menu-item-type-post_type menu-item-object-page menu-item-20031\"><a href=\"https:\/\/emarketeer.com\/da\/products\/\" class=\"elementor-sub-item\">Produkt oversigt<\/a><\/li>\n\t<li class=\"menu-item menu-item-type-post_type menu-item-object-page menu-item-20039\"><a href=\"https:\/\/emarketeer.com\/da\/marketing-cloud\/\" class=\"elementor-sub-item\">Marketing Cloud<\/a><\/li>\n\t<li class=\"menu-item menu-item-type-post_type menu-item-object-page menu-item-20322\"><a href=\"https:\/\/emarketeer.com\/da\/lead-management\/\" class=\"elementor-sub-item\">Lead Management<\/a><\/li>\n\t<li class=\"menu-item menu-item-type-post_type menu-item-object-page menu-item-23379\"><a href=\"https:\/\/emarketeer.com\/da\/integrations\/\" class=\"elementor-sub-item\">Integrationer<\/a><\/li>\n<\/ul>\n<\/li>\n<li class=\"menu-item menu-item-type-post_type menu-item-object-page menu-item-19328\"><a href=\"https:\/\/emarketeer.com\/da\/customers\/\" class=\"elementor-item\">Kunder<\/a><\/li>\n<li class=\"menu-item menu-item-type-post_type menu-item-object-page menu-item-17714\"><a href=\"https:\/\/emarketeer.com\/da\/webinars\/\" class=\"elementor-item\">Webinarer<\/a><\/li>\n<li class=\"menu-item menu-item-type-post_type menu-item-object-page menu-item-17781\"><a href=\"https:\/\/emarketeer.com\/da\/pricing\/\" class=\"elementor-item\">Priss\u00e6tning<\/a><\/li>\n<li class=\"menu-item menu-item-type-custom menu-item-object-custom menu-item-has-children menu-item-19154\"><a href=\"#\" class=\"elementor-item elementor-item-anchor\">Om os<\/a>\n<ul class=\"sub-menu elementor-nav-menu--dropdown\">\n\t<li class=\"menu-item menu-item-type-post_type menu-item-object-page menu-item-23958\"><a href=\"https:\/\/emarketeer.com\/da\/blog\/\" class=\"elementor-sub-item\">Nyheder og blog<\/a><\/li>\n\t<li class=\"menu-item menu-item-type-post_type menu-item-object-page menu-item-16988\"><a href=\"https:\/\/emarketeer.com\/da\/contact\/\" class=\"elementor-sub-item\">Kontakt<\/a><\/li>\n\t<li class=\"menu-item menu-item-type-post_type menu-item-object-post menu-item-22275\"><a href=\"https:\/\/emarketeer.com\/da\/news\/newoffice\/\" class=\"elementor-sub-item\">Vores kontor<\/a><\/li>\n\t<li class=\"menu-item menu-item-type-post_type menu-item-object-page menu-item-19873\"><a href=\"https:\/\/emarketeer.com\/da\/management\/\" class=\"elementor-sub-item\">Ledelsesteam<\/a><\/li>\n<\/ul>\n<\/li>\n<\/ul>\t\t\t<\/nav>\n\t\t\t\t\t<div class=\"elementor-menu-toggle\" role=\"button\" tabindex=\"0\" aria-label=\"Menuskift\" aria-expanded=\"false\">\n\t\t\t<i aria-hidden=\"true\" role=\"presentation\" class=\"elementor-menu-toggle__icon--open eicon-menu-bar\"><\/i><i aria-hidden=\"true\" role=\"presentation\" class=\"elementor-menu-toggle__icon--close eicon-close\"><\/i>\t\t<\/div>\n\t\t\t\t\t<nav class=\"elementor-nav-menu--dropdown elementor-nav-menu__container\" aria-hidden=\"true\">\n\t\t\t\t<ul id=\"menu-2-6cb573e4\" class=\"elementor-nav-menu\"><li class=\"menu-item menu-item-type-custom menu-item-object-custom menu-item-has-children menu-item-20030\"><a href=\"#\" class=\"elementor-item elementor-item-anchor\" tabindex=\"-1\">Produkter<\/a>\n<ul class=\"sub-menu elementor-nav-menu--dropdown\">\n\t<li class=\"menu-item menu-item-type-post_type menu-item-object-page menu-item-20031\"><a href=\"https:\/\/emarketeer.com\/da\/products\/\" class=\"elementor-sub-item\" tabindex=\"-1\">Produkt oversigt<\/a><\/li>\n\t<li class=\"menu-item menu-item-type-post_type menu-item-object-page menu-item-20039\"><a href=\"https:\/\/emarketeer.com\/da\/marketing-cloud\/\" class=\"elementor-sub-item\" tabindex=\"-1\">Marketing Cloud<\/a><\/li>\n\t<li class=\"menu-item menu-item-type-post_type menu-item-object-page menu-item-20322\"><a href=\"https:\/\/emarketeer.com\/da\/lead-management\/\" class=\"elementor-sub-item\" tabindex=\"-1\">Lead Management<\/a><\/li>\n\t<li class=\"menu-item menu-item-type-post_type menu-item-object-page menu-item-23379\"><a href=\"https:\/\/emarketeer.com\/da\/integrations\/\" class=\"elementor-sub-item\" tabindex=\"-1\">Integrationer<\/a><\/li>\n<\/ul>\n<\/li>\n<li class=\"menu-item menu-item-type-post_type menu-item-object-page menu-item-19328\"><a href=\"https:\/\/emarketeer.com\/da\/customers\/\" class=\"elementor-item\" tabindex=\"-1\">Kunder<\/a><\/li>\n<li class=\"menu-item menu-item-type-post_type menu-item-object-page menu-item-17714\"><a href=\"https:\/\/emarketeer.com\/da\/webinars\/\" class=\"elementor-item\" tabindex=\"-1\">Webinarer<\/a><\/li>\n<li class=\"menu-item menu-item-type-post_type menu-item-object-page menu-item-17781\"><a href=\"https:\/\/emarketeer.com\/da\/pricing\/\" class=\"elementor-item\" tabindex=\"-1\">Priss\u00e6tning<\/a><\/li>\n<li class=\"menu-item menu-item-type-custom menu-item-object-custom menu-item-has-children menu-item-19154\"><a href=\"#\" class=\"elementor-item elementor-item-anchor\" tabindex=\"-1\">Om os<\/a>\n<ul class=\"sub-menu elementor-nav-menu--dropdown\">\n\t<li class=\"menu-item menu-item-type-post_type menu-item-object-page menu-item-23958\"><a href=\"https:\/\/emarketeer.com\/da\/blog\/\" class=\"elementor-sub-item\" tabindex=\"-1\">Nyheder og blog<\/a><\/li>\n\t<li class=\"menu-item menu-item-type-post_type menu-item-object-page menu-item-16988\"><a href=\"https:\/\/emarketeer.com\/da\/contact\/\" class=\"elementor-sub-item\" tabindex=\"-1\">Kontakt<\/a><\/li>\n\t<li class=\"menu-item menu-item-type-post_type menu-item-object-post menu-item-22275\"><a href=\"https:\/\/emarketeer.com\/da\/news\/newoffice\/\" class=\"elementor-sub-item\" tabindex=\"-1\">Vores kontor<\/a><\/li>\n\t<li class=\"menu-item menu-item-type-post_type menu-item-object-page menu-item-19873\"><a href=\"https:\/\/emarketeer.com\/da\/management\/\" class=\"elementor-sub-item\" tabindex=\"-1\">Ledelsesteam<\/a><\/li>\n<\/ul>\n<\/li>\n<\/ul>\t\t\t<\/nav>\n\t\t\t\t\t\t<\/div>\n\t\t\t\t<\/div>\n\t\t\t\t\t<\/div>\n\t\t<\/div>\n\t\t\t\t<div class=\"elementor-column elementor-col-33 elementor-top-column elementor-element elementor-element-6ffe79b0\" data-id=\"6ffe79b0\" data-element_type=\"column\" data-e-type=\"column\">\n\t\t\t<div class=\"elementor-widget-wrap elementor-element-populated\">\n\t\t\t\t\t\t<div class=\"elementor-element elementor-element-5edcc05b elementor-align-right elementor-widget elementor-widget-button\" data-id=\"5edcc05b\" data-element_type=\"widget\" data-e-type=\"widget\" data-widget_type=\"button.default\">\n\t\t\t\t<div class=\"elementor-widget-container\">\n\t\t\t\t\t\t\t\t\t<div class=\"elementor-button-wrapper\">\n\t\t\t\t\t<a class=\"elementor-button elementor-button-link elementor-size-sm\" href=\"tel:+4687644600\">\n\t\t\t\t\t\t<span class=\"elementor-button-content-wrapper\">\n\t\t\t\t\t\t<span class=\"elementor-button-icon\">\n\t\t\t\t<i aria-hidden=\"true\" class=\"fas fa-phone\"><\/i>\t\t\t<\/span>\n\t\t\t\t\t\t\t\t\t<span class=\"elementor-button-text\">+46 8 764 46 00<\/span>\n\t\t\t\t\t<\/span>\n\t\t\t\t\t<\/a>\n\t\t\t\t<\/div>\n\t\t\t\t\t\t\t\t<\/div>\n\t\t\t\t<\/div>\n\t\t\t\t\t<\/div>\n\t\t<\/div>\n\t\t\t\t\t<\/div>\n\t\t<\/section>\n\t\t\t\t<section class=\"elementor-section elementor-top-section elementor-element elementor-element-27d6e72 elementor-section-boxed elementor-section-height-default elementor-section-height-default\" data-id=\"27d6e72\" data-element_type=\"section\" data-e-type=\"section\">\n\t\t\t\t\t\t<div class=\"elementor-container elementor-column-gap-default\">\n\t\t\t\t\t<div class=\"elementor-column elementor-col-100 elementor-top-column elementor-element elementor-element-eefe8bf\" data-id=\"eefe8bf\" data-element_type=\"column\" data-e-type=\"column\">\n\t\t\t<div class=\"elementor-widget-wrap elementor-element-populated\">\n\t\t\t\t\t\t<div class=\"elementor-element elementor-element-65e3d56 elementor-widget elementor-widget-heading\" data-id=\"65e3d56\" data-element_type=\"widget\" data-e-type=\"widget\" data-widget_type=\"heading.default\">\n\t\t\t\t<div class=\"elementor-widget-container\">\n\t\t\t\t\t<h2 class=\"elementor-heading-title elementor-size-default\">Anfo &amp; eMarketeer<\/h2>\t\t\t\t<\/div>\n\t\t\t\t<\/div>\n\t\t\t\t<div class=\"elementor-element elementor-element-6e230ed elementor-widget elementor-widget-text-editor\" data-id=\"6e230ed\" data-element_type=\"widget\" data-e-type=\"widget\" data-widget_type=\"text-editor.default\">\n\t\t\t\t<div class=\"elementor-widget-container\">\n\t\t\t\t\t\t\t\t\t<p>Der var store festligheder, da ANFO pludselig fik en stigning p\u00e5 40% i medlemstal for deres organisation. Men s\u00e5 opdagede de, at de stod over for en udfordring. Da de nu fik \u00f8jnene op for nogle af Norges mest fremtr\u00e6dende annonc\u00f8rer, var ANFO n\u00f8dt til at blive mere professionelle i deres kommunikation. Dette er historien om, hvordan ANFO bruger eMarketeer til at str\u00f8mline al markedsf\u00f8ring med mobile apps og event management, og hvordan de alle sammen knyttede det sammen med deres SuperOffice CRM.<\/p>\t\t\t\t\t\t\t\t<\/div>\n\t\t\t\t<\/div>\n\t\t\t\t\t<\/div>\n\t\t<\/div>\n\t\t\t\t\t<\/div>\n\t\t<\/section>\n\t\t\t\t<section class=\"elementor-section elementor-top-section elementor-element elementor-element-6737655 elementor-section-boxed elementor-section-height-default elementor-section-height-default\" data-id=\"6737655\" data-element_type=\"section\" data-e-type=\"section\">\n\t\t\t\t\t\t<div class=\"elementor-container elementor-column-gap-default\">\n\t\t\t\t\t<div class=\"elementor-column elementor-col-100 elementor-top-column elementor-element elementor-element-a886eca\" data-id=\"a886eca\" data-element_type=\"column\" data-e-type=\"column\">\n\t\t\t<div class=\"elementor-widget-wrap elementor-element-populated\">\n\t\t\t\t\t\t<div class=\"elementor-element elementor-element-b21b845 elementor-widget elementor-widget-video\" data-id=\"b21b845\" data-element_type=\"widget\" data-e-type=\"widget\" data-settings=\"{&quot;youtube_url&quot;:&quot;https:\\\/\\\/www.youtube.com\\\/watch?v=LatN9ylVpj8&quot;,&quot;loop&quot;:&quot;yes&quot;,&quot;video_type&quot;:&quot;youtube&quot;}\" data-widget_type=\"video.default\">\n\t\t\t\t<div class=\"elementor-widget-container\">\n\t\t\t\t\t\t\t<div class=\"elementor-wrapper elementor-open-inline\">\n\t\t\t<div class=\"elementor-video\"><\/div>\t\t<\/div>\n\t\t\t\t\t\t<\/div>\n\t\t\t\t<\/div>\n\t\t\t\t\t<\/div>\n\t\t<\/div>\n\t\t\t\t\t<\/div>\n\t\t<\/section>\n\t\t\t\t<section class=\"elementor-section elementor-top-section elementor-element elementor-element-abcb11f elementor-section-boxed elementor-section-height-default elementor-section-height-default\" data-id=\"abcb11f\" data-element_type=\"section\" data-e-type=\"section\">\n\t\t\t\t\t\t<div class=\"elementor-container elementor-column-gap-default\">\n\t\t\t\t\t<div class=\"elementor-column elementor-col-100 elementor-top-column elementor-element elementor-element-6e843b7\" data-id=\"6e843b7\" data-element_type=\"column\" data-e-type=\"column\">\n\t\t\t<div class=\"elementor-widget-wrap elementor-element-populated\">\n\t\t\t\t\t\t<div class=\"elementor-element elementor-element-28c895c elementor-widget elementor-widget-spacer\" data-id=\"28c895c\" data-element_type=\"widget\" data-e-type=\"widget\" data-widget_type=\"spacer.default\">\n\t\t\t\t<div class=\"elementor-widget-container\">\n\t\t\t\t\t\t\t<div class=\"elementor-spacer\">\n\t\t\t<div class=\"elementor-spacer-inner\"><\/div>\n\t\t<\/div>\n\t\t\t\t\t\t<\/div>\n\t\t\t\t<\/div>\n\t\t\t\t\t<\/div>\n\t\t<\/div>\n\t\t\t\t\t<\/div>\n\t\t<\/section>\n\t\t\t\t<section class=\"elementor-section elementor-top-section elementor-element elementor-element-8af07b6 elementor-section-boxed elementor-section-height-default elementor-section-height-default\" data-id=\"8af07b6\" data-element_type=\"section\" data-e-type=\"section\">\n\t\t\t\t\t\t\t<div class=\"elementor-background-overlay\"><\/div>\n\t\t\t\t\t\t\t<div class=\"elementor-container elementor-column-gap-default\">\n\t\t\t\t\t<div class=\"elementor-column elementor-col-33 elementor-top-column elementor-element elementor-element-25ebf2f\" data-id=\"25ebf2f\" data-element_type=\"column\" data-e-type=\"column\">\n\t\t\t<div class=\"elementor-widget-wrap elementor-element-populated\">\n\t\t\t\t\t\t<div class=\"elementor-element elementor-element-1b1f4f3 elementor-widget elementor-widget-heading\" data-id=\"1b1f4f3\" data-element_type=\"widget\" data-e-type=\"widget\" data-widget_type=\"heading.default\">\n\t\t\t\t<div class=\"elementor-widget-container\">\n\t\t\t\t\t<p class=\"elementor-heading-title elementor-size-large\">gyldige<\/p>\t\t\t\t<\/div>\n\t\t\t\t<\/div>\n\t\t\t\t<div class=\"elementor-element elementor-element-d56faee elementor-widget elementor-widget-text-editor\" data-id=\"d56faee\" data-element_type=\"widget\" data-e-type=\"widget\" data-widget_type=\"text-editor.default\">\n\t\t\t\t<div class=\"elementor-widget-container\">\n\t\t\t\t\t\t\t\t\t<div class=\"textwidget\"><p class=\"p1\"><span class=\"s1\"><a href=\"https:\/\/emarketeer.com\/da\/privacy-policy\/\">Fortrolighedspolitik<\/a><br \/><\/span><span class=\"s3\"><a href=\"https:\/\/emarketeer.com\/da\/spam\/\"><span class=\"s1\">Anti spam politik<\/span><\/a><br \/><a href=\"https:\/\/emarketeer.com\/da\/eula\/\"><span class=\"s1\">Slutbrugeraftale<\/span><\/a><br \/><a href=\"https:\/\/emarketeer.com\/da\/terms-of-service\/\"><span class=\"s1\">Servicevilk\u00e5r<\/span><\/a><br \/><a href=\"https:\/\/emarketeer.com\/wp-content\/uploads\/2021\/10\/Information-Security-Policy.pdf\"><span class=\"s1\">Informationssikkerhedspolitik<\/span><\/a><\/span><\/p><\/div>\t\t\t\t\t\t\t\t<\/div>\n\t\t\t\t<\/div>\n\t\t\t\t\t<\/div>\n\t\t<\/div>\n\t\t\t\t<div class=\"elementor-column elementor-col-33 elementor-top-column elementor-element elementor-element-e423632\" data-id=\"e423632\" data-element_type=\"column\" data-e-type=\"column\">\n\t\t\t<div class=\"elementor-widget-wrap elementor-element-populated\">\n\t\t\t\t\t\t<div class=\"elementor-element elementor-element-89f4b6b elementor-widget elementor-widget-heading\" data-id=\"89f4b6b\" data-element_type=\"widget\" data-e-type=\"widget\" data-widget_type=\"heading.default\">\n\t\t\t\t<div class=\"elementor-widget-container\">\n\t\t\t\t\t<p class=\"elementor-heading-title elementor-size-large\">Kontaktoplysninger<\/p>\t\t\t\t<\/div>\n\t\t\t\t<\/div>\n\t\t\t\t<div class=\"elementor-element elementor-element-593fe37 elementor-icon-list--layout-traditional elementor-list-item-link-full_width elementor-widget elementor-widget-icon-list\" data-id=\"593fe37\" data-element_type=\"widget\" data-e-type=\"widget\" data-widget_type=\"icon-list.default\">\n\t\t\t\t<div class=\"elementor-widget-container\">\n\t\t\t\t\t\t\t<ul class=\"elementor-icon-list-items\">\n\t\t\t\t\t\t\t<li class=\"elementor-icon-list-item\">\n\t\t\t\t\t\t\t\t\t\t\t<span class=\"elementor-icon-list-icon\">\n\t\t\t\t\t\t\t<i aria-hidden=\"true\" class=\"fas fa-envelope\"><\/i>\t\t\t\t\t\t<\/span>\n\t\t\t\t\t\t\t\t\t\t<span class=\"elementor-icon-list-text\">info@emarketeer.com<\/span>\n\t\t\t\t\t\t\t\t\t<\/li>\n\t\t\t\t\t\t\t\t<li class=\"elementor-icon-list-item\">\n\t\t\t\t\t\t\t\t\t\t\t<span class=\"elementor-icon-list-icon\">\n\t\t\t\t\t\t\t<i aria-hidden=\"true\" class=\"fas fa-phone\"><\/i>\t\t\t\t\t\t<\/span>\n\t\t\t\t\t\t\t\t\t\t<span class=\"elementor-icon-list-text\">(+46) 8-764 46 00<\/span>\n\t\t\t\t\t\t\t\t\t<\/li>\n\t\t\t\t\t\t\t\t<li class=\"elementor-icon-list-item\">\n\t\t\t\t\t\t\t\t\t\t\t<a href=\"\/da\/contact\/\">\n\n\t\t\t\t\t\t\t\t\t\t\t\t<span class=\"elementor-icon-list-icon\">\n\t\t\t\t\t\t\t<i aria-hidden=\"true\" class=\"far fa-map\"><\/i>\t\t\t\t\t\t<\/span>\n\t\t\t\t\t\t\t\t\t\t<span class=\"elementor-icon-list-text\">Beliggenhed<\/span>\n\t\t\t\t\t\t\t\t\t\t\t<\/a>\n\t\t\t\t\t\t\t\t\t<\/li>\n\t\t\t\t\t\t<\/ul>\n\t\t\t\t\t\t<\/div>\n\t\t\t\t<\/div>\n\t\t\t\t<div class=\"elementor-element elementor-element-8ed44a8 elementor-icon-list--layout-inline elementor-list-item-link-full_width elementor-widget elementor-widget-icon-list\" data-id=\"8ed44a8\" data-element_type=\"widget\" data-e-type=\"widget\" data-widget_type=\"icon-list.default\">\n\t\t\t\t<div class=\"elementor-widget-container\">\n\t\t\t\t\t\t\t<ul class=\"elementor-icon-list-items elementor-inline-items\">\n\t\t\t\t\t\t\t<li class=\"elementor-icon-list-item elementor-inline-item\">\n\t\t\t\t\t\t\t\t\t\t\t<span class=\"elementor-icon-list-icon\">\n\t\t\t\t\t\t\t<i aria-hidden=\"true\" class=\"fab fa-linkedin\"><\/i>\t\t\t\t\t\t<\/span>\n\t\t\t\t\t\t\t\t\t\t<span class=\"elementor-icon-list-text\">LinkedIn<\/span>\n\t\t\t\t\t\t\t\t\t<\/li>\n\t\t\t\t\t\t\t\t<li class=\"elementor-icon-list-item elementor-inline-item\">\n\t\t\t\t\t\t\t\t\t\t\t<span class=\"elementor-icon-list-icon\">\n\t\t\t\t\t\t\t<i aria-hidden=\"true\" class=\"fab fa-youtube\"><\/i>\t\t\t\t\t\t<\/span>\n\t\t\t\t\t\t\t\t\t\t<span class=\"elementor-icon-list-text\">Youtube<\/span>\n\t\t\t\t\t\t\t\t\t<\/li>\n\t\t\t\t\t\t\t\t<li class=\"elementor-icon-list-item elementor-inline-item\">\n\t\t\t\t\t\t\t\t\t\t\t<span class=\"elementor-icon-list-icon\">\n\t\t\t\t\t\t\t<i aria-hidden=\"true\" class=\"fab fa-facebook-square\"><\/i>\t\t\t\t\t\t<\/span>\n\t\t\t\t\t\t\t\t\t\t<span class=\"elementor-icon-list-text\">Facebook<\/span>\n\t\t\t\t\t\t\t\t\t<\/li>\n\t\t\t\t\t\t<\/ul>\n\t\t\t\t\t\t<\/div>\n\t\t\t\t<\/div>\n\t\t\t\t\t<\/div>\n\t\t<\/div>\n\t\t\t\t<div class=\"elementor-column elementor-col-33 elementor-top-column elementor-element elementor-element-7dac78e\" data-id=\"7dac78e\" data-element_type=\"column\" data-e-type=\"column\">\n\t\t\t<div class=\"elementor-widget-wrap elementor-element-populated\">\n\t\t\t\t\t\t<div class=\"elementor-element elementor-element-aaec21e elementor-widget elementor-widget-heading\" data-id=\"aaec21e\" data-element_type=\"widget\" data-e-type=\"widget\" data-widget_type=\"heading.default\">\n\t\t\t\t<div class=\"elementor-widget-container\">\n\t\t\t\t\t<p class=\"elementor-heading-title elementor-size-large\">Kontor<\/p>\t\t\t\t<\/div>\n\t\t\t\t<\/div>\n\t\t\t\t<div class=\"elementor-element elementor-element-d4e2b03 elementor-widget elementor-widget-text-editor\" data-id=\"d4e2b03\" data-element_type=\"widget\" data-e-type=\"widget\" data-widget_type=\"text-editor.default\">\n\t\t\t\t<div class=\"elementor-widget-container\">\n\t\t\t\t\t\t\t\t\t<p>eMarketeer AB<br \/>Sundbybergs torg 1<br \/>172 67 Sundbyberg<br \/>Sverige<\/p>\t\t\t\t\t\t\t\t<\/div>\n\t\t\t\t<\/div>\n\t\t\t\t\t<\/div>\n\t\t<\/div>\n\t\t\t\t\t<\/div>\n\t\t<\/section>\n\t\t\t\t<\/div>","protected":false},"excerpt":{"rendered":"<p>+46 8 764 46 00 Anfo &amp; eMarketeer Der var stor jubel, da ANFO pludselig fik en stigning p\u00e5 40% i antallet af medlemmer til deres organisation. Men s\u00e5 opdagede de, at de stod over for en udfordring. Da de nu fik \u00f8je p\u00e5 ... <a href=\"https:\/\/emarketeer.com\/da\/page-template-1\/\">L\u00e6s mere<\/a><\/p>","protected":false},"author":9,"featured_media":0,"parent":0,"menu_order":21,"comment_status":"closed","ping_status":"closed","template":"elementor_canvas","meta":{"footnotes":""},"class_list":["post-19005","page","type-page","status-publish","hentry"],"_links":{"self":[{"href":"https:\/\/emarketeer.com\/da\/wp-json\/wp\/v2\/pages\/19005","targetHints":{"allow":["GET"]}}],"collection":[{"href":"https:\/\/emarketeer.com\/da\/wp-json\/wp\/v2\/pages"}],"about":[{"href":"https:\/\/emarketeer.com\/da\/wp-json\/wp\/v2\/types\/page"}],"author":[{"embeddable":true,"href":"https:\/\/emarketeer.com\/da\/wp-json\/wp\/v2\/users\/9"}],"replies":[{"embeddable":true,"href":"https:\/\/emarketeer.com\/da\/wp-json\/wp\/v2\/comments?post=19005"}],"version-history":[{"count":51,"href":"https:\/\/emarketeer.com\/da\/wp-json\/wp\/v2\/pages\/19005\/revisions"}],"predecessor-version":[{"id":19076,"href":"https:\/\/emarketeer.com\/da\/wp-json\/wp\/v2\/pages\/19005\/revisions\/19076"}],"wp:attachment":[{"href":"https:\/\/emarketeer.com\/da\/wp-json\/wp\/v2\/media?parent=19005"}],"curies":[{"name":"wp","href":"https:\/\/api.w.org\/{rel}","templated":true}]}}