{"id":2092,"date":"2021-10-05T06:10:08","date_gmt":"2021-10-05T06:10:08","guid":{"rendered":"https:\/\/emarketeer.com\/?page_id=2092"},"modified":"2023-01-11T11:41:35","modified_gmt":"2023-01-11T11:41:35","slug":"privacy-policy","status":"publish","type":"page","link":"https:\/\/emarketeer.com\/da\/privacy-policy\/","title":{"rendered":"Fortrolighedspolitik"},"content":{"rendered":"<div data-elementor-type=\"wp-page\" data-elementor-id=\"2092\" class=\"elementor elementor-2092\" data-elementor-post-type=\"page\">\n\t\t\t\t\t\t<section class=\"elementor-section elementor-top-section elementor-element elementor-element-7375c18 elementor-section-content-middle elementor-section-boxed elementor-section-height-default elementor-section-height-default\" data-id=\"7375c18\" data-element_type=\"section\" data-e-type=\"section\">\n\t\t\t\t\t\t<div class=\"elementor-container elementor-column-gap-default\">\n\t\t\t\t\t<div class=\"elementor-column elementor-col-33 elementor-top-column elementor-element elementor-element-0de81f7\" data-id=\"0de81f7\" data-element_type=\"column\" data-e-type=\"column\">\n\t\t\t<div class=\"elementor-widget-wrap elementor-element-populated\">\n\t\t\t\t\t\t<div class=\"elementor-element elementor-element-a065da0 elementor-widget elementor-widget-image\" data-id=\"a065da0\" data-element_type=\"widget\" data-e-type=\"widget\" data-widget_type=\"image.default\">\n\t\t\t\t<div class=\"elementor-widget-container\">\n\t\t\t\t\t\t\t\t\t\t\t\t\t\t\t<img decoding=\"async\" width=\"280\" height=\"75\" src=\"https:\/\/emarketeer.com\/wp-content\/uploads\/2018\/09\/58CF038F-2622-4D58-A9BD-368107ECE0F3__emlogo_onlight_3000_newnewred_brandguide-1-e1538056857279.png\" class=\"attachment-th_img_xs size-th_img_xs wp-image-1105\" alt=\"\" \/>\t\t\t\t\t\t\t\t\t\t\t\t\t\t\t<\/div>\n\t\t\t\t<\/div>\n\t\t\t\t\t<\/div>\n\t\t<\/div>\n\t\t\t\t<div class=\"elementor-column elementor-col-33 elementor-top-column elementor-element elementor-element-fbf0710\" data-id=\"fbf0710\" data-element_type=\"column\" data-e-type=\"column\">\n\t\t\t<div class=\"elementor-widget-wrap elementor-element-populated\">\n\t\t\t\t\t\t<div class=\"elementor-element elementor-element-a593300 elementor-nav-menu__align-center elementor-nav-menu--dropdown-tablet elementor-nav-menu__text-align-aside elementor-nav-menu--toggle elementor-nav-menu--burger elementor-widget elementor-widget-nav-menu\" data-id=\"a593300\" data-element_type=\"widget\" data-e-type=\"widget\" data-settings=\"{&quot;layout&quot;:&quot;horizontal&quot;,&quot;submenu_icon&quot;:{&quot;value&quot;:&quot;&lt;i class=\\&quot;fas fa-caret-down\\&quot;&gt;&lt;\\\/i&gt;&quot;,&quot;library&quot;:&quot;fa-solid&quot;},&quot;toggle&quot;:&quot;burger&quot;}\" data-widget_type=\"nav-menu.default\">\n\t\t\t\t<div class=\"elementor-widget-container\">\n\t\t\t\t\t\t\t\t<nav aria-label=\"Menu\" class=\"elementor-nav-menu--main elementor-nav-menu__container elementor-nav-menu--layout-horizontal e--pointer-underline e--animation-fade\">\n\t\t\t\t<ul id=\"menu-1-a593300\" class=\"elementor-nav-menu\"><li class=\"menu-item menu-item-type-custom menu-item-object-custom menu-item-has-children menu-item-20030\"><a href=\"#\" class=\"elementor-item elementor-item-anchor\">Produkter<\/a>\n<ul class=\"sub-menu elementor-nav-menu--dropdown\">\n\t<li class=\"menu-item menu-item-type-post_type menu-item-object-page menu-item-20031\"><a href=\"https:\/\/emarketeer.com\/da\/products\/\" class=\"elementor-sub-item\">Produkt oversigt<\/a><\/li>\n\t<li class=\"menu-item menu-item-type-post_type menu-item-object-page menu-item-20039\"><a href=\"https:\/\/emarketeer.com\/da\/marketing-cloud\/\" class=\"elementor-sub-item\">Marketing Cloud<\/a><\/li>\n\t<li class=\"menu-item menu-item-type-post_type menu-item-object-page menu-item-20322\"><a href=\"https:\/\/emarketeer.com\/da\/lead-management\/\" class=\"elementor-sub-item\">Lead Management<\/a><\/li>\n\t<li class=\"menu-item menu-item-type-post_type menu-item-object-page menu-item-23379\"><a href=\"https:\/\/emarketeer.com\/da\/integrations\/\" class=\"elementor-sub-item\">Integrationer<\/a><\/li>\n<\/ul>\n<\/li>\n<li class=\"menu-item menu-item-type-post_type menu-item-object-page menu-item-19328\"><a href=\"https:\/\/emarketeer.com\/da\/customers\/\" class=\"elementor-item\">Kunder<\/a><\/li>\n<li class=\"menu-item menu-item-type-post_type menu-item-object-page menu-item-17714\"><a href=\"https:\/\/emarketeer.com\/da\/webinars\/\" class=\"elementor-item\">Webinarer<\/a><\/li>\n<li class=\"menu-item menu-item-type-post_type menu-item-object-page menu-item-17781\"><a href=\"https:\/\/emarketeer.com\/da\/pricing\/\" class=\"elementor-item\">Priss\u00e6tning<\/a><\/li>\n<li class=\"menu-item menu-item-type-custom menu-item-object-custom menu-item-has-children menu-item-19154\"><a href=\"#\" class=\"elementor-item elementor-item-anchor\">Om os<\/a>\n<ul class=\"sub-menu elementor-nav-menu--dropdown\">\n\t<li class=\"menu-item menu-item-type-post_type menu-item-object-page menu-item-23958\"><a href=\"https:\/\/emarketeer.com\/da\/blog\/\" class=\"elementor-sub-item\">Nyheder og blog<\/a><\/li>\n\t<li class=\"menu-item menu-item-type-post_type menu-item-object-page menu-item-16988\"><a href=\"https:\/\/emarketeer.com\/da\/contact\/\" class=\"elementor-sub-item\">Kontakt<\/a><\/li>\n\t<li class=\"menu-item menu-item-type-post_type menu-item-object-post menu-item-22275\"><a href=\"https:\/\/emarketeer.com\/da\/news\/newoffice\/\" class=\"elementor-sub-item\">Vores kontor<\/a><\/li>\n\t<li class=\"menu-item menu-item-type-post_type menu-item-object-page menu-item-19873\"><a href=\"https:\/\/emarketeer.com\/da\/management\/\" class=\"elementor-sub-item\">Ledelsesteam<\/a><\/li>\n<\/ul>\n<\/li>\n<\/ul>\t\t\t<\/nav>\n\t\t\t\t\t<div class=\"elementor-menu-toggle\" role=\"button\" tabindex=\"0\" aria-label=\"Menuskift\" aria-expanded=\"false\">\n\t\t\t<i aria-hidden=\"true\" role=\"presentation\" class=\"elementor-menu-toggle__icon--open eicon-menu-bar\"><\/i><i aria-hidden=\"true\" role=\"presentation\" class=\"elementor-menu-toggle__icon--close eicon-close\"><\/i>\t\t<\/div>\n\t\t\t\t\t<nav class=\"elementor-nav-menu--dropdown elementor-nav-menu__container\" aria-hidden=\"true\">\n\t\t\t\t<ul id=\"menu-2-a593300\" class=\"elementor-nav-menu\"><li class=\"menu-item menu-item-type-custom menu-item-object-custom menu-item-has-children menu-item-20030\"><a href=\"#\" class=\"elementor-item elementor-item-anchor\" tabindex=\"-1\">Produkter<\/a>\n<ul class=\"sub-menu elementor-nav-menu--dropdown\">\n\t<li class=\"menu-item menu-item-type-post_type menu-item-object-page menu-item-20031\"><a href=\"https:\/\/emarketeer.com\/da\/products\/\" class=\"elementor-sub-item\" tabindex=\"-1\">Produkt oversigt<\/a><\/li>\n\t<li class=\"menu-item menu-item-type-post_type menu-item-object-page menu-item-20039\"><a href=\"https:\/\/emarketeer.com\/da\/marketing-cloud\/\" class=\"elementor-sub-item\" tabindex=\"-1\">Marketing Cloud<\/a><\/li>\n\t<li class=\"menu-item menu-item-type-post_type menu-item-object-page menu-item-20322\"><a href=\"https:\/\/emarketeer.com\/da\/lead-management\/\" class=\"elementor-sub-item\" tabindex=\"-1\">Lead Management<\/a><\/li>\n\t<li class=\"menu-item menu-item-type-post_type menu-item-object-page menu-item-23379\"><a href=\"https:\/\/emarketeer.com\/da\/integrations\/\" class=\"elementor-sub-item\" tabindex=\"-1\">Integrationer<\/a><\/li>\n<\/ul>\n<\/li>\n<li class=\"menu-item menu-item-type-post_type menu-item-object-page menu-item-19328\"><a href=\"https:\/\/emarketeer.com\/da\/customers\/\" class=\"elementor-item\" tabindex=\"-1\">Kunder<\/a><\/li>\n<li class=\"menu-item menu-item-type-post_type menu-item-object-page menu-item-17714\"><a href=\"https:\/\/emarketeer.com\/da\/webinars\/\" class=\"elementor-item\" tabindex=\"-1\">Webinarer<\/a><\/li>\n<li class=\"menu-item menu-item-type-post_type menu-item-object-page menu-item-17781\"><a href=\"https:\/\/emarketeer.com\/da\/pricing\/\" class=\"elementor-item\" tabindex=\"-1\">Priss\u00e6tning<\/a><\/li>\n<li class=\"menu-item menu-item-type-custom menu-item-object-custom menu-item-has-children menu-item-19154\"><a href=\"#\" class=\"elementor-item elementor-item-anchor\" tabindex=\"-1\">Om os<\/a>\n<ul class=\"sub-menu elementor-nav-menu--dropdown\">\n\t<li class=\"menu-item menu-item-type-post_type menu-item-object-page menu-item-23958\"><a href=\"https:\/\/emarketeer.com\/da\/blog\/\" class=\"elementor-sub-item\" tabindex=\"-1\">Nyheder og blog<\/a><\/li>\n\t<li class=\"menu-item menu-item-type-post_type menu-item-object-page menu-item-16988\"><a href=\"https:\/\/emarketeer.com\/da\/contact\/\" class=\"elementor-sub-item\" tabindex=\"-1\">Kontakt<\/a><\/li>\n\t<li class=\"menu-item menu-item-type-post_type menu-item-object-post menu-item-22275\"><a href=\"https:\/\/emarketeer.com\/da\/news\/newoffice\/\" class=\"elementor-sub-item\" tabindex=\"-1\">Vores kontor<\/a><\/li>\n\t<li class=\"menu-item menu-item-type-post_type menu-item-object-page menu-item-19873\"><a href=\"https:\/\/emarketeer.com\/da\/management\/\" class=\"elementor-sub-item\" tabindex=\"-1\">Ledelsesteam<\/a><\/li>\n<\/ul>\n<\/li>\n<\/ul>\t\t\t<\/nav>\n\t\t\t\t\t\t<\/div>\n\t\t\t\t<\/div>\n\t\t\t\t\t<\/div>\n\t\t<\/div>\n\t\t\t\t<div class=\"elementor-column elementor-col-33 elementor-top-column elementor-element elementor-element-e766722\" data-id=\"e766722\" data-element_type=\"column\" data-e-type=\"column\">\n\t\t\t<div class=\"elementor-widget-wrap\">\n\t\t\t\t\t\t\t<\/div>\n\t\t<\/div>\n\t\t\t\t\t<\/div>\n\t\t<\/section>\n\t\t\t\t<section class=\"elementor-section elementor-top-section elementor-element elementor-element-4023ae8 elementor-section-height-min-height elementor-section-boxed elementor-section-height-default elementor-section-items-middle\" data-id=\"4023ae8\" data-element_type=\"section\" data-e-type=\"section\" data-settings=\"{&quot;background_background&quot;:&quot;classic&quot;,&quot;shape_divider_bottom&quot;:&quot;waves&quot;}\">\n\t\t\t\t\t\t\t<div class=\"elementor-background-overlay\"><\/div>\n\t\t\t\t\t\t<div class=\"elementor-shape elementor-shape-bottom\" aria-hidden=\"true\" data-negative=\"false\">\n\t\t\t<svg xmlns=\"http:\/\/www.w3.org\/2000\/svg\" viewbox=\"0 0 1000 100\" preserveaspectratio=\"none\">\n\t<path class=\"elementor-shape-fill\" d=\"M421.9,6.5c22.6-2.5,51.5,0.4,75.5,5.3c23.6,4.9,70.9,23.5,100.5,35.7c75.8,32.2,133.7,44.5,192.6,49.7\tc23.6,2.1,48.7,3.5,103.4-2.5c54.7-6,106.2-25.6,106.2-25.6V0H0v30.3c0,0,72,32.6,158.4,30.5c39.2-0.7,92.8-6.7,134-22.4\tc21.2-8.1,52.2-18.2,79.7-24.2C399.3,7.9,411.6,7.5,421.9,6.5z\"\/>\n<\/svg>\t\t<\/div>\n\t\t\t\t\t<div class=\"elementor-container elementor-column-gap-default\">\n\t\t\t\t\t<div class=\"elementor-column elementor-col-100 elementor-top-column elementor-element elementor-element-39e6e24\" data-id=\"39e6e24\" data-element_type=\"column\" data-e-type=\"column\">\n\t\t\t<div class=\"elementor-widget-wrap elementor-element-populated\">\n\t\t\t\t\t\t<div class=\"elementor-element elementor-element-8e6369e elementor-widget elementor-widget-spacer\" data-id=\"8e6369e\" data-element_type=\"widget\" data-e-type=\"widget\" data-widget_type=\"spacer.default\">\n\t\t\t\t<div class=\"elementor-widget-container\">\n\t\t\t\t\t\t\t<div class=\"elementor-spacer\">\n\t\t\t<div class=\"elementor-spacer-inner\"><\/div>\n\t\t<\/div>\n\t\t\t\t\t\t<\/div>\n\t\t\t\t<\/div>\n\t\t\t\t<div class=\"elementor-element elementor-element-8fbba27 elementor-view-default elementor-position-top elementor-widget elementor-widget-themo-header\" data-id=\"8fbba27\" data-element_type=\"widget\" data-e-type=\"widget\" data-widget_type=\"themo-header.default\">\n\t\t\t\t<div class=\"elementor-widget-container\">\n\t\t\t\t\t\t\t<div class=\"th-header-wrap\">\n        <div class=\"elementor-icon-box-wrapper\">\n                            <div class=\"elementor-icon-box-content\">\n                    <h1 class=\"elementor-icon-box-title\">\n                        Fortrolighedspolitik                    <\/h1>\n                                        <p class=\"elementor-icon-box-description\"><\/p>\n\n                                    <\/div>\n            <\/div>\n\n        <\/div>\n\n\t\t\t\t\t\t<\/div>\n\t\t\t\t<\/div>\n\t\t\t\t\t<\/div>\n\t\t<\/div>\n\t\t\t\t\t<\/div>\n\t\t<\/section>\n\t\t\t\t<section class=\"elementor-section elementor-top-section elementor-element elementor-element-483be185 elementor-section-boxed elementor-section-height-default elementor-section-height-default\" data-id=\"483be185\" data-element_type=\"section\" data-e-type=\"section\">\n\t\t\t\t\t\t<div class=\"elementor-container elementor-column-gap-default\">\n\t\t\t\t\t<div class=\"elementor-column elementor-col-100 elementor-top-column elementor-element elementor-element-70fc28a2\" data-id=\"70fc28a2\" data-element_type=\"column\" data-e-type=\"column\">\n\t\t\t<div class=\"elementor-widget-wrap elementor-element-populated\">\n\t\t\t\t\t\t<div class=\"elementor-element elementor-element-7e8ed6c7 elementor-widget elementor-widget-text-editor\" data-id=\"7e8ed6c7\" data-element_type=\"widget\" data-e-type=\"widget\" data-widget_type=\"text-editor.default\">\n\t\t\t\t<div class=\"elementor-widget-container\">\n\t\t\t\t\t\t\t\t\t<p style=\"text-align: center;\">Version 1.1<\/p><p style=\"text-align: center;\">Sidst \u00e6ndret 2018-04-25.<\/p><h3><strong>Overholdelse af lovgivningen\u00a0<\/strong><\/h3><p>eMarketeer f\u00f8lger de lovkrav, EU har givet i EUROPA-PARLAMENTETS OG R\u00c5DETS FORORDNING (EU) 2016\/679 af 27. april 2016 om beskyttelse af personer i forbindelse med behandling af personoplysninger og om fri udveksling af s\u00e5danne data. , og oph\u00e6velse af DIREKTIV 95\/46\/EF (General Data Protection Regulation \u2013 GDPR). USA-baserede tjenester er certificeret under EU-US Privacy Shield Framework og\/eller US \u2013 Swiss Safe Harbor Framework. Alle data gemmes i Europa.<\/p><h2>\u00a0<\/h2><h3><strong>eMarketeer Generelle principper og styring<\/strong><\/h3><p><strong><br \/>Databehandleraftaler<br \/><\/strong>Databehandleraftaler underskrives mellem eMarketeer og Kunden. Databehandleraftalens form\u00e5l er at regulere eMarketeer&#039;s behandling af personoplysninger p\u00e5 vegne af Kunden ved brug af eMarketers applikationer. Aftaler om underdatabehandling er underskrevet mellem eMarketeer og underbehandlere.<\/p><p><strong>Hvilke oplysninger indsamler vi?<br \/><\/strong>Under registreringen af kunder indsamler vi oplysninger som firmanavn, brugernavn, e-mail, adresse, lokation og telefonnummer. Google bruger som tredjepartsleverand\u00f8r cookies til at vise annoncer p\u00e5 dit websted. Googles brug af DART-cookien g\u00f8r det muligt for dem at vise annoncer til dine brugere baseret p\u00e5 deres bes\u00f8g p\u00e5 dine websteder og andre websteder p\u00e5 internettet. Brugere kan frav\u00e6lge brugen af DART-cookien ved at bes\u00f8ge Googles annonce- og indholdsnetv\u00e6rks privatlivspolitik.<\/p><h4>\u00a0<\/h4><p><strong>Hvad bruger vi dine oplysninger til?<br \/><\/strong>Enhver af de oplysninger, vi indsamler fra dig, kan bruges p\u00e5 en af f\u00f8lgende m\u00e5der:<\/p><ul><li>At behandle transaktioner<\/li><li>Til kundeidentifikation<\/li><li>For at kontakte kunden, hvis der skulle v\u00e6re et problem med konto.<\/li><li>For at administrere en konkurrence, promovering, unders\u00f8gelse eller anden sidefunktion<\/li><li>At sende periodiske e-mails om produktudgivelser og andre relevante eMarketeer-oplysninger<\/li><\/ul><p>Den e-mailadresse, du angiver til ordrebehandling, vil kun blive brugt til at sende dig oplysninger og opdateringer vedr\u00f8rende din ordre. Dine oplysninger, uanset om de er offentlige eller private, vil ikke blive solgt, udvekslet, overf\u00f8rt eller givet til nogen anden virksomhed af nogen som helst grund uden dit samtykke, bortset fra det udtrykkelige form\u00e5l at levere det k\u00f8bte produkt eller den \u00f8nskede tjeneste.<\/p><p>\u00a0<\/p><p><strong>Risikostyring<br \/><\/strong>Der gennemf\u00f8res en samlet risikovurdering i forhold til informationsobjekter, som opdateres en gang \u00e5rligt. eMarketeer tilgang til sikkerhed er baseret p\u00e5 risikovurderinger i henhold til artikel 24 i EU&#039;s generelle databeskyttelsesforordning (EU-GDPR) og IKT-forordningerne \u00a73.<\/p><p>\u00a0<\/p><p><strong>Informationsklassificering og kontrol<br \/><\/strong>Det er vigtigt for eMarketeer, at brud p\u00e5 fortrolighed og utilstr\u00e6kkelig informationsintegritet ikke forekommer. Det er derfor vigtigt, at vi beskytter oplysninger ud fra deres kritikalitet. Alle hovedoplysninger og aktiver registreres og tildeles en udpeget ejer. Oplysningerne er klassificeret for at muligg\u00f8re anvendelsen af n\u00f8dvendige og passende sikkerhedskontroller. Informationsejeren er ansvarlig for vedligeholdelse og at der udf\u00f8res kontroller og forbedringer. Enhver information, der er gemt i eMarketeer-applikationer, behandles fortroligt og videregives eller s\u00e6lges ikke til nogen tredjepart. Alle oplysninger opbevares sikkert og kan kun tilg\u00e5s af kunden og betroet eMarketeer-personale til webstedsadministration.<\/p><p>\u00a0<\/p><p><strong>Hvor l\u00e6nge vil oplysninger blive opbevaret?<br \/><\/strong>Oplysninger vil ikke blive opbevaret l\u00e6ngere end n\u00f8dvendigt til de form\u00e5l, som oplysningerne behandles til.<\/p><p>\u00a0<\/p><p><strong>Rettigheder og kontaktoplysninger<br \/><\/strong>Efter anmodning vil vores databeskyttelsesansvarlige give dig information om, hvorvidt og hvilke personoplysninger vi opbevarer i relation til dig. Skulle dine personoplysninger v\u00e6re forkerte, kan du f\u00e5 dem rettet. Du kan ogs\u00e5 tilbagekalde dit samtykke til at bruge dine personlige data i fremtiden, helt eller delvist, eller anmode om sletning af dine personlige data. Du kan bede om at f\u00e5 eksporteret dine data i et velkendt format. Du er velkommen til at rette s\u00e5danne anmodninger eller andre sp\u00f8rgsm\u00e5l og kommentarer vedr\u00f8rende denne privatlivspolitik eller eMarketeer&#039;s privatlivspraksis til vores databeskyttelsesansvarlige p\u00e5 e-mailadressen <a href=\"mailto:privacy@emarketeer.com\">privacy@emarketeer.com<\/a> .<\/p><p>\u00a0<\/p><p><strong>Hvordan beskytter vi dine oplysninger?<br \/><\/strong>Vi tilbyder brug af en sikker server. Alle leverede f\u00f8lsomme\/kreditoplysninger overf\u00f8res via Secure Socket Layer (SSL) teknologi og krypteres derefter i vores betalingsgateway-udbyderes database. Kun dem, der er autoriseret med s\u00e6rlige adgangsrettigheder, vil have adgang til s\u00e5danne systemer og er forpligtet til at holde oplysningerne fortrolige. Efter en transaktion vil dine private oplysninger (kreditkort, cpr-numre, \u00f8konomi osv.) ikke blive gemt p\u00e5 vores servere.<\/p><p>\u00a0<\/p><p><strong>Bruger vi cookies?<br \/><\/strong>Ja. Cookies er sm\u00e5 filer, som et websted eller dets tjenesteudbyder overf\u00f8rer til din computers harddisk via din webbrowser (hvis du tillader det), som g\u00f8r det muligt for webstederne eller tjenesteudbyderens systemer at genkende din browser og gemme visse oplysninger. Vi bruger cookies til at kompilere samlede data om webstedstrafik og webstedsinteraktion, s\u00e5 vi kan tilbyde bedre webstedsoplevelser og v\u00e6rkt\u00f8jer i fremtiden.<\/p><p>\u00a0<\/p><p><strong>Videregiver vi oplysninger til eksterne parter?<br \/><\/strong>Vi hverken s\u00e6lger, handler eller p\u00e5 anden m\u00e5de overf\u00f8rer dine personligt identificerbare oplysninger til eksterne parter. Dette inkluderer ikke betroede tredjeparter, som hj\u00e6lper os med at drive vores hjemmeside, drive vores forretning eller servicere dig, s\u00e5 l\u00e6nge disse parter er enige om at holde disse oplysninger fortrolige. Vi kan ogs\u00e5 frigive dine oplysninger, n\u00e5r vi mener, at frigivelse er passende for at overholde loven, h\u00e5ndh\u00e6ve vores webstedspolitikker eller beskytte vores eller andres rettigheder, ejendom eller sikkerhed. Ikke-personligt identificerbare bes\u00f8gsoplysninger kan dog gives til andre parter til markedsf\u00f8ring, annoncering eller anden brug.<\/p><p>\u00a0<\/p><p><strong>Overholdelse af California Online Privacy Protection Act<br \/><\/strong>Fordi vi v\u00e6rds\u00e6tter dit privatliv, har vi taget de n\u00f8dvendige forholdsregler for at v\u00e6re i overensstemmelse med California Online Privacy Protection Act. Vi vil derfor ikke distribuere dine personlige oplysninger til eksterne parter uden dit samtykke.<\/p><p>\u00a0<\/p><p><strong>Overholdelse af Children&#039;s Online Privacy Protection Act<br \/><\/strong>Vi er i overensstemmelse med kravene i COPPA (Children&#039;s Online Privacy Protection Act) og indsamler ingen oplysninger fra nogen under 13 \u00e5r. Vores hjemmeside, produkter og tjenester er alle rettet til personer, der er mindst 13 \u00e5r eller \u00e6ldre.<\/p><p>\u00a0<\/p><p><strong>Dit samtykke<br \/><\/strong>N\u00e5r nogen udfylder vores formular (i begivenheder som f.eks. registrering til marketingkommunikation, demo-anmodninger eller download af marketingindhold osv.), skal der gives samtykke til at behandle disse oplysninger. Dette samtykke kan til enhver tid tr\u00e6kkes tilbage.<\/p><p>\u00a0<\/p><p><strong>\u00c6ndringer i vores privatlivspolitik<br \/><\/strong>Hvis vi beslutter at \u00e6ndre vores privatlivspolitik, vil vi offentligg\u00f8re disse \u00e6ndringer p\u00e5 denne side. <a href=\"\/da\/?page_id=933\">http:\/\/www.emarketeer.com\/about\/privacy-policy\/<\/a>. Denne politik blev senest \u00e6ndret 2018-04-25<\/p><p>\u00a0<\/p><p><strong>Kontakt os<br \/><\/strong>Hvis der er sp\u00f8rgsm\u00e5l vedr\u00f8rende denne privatlivspolitik, kan du kontakte os ved hj\u00e6lp af oplysningerne nedenfor.<\/p><p>\u00a0<\/p><p>eMarketeer AB<br \/>Sundbybergs torg 1<br \/>172 67 Sundbyberg, Sverige<br \/>info@emarketeer.com<br \/><a href=\"https:\/\/emarketeer.com\/da\/\">www.emarketeer.com <\/a><br \/>(+46) 8-764 46 00<\/p>\t\t\t\t\t\t\t\t<\/div>\n\t\t\t\t<\/div>\n\t\t\t\t\t<\/div>\n\t\t<\/div>\n\t\t\t\t\t<\/div>\n\t\t<\/section>\n\t\t\t\t<\/div>","protected":false},"excerpt":{"rendered":"<p>Fortrolighedspolitik Version 1.1 Sidst \u00e6ndret 2018-04-25. Overholdelse af lovgivningen eMarketeer f\u00f8lger de juridiske krav, der er fastsat af EU i EUROPA-PARLAMENTETS OG R\u00c5DETS FORORDNING (EU) 2016\/679 af 27. april 2016 om beskyttelse af personer med ... <a href=\"https:\/\/emarketeer.com\/da\/privacy-policy\/\">L\u00e6s mere<\/a><\/p>","protected":false},"author":3,"featured_media":0,"parent":0,"menu_order":23,"comment_status":"closed","ping_status":"closed","template":"elementor_canvas","meta":{"footnotes":""},"class_list":["post-2092","page","type-page","status-publish","hentry"],"_links":{"self":[{"href":"https:\/\/emarketeer.com\/da\/wp-json\/wp\/v2\/pages\/2092","targetHints":{"allow":["GET"]}}],"collection":[{"href":"https:\/\/emarketeer.com\/da\/wp-json\/wp\/v2\/pages"}],"about":[{"href":"https:\/\/emarketeer.com\/da\/wp-json\/wp\/v2\/types\/page"}],"author":[{"embeddable":true,"href":"https:\/\/emarketeer.com\/da\/wp-json\/wp\/v2\/users\/3"}],"replies":[{"embeddable":true,"href":"https:\/\/emarketeer.com\/da\/wp-json\/wp\/v2\/comments?post=2092"}],"version-history":[{"count":76,"href":"https:\/\/emarketeer.com\/da\/wp-json\/wp\/v2\/pages\/2092\/revisions"}],"predecessor-version":[{"id":19004,"href":"https:\/\/emarketeer.com\/da\/wp-json\/wp\/v2\/pages\/2092\/revisions\/19004"}],"wp:attachment":[{"href":"https:\/\/emarketeer.com\/da\/wp-json\/wp\/v2\/media?parent=2092"}],"curies":[{"name":"wp","href":"https:\/\/api.w.org\/{rel}","templated":true}]}}