{"id":17737,"date":"2022-07-20T13:26:07","date_gmt":"2022-07-20T13:26:07","guid":{"rendered":"https:\/\/temp.emarketeer.com\/?page_id=17737"},"modified":"2023-01-11T11:41:30","modified_gmt":"2023-01-11T11:41:30","slug":"eula","status":"publish","type":"page","link":"https:\/\/emarketeer.com\/de\/eula\/","title":{"rendered":"Endbenutzer-Lizenzvereinbarung"},"content":{"rendered":"<div data-elementor-type=\"wp-page\" data-elementor-id=\"17737\" class=\"elementor elementor-17737\" data-elementor-post-type=\"page\">\n\t\t\t\t\t\t<section class=\"elementor-section elementor-top-section elementor-element elementor-element-5bb2f7e0 elementor-section-height-min-height elementor-section-boxed elementor-section-height-default elementor-section-items-middle\" data-id=\"5bb2f7e0\" data-element_type=\"section\" data-e-type=\"section\" data-settings=\"{&quot;background_background&quot;:&quot;gradient&quot;,&quot;shape_divider_bottom&quot;:&quot;waves&quot;}\">\n\t\t\t\t\t\t\t<div class=\"elementor-background-overlay\"><\/div>\n\t\t\t\t\t\t<div class=\"elementor-shape elementor-shape-bottom\" aria-hidden=\"true\" data-negative=\"false\">\n\t\t\t<svg xmlns=\"http:\/\/www.w3.org\/2000\/svg\" viewbox=\"0 0 1000 100\" preserveaspectratio=\"none\">\n\t<path class=\"elementor-shape-fill\" d=\"M421.9,6.5c22.6-2.5,51.5,0.4,75.5,5.3c23.6,4.9,70.9,23.5,100.5,35.7c75.8,32.2,133.7,44.5,192.6,49.7\tc23.6,2.1,48.7,3.5,103.4-2.5c54.7-6,106.2-25.6,106.2-25.6V0H0v30.3c0,0,72,32.6,158.4,30.5c39.2-0.7,92.8-6.7,134-22.4\tc21.2-8.1,52.2-18.2,79.7-24.2C399.3,7.9,411.6,7.5,421.9,6.5z\"\/>\n<\/svg>\t\t<\/div>\n\t\t\t\t\t<div class=\"elementor-container elementor-column-gap-default\">\n\t\t\t\t\t<div class=\"elementor-column elementor-col-100 elementor-top-column elementor-element elementor-element-b558998\" data-id=\"b558998\" data-element_type=\"column\" data-e-type=\"column\">\n\t\t\t<div class=\"elementor-widget-wrap elementor-element-populated\">\n\t\t\t\t\t\t<div class=\"elementor-element elementor-element-7124f273 elementor-widget elementor-widget-spacer\" data-id=\"7124f273\" data-element_type=\"widget\" data-e-type=\"widget\" data-widget_type=\"spacer.default\">\n\t\t\t\t<div class=\"elementor-widget-container\">\n\t\t\t\t\t\t\t<div class=\"elementor-spacer\">\n\t\t\t<div class=\"elementor-spacer-inner\"><\/div>\n\t\t<\/div>\n\t\t\t\t\t\t<\/div>\n\t\t\t\t<\/div>\n\t\t\t\t<div class=\"elementor-element elementor-element-3242620 elementor-view-default elementor-position-top elementor-widget elementor-widget-themo-header\" data-id=\"3242620\" data-element_type=\"widget\" data-e-type=\"widget\" data-widget_type=\"themo-header.default\">\n\t\t\t\t<div class=\"elementor-widget-container\">\n\t\t\t\t\t\t\t<div class=\"th-header-wrap\">\n        <div class=\"elementor-icon-box-wrapper\">\n                            <div class=\"elementor-icon-box-content\">\n                    <h1 class=\"elementor-icon-box-title\">\n                        Endbenutzer-Lizenzvereinbarung                    <\/h1>\n                                        <p class=\"elementor-icon-box-description\">Version 2017-12-01<\/p>\n\n                                    <\/div>\n            <\/div>\n\n        <\/div>\n\n\t\t\t\t\t\t<\/div>\n\t\t\t\t<\/div>\n\t\t\t\t\t<\/div>\n\t\t<\/div>\n\t\t\t\t\t<\/div>\n\t\t<\/section>\n\t\t\t\t<section class=\"elementor-section elementor-top-section elementor-element elementor-element-1d894c1b elementor-section-boxed elementor-section-height-default elementor-section-height-default\" data-id=\"1d894c1b\" data-element_type=\"section\" data-e-type=\"section\">\n\t\t\t\t\t\t<div class=\"elementor-container elementor-column-gap-default\">\n\t\t\t\t\t<div class=\"elementor-column elementor-col-100 elementor-top-column elementor-element elementor-element-218bface\" data-id=\"218bface\" data-element_type=\"column\" data-e-type=\"column\">\n\t\t\t<div class=\"elementor-widget-wrap elementor-element-populated\">\n\t\t\t\t\t\t<div class=\"elementor-element elementor-element-608ad95f elementor-widget elementor-widget-text-editor\" data-id=\"608ad95f\" data-element_type=\"widget\" data-e-type=\"widget\" data-widget_type=\"text-editor.default\">\n\t\t\t\t<div class=\"elementor-widget-container\">\n\t\t\t\t\t\t\t\t\t<p><strong>Durch diese Benutzerverpflichtung m\u00f6chte eMarketeer AB seine Kunden und sich selbst vor Handlungen sch\u00fctzen, die allen Parteien schaden k\u00f6nnten.<br \/><\/strong><br \/>Ich best\u00e4tige als Einzelnutzer des Softwarekonzepts eMarketeer gegen\u00fcber meinem Arbeitgeber und eMarketeer AB, (org. nr 556631-4497), dass mir dieser Inhalt bekannt ist und dass ich Folgendes genehmige, akzeptiere und daf\u00fcr verantwortlich bin:<\/p><h4>1. Rechte des Kunden<\/h4><p>1.1 Die Nutzung von eMarkeer erfordert eine pers\u00f6nliche Registrierung und Anmeldung durch mich als Nutzer. Ich verpflichte mich, alle Gebrauchsanweisungen und Sicherheitshinweise von eMarkeer zu befolgen.<\/p><p>1.2 Ich darf eMarkeer nicht f\u00fcr Verkaufs\u00fcbertragungen oder Serviceb\u00fcros verwenden oder zulassen, \u00c4nderungen, Erg\u00e4nzungen oder Verbesserungen an eMarkeer vornehmen oder Reverse Engineering, Disassemblierung oder Dekompilierung davon veranlassen oder zulassen. Urheberrechte und alle anderen Rechte an \u00c4nderungen des Dienstes stehen eMarketeer ohne gesonderte Verg\u00fctung zu.<\/p><h4>2. Arbeitsablauf<\/h4><p>2.1 Die Nutzung von eMarketeer erfolgt durch ein eindeutiges Login, das von eMarkeer nach Registrierung der Kundeninformationen bereitgestellt wird.<\/p><h4>3. Ber\u00fccksichtigung von Informationen<\/h4><p>3.1 Ich, der Nutzer, verwalte die personenbezogenen Daten, die zur Verwendung in eMarketeer vorhanden sind, und bin verantwortlich daf\u00fcr, dass die Datenbank gem\u00e4\u00df der Datenschutz-Grundverordnung (DSGVO) implementiert wird.<\/p><h4>4. Geheimhaltung<\/h4><p>4.1 Ich verpflichte mich, mich nach besten Kr\u00e4ften zu bem\u00fchen, dass alle Gesch\u00e4ftsinformationen, die von einer Partei an die andere im Zusammenhang mit dem Vertrag weitergegeben werden, als vertrauliche Informationen behandelt werden, es sei denn, diese Informationen sind ohne Verschulden der anderen Partei Teil der \u00d6ffentlichkeit oder werden sp\u00e4ter Teil davon Partei oder sp\u00e4ter von der anderen Partei aus unabh\u00e4ngigen Quellen erhalten wurden, die frei von jeglicher Geheimhaltungspflicht sind.<\/p><p>4.2 Ich verpflichte mich sicherzustellen, dass mein Benutzername und mein Passwort sicher aufbewahrt werden, nur von den vorgesehenen Benutzern verwendet werden und nicht in die H\u00e4nde von unbefugten Benutzern gelangen.<\/p><h4>5. Richtlinie zur Nutzung von eMarkeer<\/h4><p>Ein Kunde von eMarketeer darf eMarketeer-Dienste weder selbst noch einer anderen Partei missbr\u00e4uchlich, rechtswidrig oder betr\u00fcgerisch auf eine Weise nutzen, die Folgendes umfasst, aber nicht darauf beschr\u00e4nkt ist:<\/p><div><ul><li>eine Zielgruppe, Foren, Mailinglisten f\u00fcr E-Mail oder andere \u00e4hnliche Gruppenlisten zu haben und ihnen alles zu senden oder zu posten, was Beschwerden des Empf\u00e4ngers einer solchen unerw\u00fcnschten E-Mail hervorruft;<\/li><li>oder sogenanntes \u201eMail-Bombing und Spamming\u201c: zB das Versenden von gro\u00dfen Mengen unerw\u00fcnschter Nachrichten per E-Mail innerhalb kurzer Zeit an einen oder mehrere E-Mail-Konten;<\/li><li>oder um unerw\u00fcnschte E-Mails an mehrere Benutzer per E-Mail zu senden, wenn es vern\u00fcnftigerweise wahrscheinlich ist, dass die Nachricht bei einigen der Empf\u00e4nger Beschwerden hervorruft;<\/li><li>oder wenn ein nicht autorisierter Benutzer versucht, auf ein Konto oder eine Computerressource zuzugreifen, die nicht dem betreffenden Benutzer geh\u00f6rt;<\/li><li>oder vors\u00e4tzlich in irgendeiner Weise eMarkeer-Dienste zu erhalten oder zu versuchen, darauf zuzugreifen, ohne daf\u00fcr zu bezahlen;<\/li><li>oder in irgendeiner Weise unbefugter Versuch, Informationen herunterzuladen, zu \u00e4ndern oder zu zerst\u00f6ren, die einem eMarkeer-Kunden oder Endbenutzer geh\u00f6ren;<\/li><li>oder sich an Aktivit\u00e4ten zu beteiligen (z. B. Angriffe auf synchronisierte Zahlenfolgen), in dem Wissen, dass dies den Service f\u00fcr einen der Kunden von eMarkeer beeintr\u00e4chtigen wird;<\/li><li>oder illegal oder um illegale Aktivit\u00e4ten zu unterst\u00fctzen, die eMarkeer-Dienste nutzen,<\/li><li>oder um illegale Kopien von kommerzieller Software oder anderem urheberrechtlich gesch\u00fctztem Material zu verbreiten.<\/li><\/ul><\/div><p>eMarketeer-Kunden sind f\u00fcr die Dokumente ihrer Endbenutzer verantwortlich, und durch die Inanspruchnahme von Dienstleistungen von eMarketeer ist es Sache des Kunden, sicherzustellen, dass seine Endbenutzer diese Benutzerverpflichtung einhalten. Beschwerden \u00fcber einen Endbenutzer an einen eMarketeer-Kunden werden zur Bearbeitung an den entsprechenden Kundenvertragsmanager weitergeleitet.<\/p><p>Wenn eine inakzeptable Aktivit\u00e4t fortgesetzt wird, kann eMarketeer ohne Vorank\u00fcndigung die erforderlichen Ma\u00dfnahmen aussetzen oder ergreifen, die eMarketeer f\u00fcr die betreffenden Dienstleistungen oder Produkte f\u00fcr erforderlich h\u00e4lt. eMarkeer entsch\u00e4digt nicht f\u00fcr Unterbrechungen, die aufgrund von Verst\u00f6\u00dfen gegen diese Richtlinie aufgetreten sind.<\/p><p>eMarketeer wird mit anderen Anbietern von Internet- und Onlinediensten zusammenarbeiten, um Missbrauch zu verhindern und zu verhindern.<\/p>\t\t\t\t\t\t\t\t<\/div>\n\t\t\t\t<\/div>\n\t\t\t\t\t<\/div>\n\t\t<\/div>\n\t\t\t\t\t<\/div>\n\t\t<\/section>\n\t\t\t\t<\/div>","protected":false},"excerpt":{"rendered":"<p>Endbenutzer-Lizenzvertrag Version 2017-12-01 Mit dieser Selbstverpflichtung m\u00f6chte eMarketeer AB seine Kunden und sich selbst vor Handlungen sch\u00fctzen, die f\u00fcr alle Beteiligten sch\u00e4dlich sein k\u00f6nnten. eMarketeer AB best\u00e4tigt mir als Einzelbenutzer des Softwarekonzepts eMarketeer gegen\u00fcber ... <a href=\"https:\/\/emarketeer.com\/de\/eula\/\">Weiterlesen<\/a><\/p>","protected":false},"author":3,"featured_media":0,"parent":0,"menu_order":6,"comment_status":"closed","ping_status":"closed","template":"","meta":{"footnotes":""},"class_list":["post-17737","page","type-page","status-publish","hentry"],"_links":{"self":[{"href":"https:\/\/emarketeer.com\/de\/wp-json\/wp\/v2\/pages\/17737","targetHints":{"allow":["GET"]}}],"collection":[{"href":"https:\/\/emarketeer.com\/de\/wp-json\/wp\/v2\/pages"}],"about":[{"href":"https:\/\/emarketeer.com\/de\/wp-json\/wp\/v2\/types\/page"}],"author":[{"embeddable":true,"href":"https:\/\/emarketeer.com\/de\/wp-json\/wp\/v2\/users\/3"}],"replies":[{"embeddable":true,"href":"https:\/\/emarketeer.com\/de\/wp-json\/wp\/v2\/comments?post=17737"}],"version-history":[{"count":16,"href":"https:\/\/emarketeer.com\/de\/wp-json\/wp\/v2\/pages\/17737\/revisions"}],"predecessor-version":[{"id":17774,"href":"https:\/\/emarketeer.com\/de\/wp-json\/wp\/v2\/pages\/17737\/revisions\/17774"}],"wp:attachment":[{"href":"https:\/\/emarketeer.com\/de\/wp-json\/wp\/v2\/media?parent=17737"}],"curies":[{"name":"wp","href":"https:\/\/api.w.org\/{rel}","templated":true}]}}