{"id":19005,"date":"2022-08-16T10:01:50","date_gmt":"2022-08-16T10:01:50","guid":{"rendered":"https:\/\/emarketeer.com\/?page_id=19005"},"modified":"2023-01-11T11:41:34","modified_gmt":"2023-01-11T11:41:34","slug":"page-template-1","status":"publish","type":"page","link":"https:\/\/emarketeer.com\/de\/page-template-1\/","title":{"rendered":"Seite Vorlage 1"},"content":{"rendered":"<div data-elementor-type=\"wp-page\" data-elementor-id=\"19005\" class=\"elementor elementor-19005\" data-elementor-post-type=\"page\">\n\t\t\t\t\t\t<section class=\"elementor-section elementor-top-section elementor-element elementor-element-5a87f2f8 elementor-section-content-middle elementor-section-boxed elementor-section-height-default elementor-section-height-default\" data-id=\"5a87f2f8\" data-element_type=\"section\" data-e-type=\"section\">\n\t\t\t\t\t\t<div class=\"elementor-container elementor-column-gap-default\">\n\t\t\t\t\t<div class=\"elementor-column elementor-col-33 elementor-top-column elementor-element elementor-element-1146cece\" data-id=\"1146cece\" data-element_type=\"column\" data-e-type=\"column\">\n\t\t\t<div class=\"elementor-widget-wrap elementor-element-populated\">\n\t\t\t\t\t\t<div class=\"elementor-element elementor-element-7ab9576a elementor-widget elementor-widget-image\" data-id=\"7ab9576a\" data-element_type=\"widget\" data-e-type=\"widget\" data-widget_type=\"image.default\">\n\t\t\t\t<div class=\"elementor-widget-container\">\n\t\t\t\t\t\t\t\t\t\t\t\t\t\t\t\t<a href=\"\/de\/\">\n\t\t\t\t\t\t\t<img decoding=\"async\" width=\"280\" height=\"75\" src=\"https:\/\/emarketeer.com\/wp-content\/uploads\/2018\/09\/58CF038F-2622-4D58-A9BD-368107ECE0F3__emlogo_onlight_3000_newnewred_brandguide-1-e1538056857279.png\" class=\"attachment-th_img_xs size-th_img_xs wp-image-1105\" alt=\"\" \/>\t\t\t\t\t\t\t\t<\/a>\n\t\t\t\t\t\t\t\t\t\t\t\t\t\t\t<\/div>\n\t\t\t\t<\/div>\n\t\t\t\t\t<\/div>\n\t\t<\/div>\n\t\t\t\t<div class=\"elementor-column elementor-col-33 elementor-top-column elementor-element elementor-element-586601b4\" data-id=\"586601b4\" data-element_type=\"column\" data-e-type=\"column\">\n\t\t\t<div class=\"elementor-widget-wrap elementor-element-populated\">\n\t\t\t\t\t\t<div class=\"elementor-element elementor-element-6cb573e4 elementor-nav-menu__align-center elementor-nav-menu__text-align-center elementor-nav-menu--dropdown-tablet elementor-nav-menu--toggle elementor-nav-menu--burger elementor-widget elementor-widget-nav-menu\" data-id=\"6cb573e4\" data-element_type=\"widget\" data-e-type=\"widget\" data-settings=\"{&quot;layout&quot;:&quot;horizontal&quot;,&quot;submenu_icon&quot;:{&quot;value&quot;:&quot;&lt;i class=\\&quot;fas fa-caret-down\\&quot;&gt;&lt;\\\/i&gt;&quot;,&quot;library&quot;:&quot;fa-solid&quot;},&quot;toggle&quot;:&quot;burger&quot;}\" data-widget_type=\"nav-menu.default\">\n\t\t\t\t<div class=\"elementor-widget-container\">\n\t\t\t\t\t\t\t\t<nav aria-label=\"Speisekarte\" class=\"elementor-nav-menu--main elementor-nav-menu__container elementor-nav-menu--layout-horizontal e--pointer-underline e--animation-fade\">\n\t\t\t\t<ul id=\"menu-1-6cb573e4\" class=\"elementor-nav-menu\"><li class=\"menu-item menu-item-type-custom menu-item-object-custom menu-item-has-children menu-item-20030\"><a href=\"#\" class=\"elementor-item elementor-item-anchor\">Produkte<\/a>\n<ul class=\"sub-menu elementor-nav-menu--dropdown\">\n\t<li class=\"menu-item menu-item-type-post_type menu-item-object-page menu-item-20031\"><a href=\"https:\/\/emarketeer.com\/de\/products\/\" class=\"elementor-sub-item\">Produkt\u00fcbersicht<\/a><\/li>\n\t<li class=\"menu-item menu-item-type-post_type menu-item-object-page menu-item-20039\"><a href=\"https:\/\/emarketeer.com\/de\/marketing-cloud\/\" class=\"elementor-sub-item\">Marketing-Cloud<\/a><\/li>\n\t<li class=\"menu-item menu-item-type-post_type menu-item-object-page menu-item-20322\"><a href=\"https:\/\/emarketeer.com\/de\/lead-management\/\" class=\"elementor-sub-item\">Lead-Management<\/a><\/li>\n\t<li class=\"menu-item menu-item-type-post_type menu-item-object-page menu-item-23379\"><a href=\"https:\/\/emarketeer.com\/de\/integrations\/\" class=\"elementor-sub-item\">Integrationen<\/a><\/li>\n<\/ul>\n<\/li>\n<li class=\"menu-item menu-item-type-post_type menu-item-object-page menu-item-19328\"><a href=\"https:\/\/emarketeer.com\/de\/customers\/\" class=\"elementor-item\">Kunden<\/a><\/li>\n<li class=\"menu-item menu-item-type-post_type menu-item-object-page menu-item-17714\"><a href=\"https:\/\/emarketeer.com\/de\/webinars\/\" class=\"elementor-item\">Webinare<\/a><\/li>\n<li class=\"menu-item menu-item-type-post_type menu-item-object-page menu-item-17781\"><a href=\"https:\/\/emarketeer.com\/de\/pricing\/\" class=\"elementor-item\">Preisgestaltung<\/a><\/li>\n<li class=\"menu-item menu-item-type-custom menu-item-object-custom menu-item-has-children menu-item-19154\"><a href=\"#\" class=\"elementor-item elementor-item-anchor\">\u00dcber uns<\/a>\n<ul class=\"sub-menu elementor-nav-menu--dropdown\">\n\t<li class=\"menu-item menu-item-type-post_type menu-item-object-page menu-item-23958\"><a href=\"https:\/\/emarketeer.com\/de\/blog\/\" class=\"elementor-sub-item\">Nachrichten und Blog<\/a><\/li>\n\t<li class=\"menu-item menu-item-type-post_type menu-item-object-page menu-item-16988\"><a href=\"https:\/\/emarketeer.com\/de\/contact\/\" class=\"elementor-sub-item\">Kontakt<\/a><\/li>\n\t<li class=\"menu-item menu-item-type-post_type menu-item-object-post menu-item-22275\"><a href=\"https:\/\/emarketeer.com\/de\/news\/newoffice\/\" class=\"elementor-sub-item\">Unser B\u00fcro<\/a><\/li>\n\t<li class=\"menu-item menu-item-type-post_type menu-item-object-page menu-item-19873\"><a href=\"https:\/\/emarketeer.com\/de\/management\/\" class=\"elementor-sub-item\">F\u00fchrungsteam<\/a><\/li>\n<\/ul>\n<\/li>\n<\/ul>\t\t\t<\/nav>\n\t\t\t\t\t<div class=\"elementor-menu-toggle\" role=\"button\" tabindex=\"0\" aria-label=\"Men\u00fc Umschalter\" aria-expanded=\"false\">\n\t\t\t<i aria-hidden=\"true\" role=\"presentation\" class=\"elementor-menu-toggle__icon--open eicon-menu-bar\"><\/i><i aria-hidden=\"true\" role=\"presentation\" class=\"elementor-menu-toggle__icon--close eicon-close\"><\/i>\t\t<\/div>\n\t\t\t\t\t<nav class=\"elementor-nav-menu--dropdown elementor-nav-menu__container\" aria-hidden=\"true\">\n\t\t\t\t<ul id=\"menu-2-6cb573e4\" class=\"elementor-nav-menu\"><li class=\"menu-item menu-item-type-custom menu-item-object-custom menu-item-has-children menu-item-20030\"><a href=\"#\" class=\"elementor-item elementor-item-anchor\" tabindex=\"-1\">Produkte<\/a>\n<ul class=\"sub-menu elementor-nav-menu--dropdown\">\n\t<li class=\"menu-item menu-item-type-post_type menu-item-object-page menu-item-20031\"><a href=\"https:\/\/emarketeer.com\/de\/products\/\" class=\"elementor-sub-item\" tabindex=\"-1\">Produkt\u00fcbersicht<\/a><\/li>\n\t<li class=\"menu-item menu-item-type-post_type menu-item-object-page menu-item-20039\"><a href=\"https:\/\/emarketeer.com\/de\/marketing-cloud\/\" class=\"elementor-sub-item\" tabindex=\"-1\">Marketing-Cloud<\/a><\/li>\n\t<li class=\"menu-item menu-item-type-post_type menu-item-object-page menu-item-20322\"><a href=\"https:\/\/emarketeer.com\/de\/lead-management\/\" class=\"elementor-sub-item\" tabindex=\"-1\">Lead-Management<\/a><\/li>\n\t<li class=\"menu-item menu-item-type-post_type menu-item-object-page menu-item-23379\"><a href=\"https:\/\/emarketeer.com\/de\/integrations\/\" class=\"elementor-sub-item\" tabindex=\"-1\">Integrationen<\/a><\/li>\n<\/ul>\n<\/li>\n<li class=\"menu-item menu-item-type-post_type menu-item-object-page menu-item-19328\"><a href=\"https:\/\/emarketeer.com\/de\/customers\/\" class=\"elementor-item\" tabindex=\"-1\">Kunden<\/a><\/li>\n<li class=\"menu-item menu-item-type-post_type menu-item-object-page menu-item-17714\"><a href=\"https:\/\/emarketeer.com\/de\/webinars\/\" class=\"elementor-item\" tabindex=\"-1\">Webinare<\/a><\/li>\n<li class=\"menu-item menu-item-type-post_type menu-item-object-page menu-item-17781\"><a href=\"https:\/\/emarketeer.com\/de\/pricing\/\" class=\"elementor-item\" tabindex=\"-1\">Preisgestaltung<\/a><\/li>\n<li class=\"menu-item menu-item-type-custom menu-item-object-custom menu-item-has-children menu-item-19154\"><a href=\"#\" class=\"elementor-item elementor-item-anchor\" tabindex=\"-1\">\u00dcber uns<\/a>\n<ul class=\"sub-menu elementor-nav-menu--dropdown\">\n\t<li class=\"menu-item menu-item-type-post_type menu-item-object-page menu-item-23958\"><a href=\"https:\/\/emarketeer.com\/de\/blog\/\" class=\"elementor-sub-item\" tabindex=\"-1\">Nachrichten und Blog<\/a><\/li>\n\t<li class=\"menu-item menu-item-type-post_type menu-item-object-page menu-item-16988\"><a href=\"https:\/\/emarketeer.com\/de\/contact\/\" class=\"elementor-sub-item\" tabindex=\"-1\">Kontakt<\/a><\/li>\n\t<li class=\"menu-item menu-item-type-post_type menu-item-object-post menu-item-22275\"><a href=\"https:\/\/emarketeer.com\/de\/news\/newoffice\/\" class=\"elementor-sub-item\" tabindex=\"-1\">Unser B\u00fcro<\/a><\/li>\n\t<li class=\"menu-item menu-item-type-post_type menu-item-object-page menu-item-19873\"><a href=\"https:\/\/emarketeer.com\/de\/management\/\" class=\"elementor-sub-item\" tabindex=\"-1\">F\u00fchrungsteam<\/a><\/li>\n<\/ul>\n<\/li>\n<\/ul>\t\t\t<\/nav>\n\t\t\t\t\t\t<\/div>\n\t\t\t\t<\/div>\n\t\t\t\t\t<\/div>\n\t\t<\/div>\n\t\t\t\t<div class=\"elementor-column elementor-col-33 elementor-top-column elementor-element elementor-element-6ffe79b0\" data-id=\"6ffe79b0\" data-element_type=\"column\" data-e-type=\"column\">\n\t\t\t<div class=\"elementor-widget-wrap elementor-element-populated\">\n\t\t\t\t\t\t<div class=\"elementor-element elementor-element-5edcc05b elementor-align-right elementor-widget elementor-widget-button\" data-id=\"5edcc05b\" data-element_type=\"widget\" data-e-type=\"widget\" data-widget_type=\"button.default\">\n\t\t\t\t<div class=\"elementor-widget-container\">\n\t\t\t\t\t\t\t\t\t<div class=\"elementor-button-wrapper\">\n\t\t\t\t\t<a class=\"elementor-button elementor-button-link elementor-size-sm\" href=\"tel:+4687644600\">\n\t\t\t\t\t\t<span class=\"elementor-button-content-wrapper\">\n\t\t\t\t\t\t<span class=\"elementor-button-icon\">\n\t\t\t\t<i aria-hidden=\"true\" class=\"fas fa-phone\"><\/i>\t\t\t<\/span>\n\t\t\t\t\t\t\t\t\t<span class=\"elementor-button-text\">+46 8 764 46 00<\/span>\n\t\t\t\t\t<\/span>\n\t\t\t\t\t<\/a>\n\t\t\t\t<\/div>\n\t\t\t\t\t\t\t\t<\/div>\n\t\t\t\t<\/div>\n\t\t\t\t\t<\/div>\n\t\t<\/div>\n\t\t\t\t\t<\/div>\n\t\t<\/section>\n\t\t\t\t<section class=\"elementor-section elementor-top-section elementor-element elementor-element-27d6e72 elementor-section-boxed elementor-section-height-default elementor-section-height-default\" data-id=\"27d6e72\" data-element_type=\"section\" data-e-type=\"section\">\n\t\t\t\t\t\t<div class=\"elementor-container elementor-column-gap-default\">\n\t\t\t\t\t<div class=\"elementor-column elementor-col-100 elementor-top-column elementor-element elementor-element-eefe8bf\" data-id=\"eefe8bf\" data-element_type=\"column\" data-e-type=\"column\">\n\t\t\t<div class=\"elementor-widget-wrap elementor-element-populated\">\n\t\t\t\t\t\t<div class=\"elementor-element elementor-element-65e3d56 elementor-widget elementor-widget-heading\" data-id=\"65e3d56\" data-element_type=\"widget\" data-e-type=\"widget\" data-widget_type=\"heading.default\">\n\t\t\t\t<div class=\"elementor-widget-container\">\n\t\t\t\t\t<h2 class=\"elementor-heading-title elementor-size-default\">Anfo &amp; eMarkeer<\/h2>\t\t\t\t<\/div>\n\t\t\t\t<\/div>\n\t\t\t\t<div class=\"elementor-element elementor-element-6e230ed elementor-widget elementor-widget-text-editor\" data-id=\"6e230ed\" data-element_type=\"widget\" data-e-type=\"widget\" data-widget_type=\"text-editor.default\">\n\t\t\t\t<div class=\"elementor-widget-container\">\n\t\t\t\t\t\t\t\t\t<p>Es gab gro\u00dfe Feierlichkeiten, als ANFO pl\u00f6tzlich einen 40%-Mitgliederzuwachs f\u00fcr ihre Organisation erhielt. Aber dann stellten sie fest, dass sie vor einer Herausforderung standen. Da sie nun die Aufmerksamkeit einiger der prominentesten Werbetreibenden Norwegens auf sich zogen, musste ANFO in ihrer Kommunikation professioneller werden. Dies ist die Geschichte, wie ANFO eMarketeer verwendet, um das gesamte Marketing mit mobilen Apps und Event-Management zu rationalisieren, und wie sie alle dies mit ihrem SuperOffice CRM verkn\u00fcpft haben.<\/p>\t\t\t\t\t\t\t\t<\/div>\n\t\t\t\t<\/div>\n\t\t\t\t\t<\/div>\n\t\t<\/div>\n\t\t\t\t\t<\/div>\n\t\t<\/section>\n\t\t\t\t<section class=\"elementor-section elementor-top-section elementor-element elementor-element-6737655 elementor-section-boxed elementor-section-height-default elementor-section-height-default\" data-id=\"6737655\" data-element_type=\"section\" data-e-type=\"section\">\n\t\t\t\t\t\t<div class=\"elementor-container elementor-column-gap-default\">\n\t\t\t\t\t<div class=\"elementor-column elementor-col-100 elementor-top-column elementor-element elementor-element-a886eca\" data-id=\"a886eca\" data-element_type=\"column\" data-e-type=\"column\">\n\t\t\t<div class=\"elementor-widget-wrap elementor-element-populated\">\n\t\t\t\t\t\t<div class=\"elementor-element elementor-element-b21b845 elementor-widget elementor-widget-video\" data-id=\"b21b845\" data-element_type=\"widget\" data-e-type=\"widget\" data-settings=\"{&quot;youtube_url&quot;:&quot;https:\\\/\\\/www.youtube.com\\\/watch?v=LatN9ylVpj8&quot;,&quot;loop&quot;:&quot;yes&quot;,&quot;video_type&quot;:&quot;youtube&quot;}\" data-widget_type=\"video.default\">\n\t\t\t\t<div class=\"elementor-widget-container\">\n\t\t\t\t\t\t\t<div class=\"elementor-wrapper elementor-open-inline\">\n\t\t\t<div class=\"elementor-video\"><\/div>\t\t<\/div>\n\t\t\t\t\t\t<\/div>\n\t\t\t\t<\/div>\n\t\t\t\t\t<\/div>\n\t\t<\/div>\n\t\t\t\t\t<\/div>\n\t\t<\/section>\n\t\t\t\t<section class=\"elementor-section elementor-top-section elementor-element elementor-element-abcb11f elementor-section-boxed elementor-section-height-default elementor-section-height-default\" data-id=\"abcb11f\" data-element_type=\"section\" data-e-type=\"section\">\n\t\t\t\t\t\t<div class=\"elementor-container elementor-column-gap-default\">\n\t\t\t\t\t<div class=\"elementor-column elementor-col-100 elementor-top-column elementor-element elementor-element-6e843b7\" data-id=\"6e843b7\" data-element_type=\"column\" data-e-type=\"column\">\n\t\t\t<div class=\"elementor-widget-wrap elementor-element-populated\">\n\t\t\t\t\t\t<div class=\"elementor-element elementor-element-28c895c elementor-widget elementor-widget-spacer\" data-id=\"28c895c\" data-element_type=\"widget\" data-e-type=\"widget\" data-widget_type=\"spacer.default\">\n\t\t\t\t<div class=\"elementor-widget-container\">\n\t\t\t\t\t\t\t<div class=\"elementor-spacer\">\n\t\t\t<div class=\"elementor-spacer-inner\"><\/div>\n\t\t<\/div>\n\t\t\t\t\t\t<\/div>\n\t\t\t\t<\/div>\n\t\t\t\t\t<\/div>\n\t\t<\/div>\n\t\t\t\t\t<\/div>\n\t\t<\/section>\n\t\t\t\t<section class=\"elementor-section elementor-top-section elementor-element elementor-element-8af07b6 elementor-section-boxed elementor-section-height-default elementor-section-height-default\" data-id=\"8af07b6\" data-element_type=\"section\" data-e-type=\"section\">\n\t\t\t\t\t\t\t<div class=\"elementor-background-overlay\"><\/div>\n\t\t\t\t\t\t\t<div class=\"elementor-container elementor-column-gap-default\">\n\t\t\t\t\t<div class=\"elementor-column elementor-col-33 elementor-top-column elementor-element elementor-element-25ebf2f\" data-id=\"25ebf2f\" data-element_type=\"column\" data-e-type=\"column\">\n\t\t\t<div class=\"elementor-widget-wrap elementor-element-populated\">\n\t\t\t\t\t\t<div class=\"elementor-element elementor-element-1b1f4f3 elementor-widget elementor-widget-heading\" data-id=\"1b1f4f3\" data-element_type=\"widget\" data-e-type=\"widget\" data-widget_type=\"heading.default\">\n\t\t\t\t<div class=\"elementor-widget-container\">\n\t\t\t\t\t<p class=\"elementor-heading-title elementor-size-large\">Gesetzlich<\/p>\t\t\t\t<\/div>\n\t\t\t\t<\/div>\n\t\t\t\t<div class=\"elementor-element elementor-element-d56faee elementor-widget elementor-widget-text-editor\" data-id=\"d56faee\" data-element_type=\"widget\" data-e-type=\"widget\" data-widget_type=\"text-editor.default\">\n\t\t\t\t<div class=\"elementor-widget-container\">\n\t\t\t\t\t\t\t\t\t<div class=\"textwidget\"><p class=\"p1\"><span class=\"s1\"><a href=\"https:\/\/emarketeer.com\/de\/privacy-policy\/\">Datenschutz-Bestimmungen<\/a><br \/><\/span><span class=\"s3\"><a href=\"https:\/\/emarketeer.com\/de\/spam\/\"><span class=\"s1\">Anti-Spam-Richtlinie<\/span><\/a><br \/><a href=\"https:\/\/emarketeer.com\/de\/eula\/\"><span class=\"s1\">Endbenutzer-Lizenzvereinbarung<\/span><\/a><br \/><a href=\"https:\/\/emarketeer.com\/de\/terms-of-service\/\"><span class=\"s1\">Nutzungsbedingungen<\/span><\/a><br \/><a href=\"https:\/\/emarketeer.com\/wp-content\/uploads\/2021\/10\/Information-Security-Policy.pdf\"><span class=\"s1\">Informationssicherheitsrichtlinie<\/span><\/a><\/span><\/p><\/div>\t\t\t\t\t\t\t\t<\/div>\n\t\t\t\t<\/div>\n\t\t\t\t\t<\/div>\n\t\t<\/div>\n\t\t\t\t<div class=\"elementor-column elementor-col-33 elementor-top-column elementor-element elementor-element-e423632\" data-id=\"e423632\" data-element_type=\"column\" data-e-type=\"column\">\n\t\t\t<div class=\"elementor-widget-wrap elementor-element-populated\">\n\t\t\t\t\t\t<div class=\"elementor-element elementor-element-89f4b6b elementor-widget elementor-widget-heading\" data-id=\"89f4b6b\" data-element_type=\"widget\" data-e-type=\"widget\" data-widget_type=\"heading.default\">\n\t\t\t\t<div class=\"elementor-widget-container\">\n\t\t\t\t\t<p class=\"elementor-heading-title elementor-size-large\">Kontaktinformationen<\/p>\t\t\t\t<\/div>\n\t\t\t\t<\/div>\n\t\t\t\t<div class=\"elementor-element elementor-element-593fe37 elementor-icon-list--layout-traditional elementor-list-item-link-full_width elementor-widget elementor-widget-icon-list\" data-id=\"593fe37\" data-element_type=\"widget\" data-e-type=\"widget\" data-widget_type=\"icon-list.default\">\n\t\t\t\t<div class=\"elementor-widget-container\">\n\t\t\t\t\t\t\t<ul class=\"elementor-icon-list-items\">\n\t\t\t\t\t\t\t<li class=\"elementor-icon-list-item\">\n\t\t\t\t\t\t\t\t\t\t\t<span class=\"elementor-icon-list-icon\">\n\t\t\t\t\t\t\t<i aria-hidden=\"true\" class=\"fas fa-envelope\"><\/i>\t\t\t\t\t\t<\/span>\n\t\t\t\t\t\t\t\t\t\t<span class=\"elementor-icon-list-text\">info@emarketeer.com<\/span>\n\t\t\t\t\t\t\t\t\t<\/li>\n\t\t\t\t\t\t\t\t<li class=\"elementor-icon-list-item\">\n\t\t\t\t\t\t\t\t\t\t\t<span class=\"elementor-icon-list-icon\">\n\t\t\t\t\t\t\t<i aria-hidden=\"true\" class=\"fas fa-phone\"><\/i>\t\t\t\t\t\t<\/span>\n\t\t\t\t\t\t\t\t\t\t<span class=\"elementor-icon-list-text\">(+46) 8-764 46 00<\/span>\n\t\t\t\t\t\t\t\t\t<\/li>\n\t\t\t\t\t\t\t\t<li class=\"elementor-icon-list-item\">\n\t\t\t\t\t\t\t\t\t\t\t<a href=\"\/de\/contact\/\">\n\n\t\t\t\t\t\t\t\t\t\t\t\t<span class=\"elementor-icon-list-icon\">\n\t\t\t\t\t\t\t<i aria-hidden=\"true\" class=\"far fa-map\"><\/i>\t\t\t\t\t\t<\/span>\n\t\t\t\t\t\t\t\t\t\t<span class=\"elementor-icon-list-text\">Standort<\/span>\n\t\t\t\t\t\t\t\t\t\t\t<\/a>\n\t\t\t\t\t\t\t\t\t<\/li>\n\t\t\t\t\t\t<\/ul>\n\t\t\t\t\t\t<\/div>\n\t\t\t\t<\/div>\n\t\t\t\t<div class=\"elementor-element elementor-element-8ed44a8 elementor-icon-list--layout-inline elementor-list-item-link-full_width elementor-widget elementor-widget-icon-list\" data-id=\"8ed44a8\" data-element_type=\"widget\" data-e-type=\"widget\" data-widget_type=\"icon-list.default\">\n\t\t\t\t<div class=\"elementor-widget-container\">\n\t\t\t\t\t\t\t<ul class=\"elementor-icon-list-items elementor-inline-items\">\n\t\t\t\t\t\t\t<li class=\"elementor-icon-list-item elementor-inline-item\">\n\t\t\t\t\t\t\t\t\t\t\t<span class=\"elementor-icon-list-icon\">\n\t\t\t\t\t\t\t<i aria-hidden=\"true\" class=\"fab fa-linkedin\"><\/i>\t\t\t\t\t\t<\/span>\n\t\t\t\t\t\t\t\t\t\t<span class=\"elementor-icon-list-text\">LinkedIn<\/span>\n\t\t\t\t\t\t\t\t\t<\/li>\n\t\t\t\t\t\t\t\t<li class=\"elementor-icon-list-item elementor-inline-item\">\n\t\t\t\t\t\t\t\t\t\t\t<span class=\"elementor-icon-list-icon\">\n\t\t\t\t\t\t\t<i aria-hidden=\"true\" class=\"fab fa-youtube\"><\/i>\t\t\t\t\t\t<\/span>\n\t\t\t\t\t\t\t\t\t\t<span class=\"elementor-icon-list-text\">Youtube<\/span>\n\t\t\t\t\t\t\t\t\t<\/li>\n\t\t\t\t\t\t\t\t<li class=\"elementor-icon-list-item elementor-inline-item\">\n\t\t\t\t\t\t\t\t\t\t\t<span class=\"elementor-icon-list-icon\">\n\t\t\t\t\t\t\t<i aria-hidden=\"true\" class=\"fab fa-facebook-square\"><\/i>\t\t\t\t\t\t<\/span>\n\t\t\t\t\t\t\t\t\t\t<span class=\"elementor-icon-list-text\">Facebook<\/span>\n\t\t\t\t\t\t\t\t\t<\/li>\n\t\t\t\t\t\t<\/ul>\n\t\t\t\t\t\t<\/div>\n\t\t\t\t<\/div>\n\t\t\t\t\t<\/div>\n\t\t<\/div>\n\t\t\t\t<div class=\"elementor-column elementor-col-33 elementor-top-column elementor-element elementor-element-7dac78e\" data-id=\"7dac78e\" data-element_type=\"column\" data-e-type=\"column\">\n\t\t\t<div class=\"elementor-widget-wrap elementor-element-populated\">\n\t\t\t\t\t\t<div class=\"elementor-element elementor-element-aaec21e elementor-widget elementor-widget-heading\" data-id=\"aaec21e\" data-element_type=\"widget\" data-e-type=\"widget\" data-widget_type=\"heading.default\">\n\t\t\t\t<div class=\"elementor-widget-container\">\n\t\t\t\t\t<p class=\"elementor-heading-title elementor-size-large\">B\u00fcro<\/p>\t\t\t\t<\/div>\n\t\t\t\t<\/div>\n\t\t\t\t<div class=\"elementor-element elementor-element-d4e2b03 elementor-widget elementor-widget-text-editor\" data-id=\"d4e2b03\" data-element_type=\"widget\" data-e-type=\"widget\" data-widget_type=\"text-editor.default\">\n\t\t\t\t<div class=\"elementor-widget-container\">\n\t\t\t\t\t\t\t\t\t<p>eMarkeer AB<br \/>Sundbybergs torg 1<br \/>172 67 Sundbyberg<br \/>Schweden<\/p>\t\t\t\t\t\t\t\t<\/div>\n\t\t\t\t<\/div>\n\t\t\t\t\t<\/div>\n\t\t<\/div>\n\t\t\t\t\t<\/div>\n\t\t<\/section>\n\t\t\t\t<\/div>","protected":false},"excerpt":{"rendered":"<p>+46 8 764 46 00 Anfo &amp; eMarketeer Die Freude war gro\u00df, als ANFO pl\u00f6tzlich einen Zuwachs von 40% an Mitgliedschaften f\u00fcr seine Organisation verzeichnete. Aber dann entdeckten sie, dass sie vor einer Herausforderung standen. Da sie nun die Aufmerksamkeit von ... <a href=\"https:\/\/emarketeer.com\/de\/page-template-1\/\">Weiterlesen<\/a><\/p>","protected":false},"author":9,"featured_media":0,"parent":0,"menu_order":21,"comment_status":"closed","ping_status":"closed","template":"elementor_canvas","meta":{"footnotes":""},"class_list":["post-19005","page","type-page","status-publish","hentry"],"_links":{"self":[{"href":"https:\/\/emarketeer.com\/de\/wp-json\/wp\/v2\/pages\/19005","targetHints":{"allow":["GET"]}}],"collection":[{"href":"https:\/\/emarketeer.com\/de\/wp-json\/wp\/v2\/pages"}],"about":[{"href":"https:\/\/emarketeer.com\/de\/wp-json\/wp\/v2\/types\/page"}],"author":[{"embeddable":true,"href":"https:\/\/emarketeer.com\/de\/wp-json\/wp\/v2\/users\/9"}],"replies":[{"embeddable":true,"href":"https:\/\/emarketeer.com\/de\/wp-json\/wp\/v2\/comments?post=19005"}],"version-history":[{"count":51,"href":"https:\/\/emarketeer.com\/de\/wp-json\/wp\/v2\/pages\/19005\/revisions"}],"predecessor-version":[{"id":19076,"href":"https:\/\/emarketeer.com\/de\/wp-json\/wp\/v2\/pages\/19005\/revisions\/19076"}],"wp:attachment":[{"href":"https:\/\/emarketeer.com\/de\/wp-json\/wp\/v2\/media?parent=19005"}],"curies":[{"name":"wp","href":"https:\/\/api.w.org\/{rel}","templated":true}]}}