{"id":2092,"date":"2021-10-05T06:10:08","date_gmt":"2021-10-05T06:10:08","guid":{"rendered":"https:\/\/emarketeer.com\/?page_id=2092"},"modified":"2023-01-11T11:41:35","modified_gmt":"2023-01-11T11:41:35","slug":"privacy-policy","status":"publish","type":"page","link":"https:\/\/emarketeer.com\/de\/privacy-policy\/","title":{"rendered":"Datenschutz-Bestimmungen"},"content":{"rendered":"<div data-elementor-type=\"wp-page\" data-elementor-id=\"2092\" class=\"elementor elementor-2092\" data-elementor-post-type=\"page\">\n\t\t\t\t\t\t<section class=\"elementor-section elementor-top-section elementor-element elementor-element-7375c18 elementor-section-content-middle elementor-section-boxed elementor-section-height-default elementor-section-height-default\" data-id=\"7375c18\" data-element_type=\"section\" data-e-type=\"section\">\n\t\t\t\t\t\t<div class=\"elementor-container elementor-column-gap-default\">\n\t\t\t\t\t<div class=\"elementor-column elementor-col-33 elementor-top-column elementor-element elementor-element-0de81f7\" data-id=\"0de81f7\" data-element_type=\"column\" data-e-type=\"column\">\n\t\t\t<div class=\"elementor-widget-wrap elementor-element-populated\">\n\t\t\t\t\t\t<div class=\"elementor-element elementor-element-a065da0 elementor-widget elementor-widget-image\" data-id=\"a065da0\" data-element_type=\"widget\" data-e-type=\"widget\" data-widget_type=\"image.default\">\n\t\t\t\t<div class=\"elementor-widget-container\">\n\t\t\t\t\t\t\t\t\t\t\t\t\t\t\t<img decoding=\"async\" width=\"280\" height=\"75\" src=\"https:\/\/emarketeer.com\/wp-content\/uploads\/2018\/09\/58CF038F-2622-4D58-A9BD-368107ECE0F3__emlogo_onlight_3000_newnewred_brandguide-1-e1538056857279.png\" class=\"attachment-th_img_xs size-th_img_xs wp-image-1105\" alt=\"\" \/>\t\t\t\t\t\t\t\t\t\t\t\t\t\t\t<\/div>\n\t\t\t\t<\/div>\n\t\t\t\t\t<\/div>\n\t\t<\/div>\n\t\t\t\t<div class=\"elementor-column elementor-col-33 elementor-top-column elementor-element elementor-element-fbf0710\" data-id=\"fbf0710\" data-element_type=\"column\" data-e-type=\"column\">\n\t\t\t<div class=\"elementor-widget-wrap elementor-element-populated\">\n\t\t\t\t\t\t<div class=\"elementor-element elementor-element-a593300 elementor-nav-menu__align-center elementor-nav-menu--dropdown-tablet elementor-nav-menu__text-align-aside elementor-nav-menu--toggle elementor-nav-menu--burger elementor-widget elementor-widget-nav-menu\" data-id=\"a593300\" data-element_type=\"widget\" data-e-type=\"widget\" data-settings=\"{&quot;layout&quot;:&quot;horizontal&quot;,&quot;submenu_icon&quot;:{&quot;value&quot;:&quot;&lt;i class=\\&quot;fas fa-caret-down\\&quot;&gt;&lt;\\\/i&gt;&quot;,&quot;library&quot;:&quot;fa-solid&quot;},&quot;toggle&quot;:&quot;burger&quot;}\" data-widget_type=\"nav-menu.default\">\n\t\t\t\t<div class=\"elementor-widget-container\">\n\t\t\t\t\t\t\t\t<nav aria-label=\"Speisekarte\" class=\"elementor-nav-menu--main elementor-nav-menu__container elementor-nav-menu--layout-horizontal e--pointer-underline e--animation-fade\">\n\t\t\t\t<ul id=\"menu-1-a593300\" class=\"elementor-nav-menu\"><li class=\"menu-item menu-item-type-custom menu-item-object-custom menu-item-has-children menu-item-20030\"><a href=\"#\" class=\"elementor-item elementor-item-anchor\">Produkte<\/a>\n<ul class=\"sub-menu elementor-nav-menu--dropdown\">\n\t<li class=\"menu-item menu-item-type-post_type menu-item-object-page menu-item-20031\"><a href=\"https:\/\/emarketeer.com\/de\/products\/\" class=\"elementor-sub-item\">Produkt\u00fcbersicht<\/a><\/li>\n\t<li class=\"menu-item menu-item-type-post_type menu-item-object-page menu-item-20039\"><a href=\"https:\/\/emarketeer.com\/de\/marketing-cloud\/\" class=\"elementor-sub-item\">Marketing-Cloud<\/a><\/li>\n\t<li class=\"menu-item menu-item-type-post_type menu-item-object-page menu-item-20322\"><a href=\"https:\/\/emarketeer.com\/de\/lead-management\/\" class=\"elementor-sub-item\">Lead-Management<\/a><\/li>\n\t<li class=\"menu-item menu-item-type-post_type menu-item-object-page menu-item-23379\"><a href=\"https:\/\/emarketeer.com\/de\/integrations\/\" class=\"elementor-sub-item\">Integrationen<\/a><\/li>\n<\/ul>\n<\/li>\n<li class=\"menu-item menu-item-type-post_type menu-item-object-page menu-item-19328\"><a href=\"https:\/\/emarketeer.com\/de\/customers\/\" class=\"elementor-item\">Kunden<\/a><\/li>\n<li class=\"menu-item menu-item-type-post_type menu-item-object-page menu-item-17714\"><a href=\"https:\/\/emarketeer.com\/de\/webinars\/\" class=\"elementor-item\">Webinare<\/a><\/li>\n<li class=\"menu-item menu-item-type-post_type menu-item-object-page menu-item-17781\"><a href=\"https:\/\/emarketeer.com\/de\/pricing\/\" class=\"elementor-item\">Preisgestaltung<\/a><\/li>\n<li class=\"menu-item menu-item-type-custom menu-item-object-custom menu-item-has-children menu-item-19154\"><a href=\"#\" class=\"elementor-item elementor-item-anchor\">\u00dcber uns<\/a>\n<ul class=\"sub-menu elementor-nav-menu--dropdown\">\n\t<li class=\"menu-item menu-item-type-post_type menu-item-object-page menu-item-23958\"><a href=\"https:\/\/emarketeer.com\/de\/blog\/\" class=\"elementor-sub-item\">Nachrichten und Blog<\/a><\/li>\n\t<li class=\"menu-item menu-item-type-post_type menu-item-object-page menu-item-16988\"><a href=\"https:\/\/emarketeer.com\/de\/contact\/\" class=\"elementor-sub-item\">Kontakt<\/a><\/li>\n\t<li class=\"menu-item menu-item-type-post_type menu-item-object-post menu-item-22275\"><a href=\"https:\/\/emarketeer.com\/de\/news\/newoffice\/\" class=\"elementor-sub-item\">Unser B\u00fcro<\/a><\/li>\n\t<li class=\"menu-item menu-item-type-post_type menu-item-object-page menu-item-19873\"><a href=\"https:\/\/emarketeer.com\/de\/management\/\" class=\"elementor-sub-item\">F\u00fchrungsteam<\/a><\/li>\n<\/ul>\n<\/li>\n<\/ul>\t\t\t<\/nav>\n\t\t\t\t\t<div class=\"elementor-menu-toggle\" role=\"button\" tabindex=\"0\" aria-label=\"Men\u00fc Umschalter\" aria-expanded=\"false\">\n\t\t\t<i aria-hidden=\"true\" role=\"presentation\" class=\"elementor-menu-toggle__icon--open eicon-menu-bar\"><\/i><i aria-hidden=\"true\" role=\"presentation\" class=\"elementor-menu-toggle__icon--close eicon-close\"><\/i>\t\t<\/div>\n\t\t\t\t\t<nav class=\"elementor-nav-menu--dropdown elementor-nav-menu__container\" aria-hidden=\"true\">\n\t\t\t\t<ul id=\"menu-2-a593300\" class=\"elementor-nav-menu\"><li class=\"menu-item menu-item-type-custom menu-item-object-custom menu-item-has-children menu-item-20030\"><a href=\"#\" class=\"elementor-item elementor-item-anchor\" tabindex=\"-1\">Produkte<\/a>\n<ul class=\"sub-menu elementor-nav-menu--dropdown\">\n\t<li class=\"menu-item menu-item-type-post_type menu-item-object-page menu-item-20031\"><a href=\"https:\/\/emarketeer.com\/de\/products\/\" class=\"elementor-sub-item\" tabindex=\"-1\">Produkt\u00fcbersicht<\/a><\/li>\n\t<li class=\"menu-item menu-item-type-post_type menu-item-object-page menu-item-20039\"><a href=\"https:\/\/emarketeer.com\/de\/marketing-cloud\/\" class=\"elementor-sub-item\" tabindex=\"-1\">Marketing-Cloud<\/a><\/li>\n\t<li class=\"menu-item menu-item-type-post_type menu-item-object-page menu-item-20322\"><a href=\"https:\/\/emarketeer.com\/de\/lead-management\/\" class=\"elementor-sub-item\" tabindex=\"-1\">Lead-Management<\/a><\/li>\n\t<li class=\"menu-item menu-item-type-post_type menu-item-object-page menu-item-23379\"><a href=\"https:\/\/emarketeer.com\/de\/integrations\/\" class=\"elementor-sub-item\" tabindex=\"-1\">Integrationen<\/a><\/li>\n<\/ul>\n<\/li>\n<li class=\"menu-item menu-item-type-post_type menu-item-object-page menu-item-19328\"><a href=\"https:\/\/emarketeer.com\/de\/customers\/\" class=\"elementor-item\" tabindex=\"-1\">Kunden<\/a><\/li>\n<li class=\"menu-item menu-item-type-post_type menu-item-object-page menu-item-17714\"><a href=\"https:\/\/emarketeer.com\/de\/webinars\/\" class=\"elementor-item\" tabindex=\"-1\">Webinare<\/a><\/li>\n<li class=\"menu-item menu-item-type-post_type menu-item-object-page menu-item-17781\"><a href=\"https:\/\/emarketeer.com\/de\/pricing\/\" class=\"elementor-item\" tabindex=\"-1\">Preisgestaltung<\/a><\/li>\n<li class=\"menu-item menu-item-type-custom menu-item-object-custom menu-item-has-children menu-item-19154\"><a href=\"#\" class=\"elementor-item elementor-item-anchor\" tabindex=\"-1\">\u00dcber uns<\/a>\n<ul class=\"sub-menu elementor-nav-menu--dropdown\">\n\t<li class=\"menu-item menu-item-type-post_type menu-item-object-page menu-item-23958\"><a href=\"https:\/\/emarketeer.com\/de\/blog\/\" class=\"elementor-sub-item\" tabindex=\"-1\">Nachrichten und Blog<\/a><\/li>\n\t<li class=\"menu-item menu-item-type-post_type menu-item-object-page menu-item-16988\"><a href=\"https:\/\/emarketeer.com\/de\/contact\/\" class=\"elementor-sub-item\" tabindex=\"-1\">Kontakt<\/a><\/li>\n\t<li class=\"menu-item menu-item-type-post_type menu-item-object-post menu-item-22275\"><a href=\"https:\/\/emarketeer.com\/de\/news\/newoffice\/\" class=\"elementor-sub-item\" tabindex=\"-1\">Unser B\u00fcro<\/a><\/li>\n\t<li class=\"menu-item menu-item-type-post_type menu-item-object-page menu-item-19873\"><a href=\"https:\/\/emarketeer.com\/de\/management\/\" class=\"elementor-sub-item\" tabindex=\"-1\">F\u00fchrungsteam<\/a><\/li>\n<\/ul>\n<\/li>\n<\/ul>\t\t\t<\/nav>\n\t\t\t\t\t\t<\/div>\n\t\t\t\t<\/div>\n\t\t\t\t\t<\/div>\n\t\t<\/div>\n\t\t\t\t<div class=\"elementor-column elementor-col-33 elementor-top-column elementor-element elementor-element-e766722\" data-id=\"e766722\" data-element_type=\"column\" data-e-type=\"column\">\n\t\t\t<div class=\"elementor-widget-wrap\">\n\t\t\t\t\t\t\t<\/div>\n\t\t<\/div>\n\t\t\t\t\t<\/div>\n\t\t<\/section>\n\t\t\t\t<section class=\"elementor-section elementor-top-section elementor-element elementor-element-4023ae8 elementor-section-height-min-height elementor-section-boxed elementor-section-height-default elementor-section-items-middle\" data-id=\"4023ae8\" data-element_type=\"section\" data-e-type=\"section\" data-settings=\"{&quot;background_background&quot;:&quot;classic&quot;,&quot;shape_divider_bottom&quot;:&quot;waves&quot;}\">\n\t\t\t\t\t\t\t<div class=\"elementor-background-overlay\"><\/div>\n\t\t\t\t\t\t<div class=\"elementor-shape elementor-shape-bottom\" aria-hidden=\"true\" data-negative=\"false\">\n\t\t\t<svg xmlns=\"http:\/\/www.w3.org\/2000\/svg\" viewbox=\"0 0 1000 100\" preserveaspectratio=\"none\">\n\t<path class=\"elementor-shape-fill\" d=\"M421.9,6.5c22.6-2.5,51.5,0.4,75.5,5.3c23.6,4.9,70.9,23.5,100.5,35.7c75.8,32.2,133.7,44.5,192.6,49.7\tc23.6,2.1,48.7,3.5,103.4-2.5c54.7-6,106.2-25.6,106.2-25.6V0H0v30.3c0,0,72,32.6,158.4,30.5c39.2-0.7,92.8-6.7,134-22.4\tc21.2-8.1,52.2-18.2,79.7-24.2C399.3,7.9,411.6,7.5,421.9,6.5z\"\/>\n<\/svg>\t\t<\/div>\n\t\t\t\t\t<div class=\"elementor-container elementor-column-gap-default\">\n\t\t\t\t\t<div class=\"elementor-column elementor-col-100 elementor-top-column elementor-element elementor-element-39e6e24\" data-id=\"39e6e24\" data-element_type=\"column\" data-e-type=\"column\">\n\t\t\t<div class=\"elementor-widget-wrap elementor-element-populated\">\n\t\t\t\t\t\t<div class=\"elementor-element elementor-element-8e6369e elementor-widget elementor-widget-spacer\" data-id=\"8e6369e\" data-element_type=\"widget\" data-e-type=\"widget\" data-widget_type=\"spacer.default\">\n\t\t\t\t<div class=\"elementor-widget-container\">\n\t\t\t\t\t\t\t<div class=\"elementor-spacer\">\n\t\t\t<div class=\"elementor-spacer-inner\"><\/div>\n\t\t<\/div>\n\t\t\t\t\t\t<\/div>\n\t\t\t\t<\/div>\n\t\t\t\t<div class=\"elementor-element elementor-element-8fbba27 elementor-view-default elementor-position-top elementor-widget elementor-widget-themo-header\" data-id=\"8fbba27\" data-element_type=\"widget\" data-e-type=\"widget\" data-widget_type=\"themo-header.default\">\n\t\t\t\t<div class=\"elementor-widget-container\">\n\t\t\t\t\t\t\t<div class=\"th-header-wrap\">\n        <div class=\"elementor-icon-box-wrapper\">\n                            <div class=\"elementor-icon-box-content\">\n                    <h1 class=\"elementor-icon-box-title\">\n                        Datenschutz-Bestimmungen                    <\/h1>\n                                        <p class=\"elementor-icon-box-description\"><\/p>\n\n                                    <\/div>\n            <\/div>\n\n        <\/div>\n\n\t\t\t\t\t\t<\/div>\n\t\t\t\t<\/div>\n\t\t\t\t\t<\/div>\n\t\t<\/div>\n\t\t\t\t\t<\/div>\n\t\t<\/section>\n\t\t\t\t<section class=\"elementor-section elementor-top-section elementor-element elementor-element-483be185 elementor-section-boxed elementor-section-height-default elementor-section-height-default\" data-id=\"483be185\" data-element_type=\"section\" data-e-type=\"section\">\n\t\t\t\t\t\t<div class=\"elementor-container elementor-column-gap-default\">\n\t\t\t\t\t<div class=\"elementor-column elementor-col-100 elementor-top-column elementor-element elementor-element-70fc28a2\" data-id=\"70fc28a2\" data-element_type=\"column\" data-e-type=\"column\">\n\t\t\t<div class=\"elementor-widget-wrap elementor-element-populated\">\n\t\t\t\t\t\t<div class=\"elementor-element elementor-element-7e8ed6c7 elementor-widget elementor-widget-text-editor\" data-id=\"7e8ed6c7\" data-element_type=\"widget\" data-e-type=\"widget\" data-widget_type=\"text-editor.default\">\n\t\t\t\t<div class=\"elementor-widget-container\">\n\t\t\t\t\t\t\t\t\t<p style=\"text-align: center;\">Version 1.1<\/p><p style=\"text-align: center;\">Zuletzt ge\u00e4ndert am 25.04.2018.<\/p><h3><strong>Rechtskonformit\u00e4t\u00a0<\/strong><\/h3><p>eMarketeer folgt den gesetzlichen Vorgaben der EU in der VERORDNUNG (EU) 2016\/679 DES EUROP\u00c4ISCHEN PARLAMENTS UND DES RATES vom 27. April 2016 zum Schutz von Personen bei der Verarbeitung personenbezogener Daten und zum freien Datenverkehr , und zur Aufhebung der RICHTLINIE 95\/46\/EG (Datenschutz-Grundverordnung \u2013 DSGVO). In den USA ans\u00e4ssige Dienste sind nach dem EU-US Privacy Shield Framework und\/oder dem US \u2013 Swiss Safe Harbor Framework zertifiziert. Alle Daten werden in Europa gespeichert.<\/p><h2>\u00a0<\/h2><h3><strong>Allgemeine Grunds\u00e4tze und Governance von eMarkeer<\/strong><\/h3><p><strong><br \/>Datenverarbeitungsvereinbarungen<br \/><\/strong>Zwischen eMarkeer und dem Kunden werden Datenverarbeitungsvereinbarungen unterzeichnet. Der Zweck der Datenverarbeitungsvereinbarung besteht darin, die Verarbeitung personenbezogener Daten durch eMarketer im Auftrag des Kunden unter Verwendung der Anwendungen von eMarketer zu regeln. Vereinbarungen zur Unterdatenverarbeitung werden zwischen eMarkeer und den Unterauftragsverarbeitern unterzeichnet.<\/p><p><strong>Welche Informationen sammeln wir?<br \/><\/strong>Bei der Registrierung von Kunden erfassen wir Informationen wie Firmenname, Benutzername, E-Mail, Adresse, Standort und Telefonnummer. Google verwendet als Drittanbieter Cookies, um Anzeigen auf Ihrer Website zu schalten. Die Verwendung des DART-Cookies durch Google erm\u00f6glicht es, Anzeigen f\u00fcr Ihre Nutzer basierend auf deren Besuch auf Ihren Websites und anderen Websites im Internet zu schalten. Benutzer k\u00f6nnen die Verwendung des DART-Cookies ablehnen, indem sie die Datenschutzrichtlinie f\u00fcr das Werbe- und Inhaltsnetzwerk von Google besuchen.<\/p><h4>\u00a0<\/h4><p><strong>Wof\u00fcr verwenden wir Ihre Informationen?<br \/><\/strong>Alle Informationen, die wir von Ihnen sammeln, k\u00f6nnen auf eine der folgenden Arten verwendet werden:<\/p><ul><li>Um Transaktionen zu verarbeiten<\/li><li>Zur Kundenidentifikation<\/li><li>Zur Kontaktaufnahme mit dem Kunden, falls es ein Problem mit dem Konto geben sollte.<\/li><li>Um einen Wettbewerb, eine Werbeaktion, eine Umfrage oder eine andere Website-Funktion zu verwalten<\/li><li>Um regelm\u00e4\u00dfig E-Mails zu Produktver\u00f6ffentlichungen und anderen relevanten eMarkeer-Informationen zu senden<\/li><\/ul><p>Die von Ihnen f\u00fcr die Bestellabwicklung angegebene E-Mail-Adresse wird nur verwendet, um Ihnen Informationen und Updates zu Ihrer Bestellung zuzusenden. Ihre Informationen, ob \u00f6ffentlich oder privat, werden ohne Ihre Zustimmung aus keinem Grund verkauft, ausgetauscht, \u00fcbertragen oder an ein anderes Unternehmen weitergegeben, au\u00dfer f\u00fcr den ausdr\u00fccklichen Zweck, das gekaufte Produkt oder die angeforderte Dienstleistung zu liefern.<\/p><p>\u00a0<\/p><p><strong>Risikomanagement<br \/><\/strong>In Bezug auf die Informationsobjekte wird eine Gesamtrisikobewertung durchgef\u00fchrt, die einmal j\u00e4hrlich aktualisiert wird. Der Sicherheitsansatz von eMarkeer basiert auf Risikobewertungen gem\u00e4\u00df Artikel 24 der EU-Datenschutz-Grundverordnung (EU-DSGVO) und den IKT-Verordnungen \u00a73.<\/p><p>\u00a0<\/p><p><strong>Klassifizierung und Kontrolle von Informationen<br \/><\/strong>eMarkeer ist es wichtig, dass es nicht zu Verst\u00f6\u00dfen gegen die Vertraulichkeit und unzureichende Integrit\u00e4t von Informationen kommt. Daher ist es wichtig, dass wir Informationen basierend auf ihrer Kritikalit\u00e4t sch\u00fctzen. Alle wesentlichen Informationen und Verm\u00f6genswerte werden registriert und einem bestimmten Eigent\u00fcmer zugeordnet. Die Informationen werden klassifiziert, um die Anwendung notwendiger und angemessener Sicherheitskontrollen zu erm\u00f6glichen. Der Informationseigent\u00fcmer ist verantwortlich f\u00fcr die Wartung und daf\u00fcr, dass Kontrollen und Verbesserungen durchgef\u00fchrt werden. Alle in eMarketeer-Anwendungen gespeicherten Informationen werden vertraulich behandelt und nicht an Dritte weitergegeben oder verkauft. Alle Informationen werden sicher gespeichert und k\u00f6nnen nur vom Kunden und vertrauensw\u00fcrdigen eMarkeer-Mitarbeitern zu Zwecken der Site-Administration abgerufen werden.<\/p><p>\u00a0<\/p><p><strong>Wie lange werden Informationen gespeichert?<br \/><\/strong>Informationen werden nicht l\u00e4nger als f\u00fcr die Zwecke, f\u00fcr die Informationen verarbeitet werden, erforderlich gespeichert.<\/p><p>\u00a0<\/p><p><strong>Rechte und Kontaktinformationen<br \/><\/strong>Auf Anfrage erteilt Ihnen unser Datenschutzbeauftragter Auskunft dar\u00fcber, ob und welche personenbezogenen Daten wir \u00fcber Sie speichern. Sollten Ihre personenbezogenen Daten unrichtig sein, k\u00f6nnen Sie diese berichtigen lassen. Sie k\u00f6nnen auch Ihre Einwilligung zur Nutzung Ihrer personenbezogenen Daten f\u00fcr die Zukunft ganz oder teilweise widerrufen oder die L\u00f6schung Ihrer personenbezogenen Daten verlangen. Sie k\u00f6nnen verlangen, dass Ihre Daten in einem bekannten Format exportiert werden. Bitte z\u00f6gern Sie nicht, solche Anfragen oder andere Fragen und Kommentare zu dieser Datenschutzrichtlinie oder den Datenschutzpraktiken von eMarkeer an unseren Datenschutzbeauftragten unter der E-Mail-Adresse zu richten <a href=\"mailto:privacy@emarketeer.com\">privacy@emarketeer.com<\/a> .<\/p><p>\u00a0<\/p><p><strong>Wie sch\u00fctzen wir Ihre Daten?<br \/><\/strong>Wir bieten die Nutzung eines sicheren Servers an. Alle bereitgestellten sensiblen Informationen\/Kreditinformationen werden \u00fcber die Secure Socket Layer (SSL)-Technologie \u00fcbertragen und dann in die Datenbank unseres Payment Gateway-Anbieters verschl\u00fcsselt. Nur Personen mit besonderen Zugriffsrechten haben Zugriff auf solche Systeme und sind verpflichtet, die Informationen vertraulich zu behandeln. Nach einer Transaktion werden Ihre privaten Daten (Kreditkarten, Sozialversicherungsnummern, Finanzdaten usw.) nicht auf unseren Servern gespeichert.<\/p><p>\u00a0<\/p><p><strong>Verwenden wir Cookies?<br \/><\/strong>Ja. Cookies sind kleine Dateien, die eine Website oder ihr Dienstanbieter \u00fcber Ihren Webbrowser auf die Festplatte Ihres Computers \u00fcbertr\u00e4gt (sofern Sie dies zulassen), die es den Websites oder den Systemen des Dienstanbieters erm\u00f6glichen, Ihren Browser zu erkennen und bestimmte Informationen zu speichern. Wir verwenden Cookies, um aggregierte Daten \u00fcber den Website-Verkehr und die Website-Interaktion zusammenzustellen, damit wir in Zukunft bessere Website-Erlebnisse und Tools anbieten k\u00f6nnen.<\/p><p>\u00a0<\/p><p><strong>Geben wir irgendwelche Informationen an Dritte weiter?<br \/><\/strong>Wir verkaufen, tauschen oder \u00fcbertragen Ihre personenbezogenen Daten nicht an Dritte. Dies gilt nicht f\u00fcr vertrauensw\u00fcrdige Dritte, die uns beim Betrieb unserer Website, der Durchf\u00fchrung unserer Gesch\u00e4fte oder der Betreuung Ihrer Person unterst\u00fctzen, solange diese Parteien zustimmen, diese Informationen vertraulich zu behandeln. Wir k\u00f6nnen Ihre Daten auch freigeben, wenn wir der Meinung sind, dass die Freigabe angemessen ist, um Gesetze einzuhalten, unsere Website-Richtlinien durchzusetzen oder unsere Rechte, unser Eigentum oder unsere Sicherheit oder die anderer zu sch\u00fctzen. Nicht pers\u00f6nlich identifizierbare Besucherinformationen k\u00f6nnen jedoch anderen Parteien f\u00fcr Marketing, Werbung oder andere Zwecke zur Verf\u00fcgung gestellt werden.<\/p><p>\u00a0<\/p><p><strong>Einhaltung des kalifornischen Online-Datenschutzgesetzes<br \/><\/strong>Da wir Ihre Privatsph\u00e4re sch\u00e4tzen, haben wir die notwendigen Vorkehrungen getroffen, um das California Online Privacy Protection Act einzuhalten. Daher geben wir Ihre personenbezogenen Daten nicht ohne Ihre Zustimmung an Dritte weiter.<\/p><p>\u00a0<\/p><p><strong>Einhaltung des Online-Datenschutzgesetzes f\u00fcr Kinder<br \/><\/strong>Wir erf\u00fcllen die Anforderungen von COPPA (Children&#039;s Online Privacy Protection Act) und sammeln keine Informationen von Personen unter 13 Jahren. Unsere Website, Produkte und Dienstleistungen richten sich alle an Personen, die mindestens 13 Jahre alt oder \u00e4lter sind.<\/p><p>\u00a0<\/p><p><strong>Ihre Zustimmung<br \/><\/strong>Wenn jemand ein Formular von uns ausf\u00fcllt (bei Ereignissen wie der Registrierung f\u00fcr Marketingmitteilungen, Demo-Anfragen oder Herunterladen von Marketinginhalten usw.), muss der Verarbeitung dieser Informationen zugestimmt werden. Diese Einwilligung kann jederzeit widerrufen werden.<\/p><p>\u00a0<\/p><p><strong>\u00c4nderungen an unserer Datenschutzrichtlinie<br \/><\/strong>Wenn wir uns entscheiden, unsere Datenschutzrichtlinie zu \u00e4ndern, werden wir diese \u00c4nderungen auf dieser Seite ver\u00f6ffentlichen. <a href=\"\/de\/?page_id=933\">http:\/\/www.emarketeer.com\/about\/privacy-policy\/<\/a>. Diese Richtlinie wurde zuletzt am 25.04.2018 ge\u00e4ndert<\/p><p>\u00a0<\/p><p><strong>Uns kontaktieren<br \/><\/strong>Wenn Sie Fragen zu dieser Datenschutzrichtlinie haben, k\u00f6nnen Sie uns unter Verwendung der unten stehenden Informationen kontaktieren.<\/p><p>\u00a0<\/p><p>eMarkeer AB<br \/>Sundbybergs torg 1<br \/>172 67 Sundbyberg, Schweden<br \/>info@emarketeer.com<br \/><a href=\"https:\/\/emarketeer.com\/de\/\">www.emarketeer.com <\/a><br \/>(+46) 8-764 46 00<\/p>\t\t\t\t\t\t\t\t<\/div>\n\t\t\t\t<\/div>\n\t\t\t\t\t<\/div>\n\t\t<\/div>\n\t\t\t\t\t<\/div>\n\t\t<\/section>\n\t\t\t\t<\/div>","protected":false},"excerpt":{"rendered":"<p>Datenschutzrichtlinie Version 1.1 Zuletzt ge\u00e4ndert am 2018-04-25. Rechtskonformit\u00e4t eMarketeer befolgt die rechtlichen Anforderungen, die von der EU in der VERORDNUNG (EU) 2016\/679 DES EUROP\u00c4ISCHEN PARLAMENTS UND DES RATES vom 27. April 2016 zum Schutz von Personen mit ... <a href=\"https:\/\/emarketeer.com\/de\/privacy-policy\/\">Weiterlesen<\/a><\/p>","protected":false},"author":3,"featured_media":0,"parent":0,"menu_order":23,"comment_status":"closed","ping_status":"closed","template":"elementor_canvas","meta":{"footnotes":""},"class_list":["post-2092","page","type-page","status-publish","hentry"],"_links":{"self":[{"href":"https:\/\/emarketeer.com\/de\/wp-json\/wp\/v2\/pages\/2092","targetHints":{"allow":["GET"]}}],"collection":[{"href":"https:\/\/emarketeer.com\/de\/wp-json\/wp\/v2\/pages"}],"about":[{"href":"https:\/\/emarketeer.com\/de\/wp-json\/wp\/v2\/types\/page"}],"author":[{"embeddable":true,"href":"https:\/\/emarketeer.com\/de\/wp-json\/wp\/v2\/users\/3"}],"replies":[{"embeddable":true,"href":"https:\/\/emarketeer.com\/de\/wp-json\/wp\/v2\/comments?post=2092"}],"version-history":[{"count":76,"href":"https:\/\/emarketeer.com\/de\/wp-json\/wp\/v2\/pages\/2092\/revisions"}],"predecessor-version":[{"id":19004,"href":"https:\/\/emarketeer.com\/de\/wp-json\/wp\/v2\/pages\/2092\/revisions\/19004"}],"wp:attachment":[{"href":"https:\/\/emarketeer.com\/de\/wp-json\/wp\/v2\/media?parent=2092"}],"curies":[{"name":"wp","href":"https:\/\/api.w.org\/{rel}","templated":true}]}}