{"id":2153,"date":"2021-10-05T07:12:21","date_gmt":"2021-10-05T07:12:21","guid":{"rendered":"https:\/\/emarketeer.com\/?page_id=2153"},"modified":"2023-01-11T11:41:29","modified_gmt":"2023-01-11T11:41:29","slug":"spam","status":"publish","type":"page","link":"https:\/\/emarketeer.com\/de\/spam\/","title":{"rendered":"Anti-Spam-Richtlinie"},"content":{"rendered":"<div data-elementor-type=\"wp-page\" data-elementor-id=\"2153\" class=\"elementor elementor-2153\" data-elementor-post-type=\"page\">\n\t\t\t\t\t\t<section class=\"elementor-section elementor-top-section elementor-element elementor-element-57939cfa elementor-section-height-min-height elementor-section-boxed elementor-section-height-default elementor-section-items-middle\" data-id=\"57939cfa\" data-element_type=\"section\" data-e-type=\"section\" data-settings=\"{&quot;background_background&quot;:&quot;gradient&quot;,&quot;shape_divider_bottom&quot;:&quot;waves&quot;}\">\n\t\t\t\t\t\t\t<div class=\"elementor-background-overlay\"><\/div>\n\t\t\t\t\t\t<div class=\"elementor-shape elementor-shape-bottom\" aria-hidden=\"true\" data-negative=\"false\">\n\t\t\t<svg xmlns=\"http:\/\/www.w3.org\/2000\/svg\" viewbox=\"0 0 1000 100\" preserveaspectratio=\"none\">\n\t<path class=\"elementor-shape-fill\" d=\"M421.9,6.5c22.6-2.5,51.5,0.4,75.5,5.3c23.6,4.9,70.9,23.5,100.5,35.7c75.8,32.2,133.7,44.5,192.6,49.7\tc23.6,2.1,48.7,3.5,103.4-2.5c54.7-6,106.2-25.6,106.2-25.6V0H0v30.3c0,0,72,32.6,158.4,30.5c39.2-0.7,92.8-6.7,134-22.4\tc21.2-8.1,52.2-18.2,79.7-24.2C399.3,7.9,411.6,7.5,421.9,6.5z\"\/>\n<\/svg>\t\t<\/div>\n\t\t\t\t\t<div class=\"elementor-container elementor-column-gap-default\">\n\t\t\t\t\t<div class=\"elementor-column elementor-col-100 elementor-top-column elementor-element elementor-element-86c0a73\" data-id=\"86c0a73\" data-element_type=\"column\" data-e-type=\"column\">\n\t\t\t<div class=\"elementor-widget-wrap elementor-element-populated\">\n\t\t\t\t\t\t<div class=\"elementor-element elementor-element-5e431bcb elementor-widget elementor-widget-spacer\" data-id=\"5e431bcb\" data-element_type=\"widget\" data-e-type=\"widget\" data-widget_type=\"spacer.default\">\n\t\t\t\t<div class=\"elementor-widget-container\">\n\t\t\t\t\t\t\t<div class=\"elementor-spacer\">\n\t\t\t<div class=\"elementor-spacer-inner\"><\/div>\n\t\t<\/div>\n\t\t\t\t\t\t<\/div>\n\t\t\t\t<\/div>\n\t\t\t\t<div class=\"elementor-element elementor-element-2bdc301c elementor-view-default elementor-position-top elementor-widget elementor-widget-themo-header\" data-id=\"2bdc301c\" data-element_type=\"widget\" data-e-type=\"widget\" data-widget_type=\"themo-header.default\">\n\t\t\t\t<div class=\"elementor-widget-container\">\n\t\t\t\t\t\t\t<div class=\"th-header-wrap\">\n        <div class=\"elementor-icon-box-wrapper\">\n                            <div class=\"elementor-icon-box-content\">\n                    <h1 class=\"elementor-icon-box-title\">\n                        Anti-Spam-Richtlinie                    <\/h1>\n                                        <p class=\"elementor-icon-box-description\"><\/p>\n\n                                    <\/div>\n            <\/div>\n\n        <\/div>\n\n\t\t\t\t\t\t<\/div>\n\t\t\t\t<\/div>\n\t\t\t\t\t<\/div>\n\t\t<\/div>\n\t\t\t\t\t<\/div>\n\t\t<\/section>\n\t\t\t\t<section class=\"elementor-section elementor-top-section elementor-element elementor-element-1d894c1b elementor-section-boxed elementor-section-height-default elementor-section-height-default\" data-id=\"1d894c1b\" data-element_type=\"section\" data-e-type=\"section\">\n\t\t\t\t\t\t<div class=\"elementor-container elementor-column-gap-default\">\n\t\t\t\t\t<div class=\"elementor-column elementor-col-100 elementor-top-column elementor-element elementor-element-218bface\" data-id=\"218bface\" data-element_type=\"column\" data-e-type=\"column\">\n\t\t\t<div class=\"elementor-widget-wrap elementor-element-populated\">\n\t\t\t\t\t\t<div class=\"elementor-element elementor-element-608ad95f elementor-widget elementor-widget-text-editor\" data-id=\"608ad95f\" data-element_type=\"widget\" data-e-type=\"widget\" data-widget_type=\"text-editor.default\">\n\t\t\t\t<div class=\"elementor-widget-container\">\n\t\t\t\t\t\t\t\t\t<p>eMarketeer hat eine Spam-Richtlinie ohne Toleranz. Jeder Kunde, bei dem festgestellt wird, dass er eMarketeer f\u00fcr Spam verwendet, wird sofort von der Nutzung des Produkts ausgeschlossen. Wenn Sie Verst\u00f6\u00dfe kennen oder vermuten, benachrichtigen Sie uns bitte umgehend unter abuse@emarketeer.com.<\/p>\n<h6><strong>Das Engagement von eMarkeer:<\/strong><\/h6>\n<p>eMarketeer verschickt KEINE unerw\u00fcnschten E-Mails (UCE\/Spam).<br \/>eMarketeer t\u00e4tigt wissentlich keine Gesch\u00e4fte mit Unternehmen, die am Versand von UCE\/Spam beteiligt sind.<br \/>eMarketeer verkauft oder tauscht KEINE pers\u00f6nlichen Informationen aus unseren Opt-in-Listen aus.<\/p>\n<h6><strong>Was ist Spam?<\/strong><\/h6>\n<p>Spam ist unerw\u00fcnschte E-Mail, auch bekannt als UCE (Unsolicited Commercial Email).<\/p>\n<h6><strong>Wann ist E-Mail-Spam?\u00a0<\/strong><\/h6>\n<p>Die pers\u00f6nliche Identit\u00e4t und der Kontext des Empf\u00e4ngers sind irrelevant, da die Nachricht gleicherma\u00dfen auf viele andere potenzielle Empf\u00e4nger anwendbar ist; UND<br \/>Der Empf\u00e4nger hat der \u00dcbermittlung nicht nachweislich bewusst, ausdr\u00fccklich und noch widerruflich zugestimmt; UND<br \/>Die \u00dcbermittlung und der Empfang der Nachricht scheinen dem Empf\u00e4nger einen unverh\u00e4ltnism\u00e4\u00dfigen Vorteil f\u00fcr den Absender zu verschaffen.<\/p>\n<h6><strong>Was ist eine bereits bestehende Gesch\u00e4ftsbeziehung?<\/strong><\/h6>\n<p>Der Empf\u00e4nger Ihrer E-Mail hat einen Kauf get\u00e4tigt, Informationen angefordert, auf einen Fragebogen oder eine Umfrage geantwortet oder offline Kontakt mit Ihnen aufgenommen.<\/p>\n<h6><strong>Was stellt eine Einwilligung dar?<\/strong><\/h6>\n<p>Der Empf\u00e4nger Ihrer E-Mail wurde klar und vollst\u00e4ndig \u00fcber die Erfassung und Verwendung seiner E-Mail-Adresse informiert und hat vor einer solchen Erfassung und Verwendung zugestimmt. Dies wird oft als informierte Einwilligung bezeichnet.<\/p>\n\t\t\t\t\t\t\t\t<\/div>\n\t\t\t\t<\/div>\n\t\t\t\t\t<\/div>\n\t\t<\/div>\n\t\t\t\t\t<\/div>\n\t\t<\/section>\n\t\t\t\t<\/div>","protected":false},"excerpt":{"rendered":"<p>Anti-Spam-Politik eMarketeer hat eine Spam-Politik, die keine Toleranz zul\u00e4sst. Jeder Kunde, bei dem festgestellt wird, dass er eMarketeer f\u00fcr Spam benutzt, wird sofort von der Nutzung des Produkts ausgeschlossen. Wenn Sie von Verst\u00f6\u00dfen wissen oder diese vermuten, informieren Sie uns bitte ... <a href=\"https:\/\/emarketeer.com\/de\/spam\/\">Weiterlesen<\/a><\/p>","protected":false},"author":3,"featured_media":0,"parent":0,"menu_order":2,"comment_status":"closed","ping_status":"closed","template":"","meta":{"footnotes":""},"class_list":["post-2153","page","type-page","status-publish","hentry"],"_links":{"self":[{"href":"https:\/\/emarketeer.com\/de\/wp-json\/wp\/v2\/pages\/2153","targetHints":{"allow":["GET"]}}],"collection":[{"href":"https:\/\/emarketeer.com\/de\/wp-json\/wp\/v2\/pages"}],"about":[{"href":"https:\/\/emarketeer.com\/de\/wp-json\/wp\/v2\/types\/page"}],"author":[{"embeddable":true,"href":"https:\/\/emarketeer.com\/de\/wp-json\/wp\/v2\/users\/3"}],"replies":[{"embeddable":true,"href":"https:\/\/emarketeer.com\/de\/wp-json\/wp\/v2\/comments?post=2153"}],"version-history":[{"count":14,"href":"https:\/\/emarketeer.com\/de\/wp-json\/wp\/v2\/pages\/2153\/revisions"}],"predecessor-version":[{"id":17760,"href":"https:\/\/emarketeer.com\/de\/wp-json\/wp\/v2\/pages\/2153\/revisions\/17760"}],"wp:attachment":[{"href":"https:\/\/emarketeer.com\/de\/wp-json\/wp\/v2\/media?parent=2153"}],"curies":[{"name":"wp","href":"https:\/\/api.w.org\/{rel}","templated":true}]}}