{"id":17737,"date":"2022-07-20T13:26:07","date_gmt":"2022-07-20T13:26:07","guid":{"rendered":"https:\/\/temp.emarketeer.com\/?page_id=17737"},"modified":"2023-01-11T11:41:30","modified_gmt":"2023-01-11T11:41:30","slug":"eula","status":"publish","type":"page","link":"https:\/\/emarketeer.com\/nb\/eula\/","title":{"rendered":"Sluttbrukerlisensavtale"},"content":{"rendered":"<div data-elementor-type=\"wp-page\" data-elementor-id=\"17737\" class=\"elementor elementor-17737\" data-elementor-post-type=\"page\">\n\t\t\t\t\t\t<section class=\"elementor-section elementor-top-section elementor-element elementor-element-5bb2f7e0 elementor-section-height-min-height elementor-section-boxed elementor-section-height-default elementor-section-items-middle\" data-id=\"5bb2f7e0\" data-element_type=\"section\" data-e-type=\"section\" data-settings=\"{&quot;background_background&quot;:&quot;gradient&quot;,&quot;shape_divider_bottom&quot;:&quot;waves&quot;}\">\n\t\t\t\t\t\t\t<div class=\"elementor-background-overlay\"><\/div>\n\t\t\t\t\t\t<div class=\"elementor-shape elementor-shape-bottom\" aria-hidden=\"true\" data-negative=\"false\">\n\t\t\t<svg xmlns=\"http:\/\/www.w3.org\/2000\/svg\" viewbox=\"0 0 1000 100\" preserveaspectratio=\"none\">\n\t<path class=\"elementor-shape-fill\" d=\"M421.9,6.5c22.6-2.5,51.5,0.4,75.5,5.3c23.6,4.9,70.9,23.5,100.5,35.7c75.8,32.2,133.7,44.5,192.6,49.7\tc23.6,2.1,48.7,3.5,103.4-2.5c54.7-6,106.2-25.6,106.2-25.6V0H0v30.3c0,0,72,32.6,158.4,30.5c39.2-0.7,92.8-6.7,134-22.4\tc21.2-8.1,52.2-18.2,79.7-24.2C399.3,7.9,411.6,7.5,421.9,6.5z\"\/>\n<\/svg>\t\t<\/div>\n\t\t\t\t\t<div class=\"elementor-container elementor-column-gap-default\">\n\t\t\t\t\t<div class=\"elementor-column elementor-col-100 elementor-top-column elementor-element elementor-element-b558998\" data-id=\"b558998\" data-element_type=\"column\" data-e-type=\"column\">\n\t\t\t<div class=\"elementor-widget-wrap elementor-element-populated\">\n\t\t\t\t\t\t<div class=\"elementor-element elementor-element-7124f273 elementor-widget elementor-widget-spacer\" data-id=\"7124f273\" data-element_type=\"widget\" data-e-type=\"widget\" data-widget_type=\"spacer.default\">\n\t\t\t\t<div class=\"elementor-widget-container\">\n\t\t\t\t\t\t\t<div class=\"elementor-spacer\">\n\t\t\t<div class=\"elementor-spacer-inner\"><\/div>\n\t\t<\/div>\n\t\t\t\t\t\t<\/div>\n\t\t\t\t<\/div>\n\t\t\t\t<div class=\"elementor-element elementor-element-3242620 elementor-view-default elementor-position-top elementor-widget elementor-widget-themo-header\" data-id=\"3242620\" data-element_type=\"widget\" data-e-type=\"widget\" data-widget_type=\"themo-header.default\">\n\t\t\t\t<div class=\"elementor-widget-container\">\n\t\t\t\t\t\t\t<div class=\"th-header-wrap\">\n        <div class=\"elementor-icon-box-wrapper\">\n                            <div class=\"elementor-icon-box-content\">\n                    <h1 class=\"elementor-icon-box-title\">\n                        Sluttbrukerlisensavtale                    <\/h1>\n                                        <p class=\"elementor-icon-box-description\">Versjon 2017-12-01<\/p>\n\n                                    <\/div>\n            <\/div>\n\n        <\/div>\n\n\t\t\t\t\t\t<\/div>\n\t\t\t\t<\/div>\n\t\t\t\t\t<\/div>\n\t\t<\/div>\n\t\t\t\t\t<\/div>\n\t\t<\/section>\n\t\t\t\t<section class=\"elementor-section elementor-top-section elementor-element elementor-element-1d894c1b elementor-section-boxed elementor-section-height-default elementor-section-height-default\" data-id=\"1d894c1b\" data-element_type=\"section\" data-e-type=\"section\">\n\t\t\t\t\t\t<div class=\"elementor-container elementor-column-gap-default\">\n\t\t\t\t\t<div class=\"elementor-column elementor-col-100 elementor-top-column elementor-element elementor-element-218bface\" data-id=\"218bface\" data-element_type=\"column\" data-e-type=\"column\">\n\t\t\t<div class=\"elementor-widget-wrap elementor-element-populated\">\n\t\t\t\t\t\t<div class=\"elementor-element elementor-element-608ad95f elementor-widget elementor-widget-text-editor\" data-id=\"608ad95f\" data-element_type=\"widget\" data-e-type=\"widget\" data-widget_type=\"text-editor.default\">\n\t\t\t\t<div class=\"elementor-widget-container\">\n\t\t\t\t\t\t\t\t\t<p><strong>Gjennom denne brukerforpliktelsen \u00f8nsker eMarketeer AB \u00e5 beskytte sine kunder og seg selv mot handlinger som kan v\u00e6re skadelige for alle parter.<br \/><\/strong><br \/>Jeg bekrefter f\u00f8lgende som individuell bruker av programvarekonseptet eMarketeer overfor min arbeidsgiver og eMarketeer AB, (org. nr 556631-4497), at jeg er klar over dette innholdet og at jeg godkjenner, aksepterer og er ansvarlig for f\u00f8lgende:<\/p><h4>1. Kundens rettigheter<\/h4><p>1.1 Bruk av eMarketeer krever personlig registrering og innlogging av meg som bruker. Jeg forplikter meg til \u00e5 f\u00f8lge alle bruksanvisninger og sikkerhetsinstruksjoner utstedt av eMarketeer.<\/p><p>1.2 Jeg skal ikke foreta eller tillate salgsoverf\u00f8ring eller bruk av servicebyr\u00e5er av eMarketeer, modifikasjoner, tillegg eller forbedringer av eMarketeer eller for\u00e5rsake eller tillate omvendt utvikling, demontering eller dekompilering av dette. Opphavsrett og alle andre rettigheter ang\u00e5ende endringer av tjenesten skal tilfalle eMarketeer uten s\u00e6rskilt kompensasjon.<\/p><h4>2. Arbeidsflyt<\/h4><p>2.1 Bruk av eMarketeer oppn\u00e5s ved en unik p\u00e5logging som gis av eMarketeer etter registrering av kundeinformasjon.<\/p><h4>3. Hensyn til informasjon<\/h4><p>3.1 Det er jeg, brukeren, som administrerer personopplysningene som finnes for bruk i eMarketeer og er ansvarlig for at databasen implementeres i henhold til General Data Protection Regulation (GDPR).<\/p><h4>4. Hemmelighold<\/h4><p>4.1 Jeg forplikter meg til \u00e5 gj\u00f8re mitt beste for at all forretningsinformasjon som avsl\u00f8res av den ene parten til den andre i forbindelse med avtalen skal behandles som konfidensiell informasjon med mindre slik informasjon er en del av eller senere blir en del av det offentlige domene uten skyld fra den andre part eller den ble senere innhentet av den andre parten fra uavhengige kilder fri for taushetsplikt.<\/p><p>4.2 Jeg forplikter meg til \u00e5 s\u00f8rge for at brukernavnet og passordet mitt er trygt beskyttet, kun brukes av de tiltenkte brukerne og ikke kommer i hendene p\u00e5 uautoriserte brukere.<\/p><h4>5. Retningslinjer for bruk av eMarketeer<\/h4><p>En kunde hos eMarketeer kan ikke selv eller tillate noen annen part, akseptere misbruk, ulovlig eller uredelig bruk av eMarketeer-tjenester p\u00e5 en slik m\u00e5te som inkluderer, men er ikke begrenset til, f\u00f8lgende:<\/p><div><ul><li>\u00e5 ha en m\u00e5lgruppe, forum, e-postliste for e-post eller andre lignende gruppelister, og til dem sende eller legge ut alt som for\u00e5rsaker klager fra mottakeren av slik u\u00f8nsket e-post;<\/li><li>eller, s\u00e5kalt &quot;Mail Bombing and Spamming: f.eks at innen kort tid, sende store mengder u\u00f8nskede meldinger via e-post til en eller flere e-postkontoer;<\/li><li>eller \u00e5 sende u\u00f8nsket e-post til flere brukere via e-post der det er rimelig sannsynlig at meldingen vil for\u00e5rsake klager fra noen av mottakerne;<\/li><li>eller, n\u00e5r en uautorisert bruker pr\u00f8ver \u00e5 f\u00e5 tilgang til en konto eller datamaskinressurs som ikke tilh\u00f8rer den aktuelle brukeren;<\/li><li>eller med vilje p\u00e5 noen m\u00e5te skaffe eller fors\u00f8ke \u00e5 f\u00e5 tilgang til eMarketeer-tjenester uten \u00e5 betale for det;<\/li><li>eller p\u00e5 noen m\u00e5te uautorisert fors\u00f8k p\u00e5 \u00e5 laste ned, endre eller \u00f8delegge informasjon som tilh\u00f8rer noen av eMarketeer-kunder eller sluttbrukere;<\/li><li>eller \u00e5 delta i enhver aktivitet (f.eks. synkroniserte nummersekvensangrep) vel vitende om at det vil forringe tjenesten for noen av eMarketeers kunder;<\/li><li>eller, ulovlig eller for \u00e5 st\u00f8tte ulovlige aktiviteter, ved \u00e5 bruke eMarketeer-tjenester,<\/li><li>eller for \u00e5 spre ulovlige kopier av kommersiell programvare eller annet opphavsrettsbeskyttet materiale.<\/li><\/ul><\/div><p>eMarketeer-kunder er ansvarlige for sine sluttbrukeres dokumenter og ved \u00e5 motta tjenester fra eMarketeer er det opp til kunden \u00e5 sikre at deres sluttbrukere overholder denne brukerforpliktelsen. En klage p\u00e5 en sluttbruker til en eMarketeer-kunde vil bli videresendt til den relevante kundekontraktsansvarlige for handling.<\/p><p>Hvis en uakseptabel aktivitet fortsetter, kan eMarketeer uten varsel suspendere eller iverksette n\u00f8dvendige tiltak som eMarketeer anser som n\u00f8dvendige for de aktuelle tjenestene eller produktene. eMarketeer kompenserer ikke avbruddet som oppstod p\u00e5 grunn av brudd p\u00e5 denne policyen.<\/p><p>eMarketeer vil samarbeide med andre leverand\u00f8rer av Internett- og nettjenester for \u00e5 forhindre og hindre misbruk.<\/p>\t\t\t\t\t\t\t\t<\/div>\n\t\t\t\t<\/div>\n\t\t\t\t\t<\/div>\n\t\t<\/div>\n\t\t\t\t\t<\/div>\n\t\t<\/section>\n\t\t\t\t<\/div>","protected":false},"excerpt":{"rendered":"<p>Lisensavtale for sluttbrukere Versjon 2017-12-01 eMarketeer AB \u00f8nsker gjennom denne brukerforpliktelsen \u00e5 beskytte sine kunder og seg selv mot handlinger som kan v\u00e6re skadelige for alle parter.jeg bekrefter f\u00f8lgende som individuell bruker av programvarekonseptet eMarketeer overfor ... <a href=\"https:\/\/emarketeer.com\/nb\/eula\/\">Les mer<\/a><\/p>","protected":false},"author":3,"featured_media":0,"parent":0,"menu_order":6,"comment_status":"closed","ping_status":"closed","template":"","meta":{"footnotes":""},"class_list":["post-17737","page","type-page","status-publish","hentry"],"_links":{"self":[{"href":"https:\/\/emarketeer.com\/nb\/wp-json\/wp\/v2\/pages\/17737","targetHints":{"allow":["GET"]}}],"collection":[{"href":"https:\/\/emarketeer.com\/nb\/wp-json\/wp\/v2\/pages"}],"about":[{"href":"https:\/\/emarketeer.com\/nb\/wp-json\/wp\/v2\/types\/page"}],"author":[{"embeddable":true,"href":"https:\/\/emarketeer.com\/nb\/wp-json\/wp\/v2\/users\/3"}],"replies":[{"embeddable":true,"href":"https:\/\/emarketeer.com\/nb\/wp-json\/wp\/v2\/comments?post=17737"}],"version-history":[{"count":16,"href":"https:\/\/emarketeer.com\/nb\/wp-json\/wp\/v2\/pages\/17737\/revisions"}],"predecessor-version":[{"id":17774,"href":"https:\/\/emarketeer.com\/nb\/wp-json\/wp\/v2\/pages\/17737\/revisions\/17774"}],"wp:attachment":[{"href":"https:\/\/emarketeer.com\/nb\/wp-json\/wp\/v2\/media?parent=17737"}],"curies":[{"name":"wp","href":"https:\/\/api.w.org\/{rel}","templated":true}]}}