{"id":2092,"date":"2021-10-05T06:10:08","date_gmt":"2021-10-05T06:10:08","guid":{"rendered":"https:\/\/emarketeer.com\/?page_id=2092"},"modified":"2023-01-11T11:41:35","modified_gmt":"2023-01-11T11:41:35","slug":"privacy-policy","status":"publish","type":"page","link":"https:\/\/emarketeer.com\/nb\/privacy-policy\/","title":{"rendered":"Personvernerkl\u00e6ring"},"content":{"rendered":"<div data-elementor-type=\"wp-page\" data-elementor-id=\"2092\" class=\"elementor elementor-2092\" data-elementor-post-type=\"page\">\n\t\t\t\t\t\t<section class=\"elementor-section elementor-top-section elementor-element elementor-element-7375c18 elementor-section-content-middle elementor-section-boxed elementor-section-height-default elementor-section-height-default\" data-id=\"7375c18\" data-element_type=\"section\" data-e-type=\"section\">\n\t\t\t\t\t\t<div class=\"elementor-container elementor-column-gap-default\">\n\t\t\t\t\t<div class=\"elementor-column elementor-col-33 elementor-top-column elementor-element elementor-element-0de81f7\" data-id=\"0de81f7\" data-element_type=\"column\" data-e-type=\"column\">\n\t\t\t<div class=\"elementor-widget-wrap elementor-element-populated\">\n\t\t\t\t\t\t<div class=\"elementor-element elementor-element-a065da0 elementor-widget elementor-widget-image\" data-id=\"a065da0\" data-element_type=\"widget\" data-e-type=\"widget\" data-widget_type=\"image.default\">\n\t\t\t\t<div class=\"elementor-widget-container\">\n\t\t\t\t\t\t\t\t\t\t\t\t\t\t\t<img decoding=\"async\" width=\"280\" height=\"75\" src=\"https:\/\/emarketeer.com\/wp-content\/uploads\/2018\/09\/58CF038F-2622-4D58-A9BD-368107ECE0F3__emlogo_onlight_3000_newnewred_brandguide-1-e1538056857279.png\" class=\"attachment-th_img_xs size-th_img_xs wp-image-1105\" alt=\"\" \/>\t\t\t\t\t\t\t\t\t\t\t\t\t\t\t<\/div>\n\t\t\t\t<\/div>\n\t\t\t\t\t<\/div>\n\t\t<\/div>\n\t\t\t\t<div class=\"elementor-column elementor-col-33 elementor-top-column elementor-element elementor-element-fbf0710\" data-id=\"fbf0710\" data-element_type=\"column\" data-e-type=\"column\">\n\t\t\t<div class=\"elementor-widget-wrap elementor-element-populated\">\n\t\t\t\t\t\t<div class=\"elementor-element elementor-element-a593300 elementor-nav-menu__align-center elementor-nav-menu--dropdown-tablet elementor-nav-menu__text-align-aside elementor-nav-menu--toggle elementor-nav-menu--burger elementor-widget elementor-widget-nav-menu\" data-id=\"a593300\" data-element_type=\"widget\" data-e-type=\"widget\" data-settings=\"{&quot;layout&quot;:&quot;horizontal&quot;,&quot;submenu_icon&quot;:{&quot;value&quot;:&quot;&lt;i class=\\&quot;fas fa-caret-down\\&quot;&gt;&lt;\\\/i&gt;&quot;,&quot;library&quot;:&quot;fa-solid&quot;},&quot;toggle&quot;:&quot;burger&quot;}\" data-widget_type=\"nav-menu.default\">\n\t\t\t\t<div class=\"elementor-widget-container\">\n\t\t\t\t\t\t\t\t<nav aria-label=\"Meny\" class=\"elementor-nav-menu--main elementor-nav-menu__container elementor-nav-menu--layout-horizontal e--pointer-underline e--animation-fade\">\n\t\t\t\t<ul id=\"menu-1-a593300\" class=\"elementor-nav-menu\"><li class=\"menu-item menu-item-type-custom menu-item-object-custom menu-item-has-children menu-item-20030\"><a href=\"#\" class=\"elementor-item elementor-item-anchor\">Produkter<\/a>\n<ul class=\"sub-menu elementor-nav-menu--dropdown\">\n\t<li class=\"menu-item menu-item-type-post_type menu-item-object-page menu-item-20031\"><a href=\"https:\/\/emarketeer.com\/nb\/products\/\" class=\"elementor-sub-item\">Produktoversikt<\/a><\/li>\n\t<li class=\"menu-item menu-item-type-post_type menu-item-object-page menu-item-20039\"><a href=\"https:\/\/emarketeer.com\/nb\/marketing-cloud\/\" class=\"elementor-sub-item\">Marketing Cloud<\/a><\/li>\n\t<li class=\"menu-item menu-item-type-post_type menu-item-object-page menu-item-20322\"><a href=\"https:\/\/emarketeer.com\/nb\/lead-management\/\" class=\"elementor-sub-item\">Lead Management<\/a><\/li>\n\t<li class=\"menu-item menu-item-type-post_type menu-item-object-page menu-item-23379\"><a href=\"https:\/\/emarketeer.com\/nb\/integrations\/\" class=\"elementor-sub-item\">Integrasjoner<\/a><\/li>\n<\/ul>\n<\/li>\n<li class=\"menu-item menu-item-type-post_type menu-item-object-page menu-item-19328\"><a href=\"https:\/\/emarketeer.com\/nb\/customers\/\" class=\"elementor-item\">Kunder<\/a><\/li>\n<li class=\"menu-item menu-item-type-post_type menu-item-object-page menu-item-17714\"><a href=\"https:\/\/emarketeer.com\/nb\/webinars\/\" class=\"elementor-item\">Webinarer<\/a><\/li>\n<li class=\"menu-item menu-item-type-post_type menu-item-object-page menu-item-17781\"><a href=\"https:\/\/emarketeer.com\/nb\/pricing\/\" class=\"elementor-item\">Prissetting<\/a><\/li>\n<li class=\"menu-item menu-item-type-custom menu-item-object-custom menu-item-has-children menu-item-19154\"><a href=\"#\" class=\"elementor-item elementor-item-anchor\">Om oss<\/a>\n<ul class=\"sub-menu elementor-nav-menu--dropdown\">\n\t<li class=\"menu-item menu-item-type-post_type menu-item-object-page menu-item-23958\"><a href=\"https:\/\/emarketeer.com\/nb\/blog\/\" class=\"elementor-sub-item\">Nyheter og blogg<\/a><\/li>\n\t<li class=\"menu-item menu-item-type-post_type menu-item-object-page menu-item-16988\"><a href=\"https:\/\/emarketeer.com\/nb\/contact\/\" class=\"elementor-sub-item\">Ta kontakt med<\/a><\/li>\n\t<li class=\"menu-item menu-item-type-post_type menu-item-object-post menu-item-22275\"><a href=\"https:\/\/emarketeer.com\/nb\/news\/newoffice\/\" class=\"elementor-sub-item\">V\u00e5rt kontor<\/a><\/li>\n\t<li class=\"menu-item menu-item-type-post_type menu-item-object-page menu-item-19873\"><a href=\"https:\/\/emarketeer.com\/nb\/management\/\" class=\"elementor-sub-item\">Ledergruppe<\/a><\/li>\n<\/ul>\n<\/li>\n<\/ul>\t\t\t<\/nav>\n\t\t\t\t\t<div class=\"elementor-menu-toggle\" role=\"button\" tabindex=\"0\" aria-label=\"Menyveksling\" aria-expanded=\"false\">\n\t\t\t<i aria-hidden=\"true\" role=\"presentation\" class=\"elementor-menu-toggle__icon--open eicon-menu-bar\"><\/i><i aria-hidden=\"true\" role=\"presentation\" class=\"elementor-menu-toggle__icon--close eicon-close\"><\/i>\t\t<\/div>\n\t\t\t\t\t<nav class=\"elementor-nav-menu--dropdown elementor-nav-menu__container\" aria-hidden=\"true\">\n\t\t\t\t<ul id=\"menu-2-a593300\" class=\"elementor-nav-menu\"><li class=\"menu-item menu-item-type-custom menu-item-object-custom menu-item-has-children menu-item-20030\"><a href=\"#\" class=\"elementor-item elementor-item-anchor\" tabindex=\"-1\">Produkter<\/a>\n<ul class=\"sub-menu elementor-nav-menu--dropdown\">\n\t<li class=\"menu-item menu-item-type-post_type menu-item-object-page menu-item-20031\"><a href=\"https:\/\/emarketeer.com\/nb\/products\/\" class=\"elementor-sub-item\" tabindex=\"-1\">Produktoversikt<\/a><\/li>\n\t<li class=\"menu-item menu-item-type-post_type menu-item-object-page menu-item-20039\"><a href=\"https:\/\/emarketeer.com\/nb\/marketing-cloud\/\" class=\"elementor-sub-item\" tabindex=\"-1\">Marketing Cloud<\/a><\/li>\n\t<li class=\"menu-item menu-item-type-post_type menu-item-object-page menu-item-20322\"><a href=\"https:\/\/emarketeer.com\/nb\/lead-management\/\" class=\"elementor-sub-item\" tabindex=\"-1\">Lead Management<\/a><\/li>\n\t<li class=\"menu-item menu-item-type-post_type menu-item-object-page menu-item-23379\"><a href=\"https:\/\/emarketeer.com\/nb\/integrations\/\" class=\"elementor-sub-item\" tabindex=\"-1\">Integrasjoner<\/a><\/li>\n<\/ul>\n<\/li>\n<li class=\"menu-item menu-item-type-post_type menu-item-object-page menu-item-19328\"><a href=\"https:\/\/emarketeer.com\/nb\/customers\/\" class=\"elementor-item\" tabindex=\"-1\">Kunder<\/a><\/li>\n<li class=\"menu-item menu-item-type-post_type menu-item-object-page menu-item-17714\"><a href=\"https:\/\/emarketeer.com\/nb\/webinars\/\" class=\"elementor-item\" tabindex=\"-1\">Webinarer<\/a><\/li>\n<li class=\"menu-item menu-item-type-post_type menu-item-object-page menu-item-17781\"><a href=\"https:\/\/emarketeer.com\/nb\/pricing\/\" class=\"elementor-item\" tabindex=\"-1\">Prissetting<\/a><\/li>\n<li class=\"menu-item menu-item-type-custom menu-item-object-custom menu-item-has-children menu-item-19154\"><a href=\"#\" class=\"elementor-item elementor-item-anchor\" tabindex=\"-1\">Om oss<\/a>\n<ul class=\"sub-menu elementor-nav-menu--dropdown\">\n\t<li class=\"menu-item menu-item-type-post_type menu-item-object-page menu-item-23958\"><a href=\"https:\/\/emarketeer.com\/nb\/blog\/\" class=\"elementor-sub-item\" tabindex=\"-1\">Nyheter og blogg<\/a><\/li>\n\t<li class=\"menu-item menu-item-type-post_type menu-item-object-page menu-item-16988\"><a href=\"https:\/\/emarketeer.com\/nb\/contact\/\" class=\"elementor-sub-item\" tabindex=\"-1\">Ta kontakt med<\/a><\/li>\n\t<li class=\"menu-item menu-item-type-post_type menu-item-object-post menu-item-22275\"><a href=\"https:\/\/emarketeer.com\/nb\/news\/newoffice\/\" class=\"elementor-sub-item\" tabindex=\"-1\">V\u00e5rt kontor<\/a><\/li>\n\t<li class=\"menu-item menu-item-type-post_type menu-item-object-page menu-item-19873\"><a href=\"https:\/\/emarketeer.com\/nb\/management\/\" class=\"elementor-sub-item\" tabindex=\"-1\">Ledergruppe<\/a><\/li>\n<\/ul>\n<\/li>\n<\/ul>\t\t\t<\/nav>\n\t\t\t\t\t\t<\/div>\n\t\t\t\t<\/div>\n\t\t\t\t\t<\/div>\n\t\t<\/div>\n\t\t\t\t<div class=\"elementor-column elementor-col-33 elementor-top-column elementor-element elementor-element-e766722\" data-id=\"e766722\" data-element_type=\"column\" data-e-type=\"column\">\n\t\t\t<div class=\"elementor-widget-wrap\">\n\t\t\t\t\t\t\t<\/div>\n\t\t<\/div>\n\t\t\t\t\t<\/div>\n\t\t<\/section>\n\t\t\t\t<section class=\"elementor-section elementor-top-section elementor-element elementor-element-4023ae8 elementor-section-height-min-height elementor-section-boxed elementor-section-height-default elementor-section-items-middle\" data-id=\"4023ae8\" data-element_type=\"section\" data-e-type=\"section\" data-settings=\"{&quot;background_background&quot;:&quot;classic&quot;,&quot;shape_divider_bottom&quot;:&quot;waves&quot;}\">\n\t\t\t\t\t\t\t<div class=\"elementor-background-overlay\"><\/div>\n\t\t\t\t\t\t<div class=\"elementor-shape elementor-shape-bottom\" aria-hidden=\"true\" data-negative=\"false\">\n\t\t\t<svg xmlns=\"http:\/\/www.w3.org\/2000\/svg\" viewbox=\"0 0 1000 100\" preserveaspectratio=\"none\">\n\t<path class=\"elementor-shape-fill\" d=\"M421.9,6.5c22.6-2.5,51.5,0.4,75.5,5.3c23.6,4.9,70.9,23.5,100.5,35.7c75.8,32.2,133.7,44.5,192.6,49.7\tc23.6,2.1,48.7,3.5,103.4-2.5c54.7-6,106.2-25.6,106.2-25.6V0H0v30.3c0,0,72,32.6,158.4,30.5c39.2-0.7,92.8-6.7,134-22.4\tc21.2-8.1,52.2-18.2,79.7-24.2C399.3,7.9,411.6,7.5,421.9,6.5z\"\/>\n<\/svg>\t\t<\/div>\n\t\t\t\t\t<div class=\"elementor-container elementor-column-gap-default\">\n\t\t\t\t\t<div class=\"elementor-column elementor-col-100 elementor-top-column elementor-element elementor-element-39e6e24\" data-id=\"39e6e24\" data-element_type=\"column\" data-e-type=\"column\">\n\t\t\t<div class=\"elementor-widget-wrap elementor-element-populated\">\n\t\t\t\t\t\t<div class=\"elementor-element elementor-element-8e6369e elementor-widget elementor-widget-spacer\" data-id=\"8e6369e\" data-element_type=\"widget\" data-e-type=\"widget\" data-widget_type=\"spacer.default\">\n\t\t\t\t<div class=\"elementor-widget-container\">\n\t\t\t\t\t\t\t<div class=\"elementor-spacer\">\n\t\t\t<div class=\"elementor-spacer-inner\"><\/div>\n\t\t<\/div>\n\t\t\t\t\t\t<\/div>\n\t\t\t\t<\/div>\n\t\t\t\t<div class=\"elementor-element elementor-element-8fbba27 elementor-view-default elementor-position-top elementor-widget elementor-widget-themo-header\" data-id=\"8fbba27\" data-element_type=\"widget\" data-e-type=\"widget\" data-widget_type=\"themo-header.default\">\n\t\t\t\t<div class=\"elementor-widget-container\">\n\t\t\t\t\t\t\t<div class=\"th-header-wrap\">\n        <div class=\"elementor-icon-box-wrapper\">\n                            <div class=\"elementor-icon-box-content\">\n                    <h1 class=\"elementor-icon-box-title\">\n                        Personvernerkl\u00e6ring                    <\/h1>\n                                        <p class=\"elementor-icon-box-description\"><\/p>\n\n                                    <\/div>\n            <\/div>\n\n        <\/div>\n\n\t\t\t\t\t\t<\/div>\n\t\t\t\t<\/div>\n\t\t\t\t\t<\/div>\n\t\t<\/div>\n\t\t\t\t\t<\/div>\n\t\t<\/section>\n\t\t\t\t<section class=\"elementor-section elementor-top-section elementor-element elementor-element-483be185 elementor-section-boxed elementor-section-height-default elementor-section-height-default\" data-id=\"483be185\" data-element_type=\"section\" data-e-type=\"section\">\n\t\t\t\t\t\t<div class=\"elementor-container elementor-column-gap-default\">\n\t\t\t\t\t<div class=\"elementor-column elementor-col-100 elementor-top-column elementor-element elementor-element-70fc28a2\" data-id=\"70fc28a2\" data-element_type=\"column\" data-e-type=\"column\">\n\t\t\t<div class=\"elementor-widget-wrap elementor-element-populated\">\n\t\t\t\t\t\t<div class=\"elementor-element elementor-element-7e8ed6c7 elementor-widget elementor-widget-text-editor\" data-id=\"7e8ed6c7\" data-element_type=\"widget\" data-e-type=\"widget\" data-widget_type=\"text-editor.default\">\n\t\t\t\t<div class=\"elementor-widget-container\">\n\t\t\t\t\t\t\t\t\t<p style=\"text-align: center;\">Versjon 1.1<\/p><p style=\"text-align: center;\">Sist endret 2018-04-25.<\/p><h3><strong>Lovlig etterlevelse\u00a0<\/strong><\/h3><p>eMarketeer f\u00f8lger de juridiske kravene gitt av EU i FORORDNING (EU) 2016\/679 AV EUROPAPARLAMENTET OG R\u00c5DET av 27. april 2016 om beskyttelse av personer med hensyn til behandling av personopplysninger og om fri flyt av slike data , og opphever DIREKTIV 95\/46\/EC (General Data Protection Regulation \u2013 GDPR). USA-baserte tjenester er sertifisert under EU-US Privacy Shield Framework, og\/eller US \u2013 Swiss Safe Harbor Framework. Alle data lagres i Europa.<\/p><h2>\u00a0<\/h2><h3><strong>eMarketeer Generelle prinsipper og styring<\/strong><\/h3><p><strong><br \/>Databehandleravtaler<br \/><\/strong>Databehandlingsavtaler er signert mellom eMarketeer og kunden. Form\u00e5let med databehandleravtalen er \u00e5 regulere eMarketeer-behandling av personopplysninger p\u00e5 vegne av Kunden ved bruk av eMarketers applikasjoner. Underdatabehandlingsavtaler er signert mellom eMarketeer og underprosessorer.<\/p><p><strong>Hvilken informasjon samler vi inn?<br \/><\/strong>Under registrering av kunder samler vi inn informasjon som firmanavn, brukernavn, e-post, adresse, beliggenhet og telefonnummer. Google, som en tredjepartsleverand\u00f8r, bruker informasjonskapsler for \u00e5 vise annonser p\u00e5 nettstedet ditt. Googles bruk av DART-informasjonskapselen gj\u00f8r at den kan vise annonser til brukerne dine basert p\u00e5 deres bes\u00f8k p\u00e5 nettstedene dine og andre nettsteder p\u00e5 Internett. Brukere kan velge bort bruken av DART-informasjonskapselen ved \u00e5 bes\u00f8ke personvernreglene for Googles annonse- og innholdsnettverk.<\/p><h4>\u00a0<\/h4><p><strong>Hva bruker vi informasjonen din til?<br \/><\/strong>All informasjon vi samler inn fra deg kan brukes p\u00e5 en av f\u00f8lgende m\u00e5ter:<\/p><ul><li>For \u00e5 behandle transaksjoner<\/li><li>For kundeidentifikasjon<\/li><li>For \u00e5 kontakte kunden hvis det skulle v\u00e6re et problem med konto.<\/li><li>For \u00e5 administrere en konkurranse, kampanje, sp\u00f8rreunders\u00f8kelse eller annen sidefunksjon<\/li><li>For \u00e5 sende periodiske e-poster om produktutgivelser og annen relevant eMarketeer-informasjon<\/li><\/ul><p>E-postadressen du oppgir for bestillingsbehandling vil kun bli brukt til \u00e5 sende deg informasjon og oppdateringer knyttet til bestillingen din. Informasjonen din, enten den er offentlig eller privat, vil ikke bli solgt, utvekslet, overf\u00f8rt eller gitt til noe annet selskap av noen som helst grunn uten ditt samtykke annet enn for det uttrykkelige form\u00e5let \u00e5 levere det kj\u00f8pte produktet eller tjenesten som er forespurt.<\/p><p>\u00a0<\/p><p><strong>Risikostyring<br \/><\/strong>Det gjennomf\u00f8res en overordnet risikovurdering i forhold til informasjonsobjekter som oppdateres en gang i \u00e5ret. eMarketeer-tiln\u00e6rming til sikkerhet er basert p\u00e5 risikovurderinger i henhold til artikkel 24 i EUs generelle databeskyttelsesforordning (EU-GDPR) og IKT-forskriften \u00a73.<\/p><p>\u00a0<\/p><p><strong>Informasjonsklassifisering og kontroll<br \/><\/strong>Det er viktig for eMarketeer at brudd p\u00e5 konfidensialitet og utilstrekkelig integritet av informasjon ikke forekommer. Det er derfor viktig at vi beskytter informasjon basert p\u00e5 dens kritikkverdighet. Alle hovedopplysninger og eiendeler registreres og tildeles en utpekt eier. Informasjonen er klassifisert for \u00e5 muliggj\u00f8re anvendelse av n\u00f8dvendige og hensiktsmessige sikkerhetskontroller. Informasjonseier er ansvarlig for vedlikehold og at kontroller og forbedringer utf\u00f8res. All informasjon som er lagret i eMarketeer-applikasjoner behandles som konfidensiell og blir ikke avsl\u00f8rt eller solgt til noen tredjepart. All informasjon lagres sikkert, og kan kun n\u00e5s av kunden og betrodd eMarketeer-personell for nettstedadministrasjonsform\u00e5l.<\/p><p>\u00a0<\/p><p><strong>Hvor lenge vil informasjon bli lagret?<br \/><\/strong>Opplysninger vil ikke bli lagret lenger enn n\u00f8dvendig for de form\u00e5l informasjonen behandles for.<\/p><p>\u00a0<\/p><p><strong>Rettigheter og kontaktinformasjon<br \/><\/strong>P\u00e5 foresp\u00f8rsel vil v\u00e5r personvernombud gi deg informasjon om hvorvidt og hvilke personopplysninger vi lagrer i forhold til deg. Skulle dine personopplysninger v\u00e6re feil, kan du f\u00e5 dem rettet. Du kan ogs\u00e5 trekke tilbake ditt samtykke til \u00e5 bruke dine personopplysninger i fremtiden, helt eller delvis, eller be om sletting av dine personopplysninger. Du kan be om \u00e5 f\u00e5 dataene dine eksportert i et velkjent format. Send gjerne slike foresp\u00f8rsler eller andre sp\u00f8rsm\u00e5l og kommentarer ang\u00e5ende denne personvernerkl\u00e6ringen eller personvernpraksisen til eMarketeer til v\u00e5r databeskyttelsesansvarlig p\u00e5 e-postadressen <a href=\"mailto:privacy@emarketeer.com\">privacy@emarketeer.com<\/a> .<\/p><p>\u00a0<\/p><p><strong>Hvordan beskytter vi informasjonen din?<br \/><\/strong>Vi tilbyr bruk av en sikker server. All oppgitt sensitiv informasjon\/kredittinformasjon overf\u00f8res via Secure Socket Layer (SSL)-teknologi og krypteres deretter inn i v\u00e5r Payment Gateway-leverand\u00f8rdatabase. Bare de som er autorisert med spesielle tilgangsrettigheter vil ha tilgang til slike systemer og er p\u00e5lagt \u00e5 holde informasjonen konfidensiell. Etter en transaksjon vil ikke din private informasjon (kredittkort, personnummer, \u00f8konomi osv.) bli lagret p\u00e5 v\u00e5re servere.<\/p><p>\u00a0<\/p><p><strong>Bruker vi informasjonskapsler?<br \/><\/strong>Ja. Informasjonskapsler er sm\u00e5 filer som et nettsted eller dets tjenesteleverand\u00f8r overf\u00f8rer til datamaskinens harddisk via nettleseren din (hvis du tillater det) som gj\u00f8r det mulig for nettstedene eller tjenesteleverand\u00f8rens systemer \u00e5 gjenkjenne nettleseren din og beholde viss informasjon. Vi bruker informasjonskapsler for \u00e5 kompilere aggregerte data om nettstedtrafikk og nettstedinteraksjon, slik at vi kan tilby bedre nettstedopplevelser og verkt\u00f8y i fremtiden.<\/p><p>\u00a0<\/p><p><strong>Avsl\u00f8rer vi informasjon til eksterne parter?<br \/><\/strong>Vi selger, bytter eller overf\u00f8rer ikke din personlig identifiserbare informasjon til eksterne parter. Dette inkluderer ikke p\u00e5litelige tredjeparter som hjelper oss med \u00e5 drive nettstedet v\u00e5rt, drive virksomheten v\u00e5r eller betjene deg s\u00e5 lenge disse partene godtar \u00e5 holde denne informasjonen konfidensiell. Vi kan ogs\u00e5 frigi informasjonen din n\u00e5r vi mener at utgivelsen er passende for \u00e5 overholde loven, h\u00e5ndheve retningslinjene for nettstedet eller beskytte v\u00e5re eller andres rettigheter, eiendom eller sikkerhet. Imidlertid kan ikke-personlig identifiserbar bes\u00f8ksinformasjon gis til andre parter for markedsf\u00f8ring, reklame eller annen bruk.<\/p><p>\u00a0<\/p><p><strong>Overholdelse av California Online Privacy Protection Act<br \/><\/strong>Fordi vi verdsetter personvernet ditt, har vi tatt de n\u00f8dvendige forholdsreglene for \u00e5 v\u00e6re i samsvar med California Online Privacy Protection Act. Vi vil derfor ikke distribuere din personlige informasjon til eksterne parter uten ditt samtykke.<\/p><p>\u00a0<\/p><p><strong>Overholdelse av Children&#039;s Online Privacy Protection Act<br \/><\/strong>Vi er i samsvar med kravene i COPPA (Children&#039;s Online Privacy Protection Act) og samler ikke inn informasjon fra noen under 13 \u00e5r. V\u00e5re nettsider, produkter og tjenester er alle rettet mot personer som er minst 13 \u00e5r eller eldre.<\/p><p>\u00a0<\/p><p><strong>Ditt samtykke<br \/><\/strong>N\u00e5r noen fyller ut v\u00e5rt skjema (i hendelser som registrering for markedskommunikasjon, demoforesp\u00f8rsler eller nedlasting av markedsf\u00f8ringsinnhold osv.), m\u00e5 det gis samtykke til \u00e5 behandle denne informasjonen. Dette samtykket kan trekkes tilbake n\u00e5r som helst.<\/p><p>\u00a0<\/p><p><strong>Endringer i v\u00e5r personvernerkl\u00e6ring<br \/><\/strong>Hvis vi bestemmer oss for \u00e5 endre personvernreglene v\u00e5re, vil vi legge ut disse endringene p\u00e5 denne siden. <a href=\"\/nb\/?page_id=933\">http:\/\/www.emarketeer.com\/about\/privacy-policy\/<\/a>. Denne policyen ble sist endret 2018-04-25<\/p><p>\u00a0<\/p><p><strong>Kontakt oss<br \/><\/strong>Hvis det er sp\u00f8rsm\u00e5l ang\u00e5ende denne personvernreglene, kan du kontakte oss ved \u00e5 bruke informasjonen nedenfor.<\/p><p>\u00a0<\/p><p>eMarketeer AB<br \/>Sundbybergs torg 1<br \/>172 67 Sundbyberg, Sverige<br \/>info@emarketeer.com<br \/><a href=\"https:\/\/emarketeer.com\/nb\/\">www.emarketeer.com <\/a><br \/>(+46) 8-764 46 00<\/p>\t\t\t\t\t\t\t\t<\/div>\n\t\t\t\t<\/div>\n\t\t\t\t\t<\/div>\n\t\t<\/div>\n\t\t\t\t\t<\/div>\n\t\t<\/section>\n\t\t\t\t<\/div>","protected":false},"excerpt":{"rendered":"<p>Personvernerkl\u00e6ring Versjon 1.1 Sist endret 2018-04-25. Juridisk samsvar eMarketeer f\u00f8lger de juridiske kravene gitt av EU i EUROPAPARLAMENTS- OG R\u00c5DSFORORDNING (EU) 2016\/679 av 27. april 2016 om beskyttelse av personer med nedsatt ... <a href=\"https:\/\/emarketeer.com\/nb\/privacy-policy\/\">Les mer<\/a><\/p>","protected":false},"author":3,"featured_media":0,"parent":0,"menu_order":23,"comment_status":"closed","ping_status":"closed","template":"elementor_canvas","meta":{"footnotes":""},"class_list":["post-2092","page","type-page","status-publish","hentry"],"_links":{"self":[{"href":"https:\/\/emarketeer.com\/nb\/wp-json\/wp\/v2\/pages\/2092","targetHints":{"allow":["GET"]}}],"collection":[{"href":"https:\/\/emarketeer.com\/nb\/wp-json\/wp\/v2\/pages"}],"about":[{"href":"https:\/\/emarketeer.com\/nb\/wp-json\/wp\/v2\/types\/page"}],"author":[{"embeddable":true,"href":"https:\/\/emarketeer.com\/nb\/wp-json\/wp\/v2\/users\/3"}],"replies":[{"embeddable":true,"href":"https:\/\/emarketeer.com\/nb\/wp-json\/wp\/v2\/comments?post=2092"}],"version-history":[{"count":76,"href":"https:\/\/emarketeer.com\/nb\/wp-json\/wp\/v2\/pages\/2092\/revisions"}],"predecessor-version":[{"id":19004,"href":"https:\/\/emarketeer.com\/nb\/wp-json\/wp\/v2\/pages\/2092\/revisions\/19004"}],"wp:attachment":[{"href":"https:\/\/emarketeer.com\/nb\/wp-json\/wp\/v2\/media?parent=2092"}],"curies":[{"name":"wp","href":"https:\/\/api.w.org\/{rel}","templated":true}]}}