{"id":17737,"date":"2022-07-20T13:26:07","date_gmt":"2022-07-20T13:26:07","guid":{"rendered":"https:\/\/temp.emarketeer.com\/?page_id=17737"},"modified":"2023-01-11T11:41:30","modified_gmt":"2023-01-11T11:41:30","slug":"eula","status":"publish","type":"page","link":"https:\/\/emarketeer.com\/sv\/eula\/","title":{"rendered":"Licensavtal f\u00f6r slutanv\u00e4ndare"},"content":{"rendered":"<div data-elementor-type=\"wp-page\" data-elementor-id=\"17737\" class=\"elementor elementor-17737\" data-elementor-post-type=\"page\">\n\t\t\t\t\t\t<section class=\"elementor-section elementor-top-section elementor-element elementor-element-5bb2f7e0 elementor-section-height-min-height elementor-section-boxed elementor-section-height-default elementor-section-items-middle\" data-id=\"5bb2f7e0\" data-element_type=\"section\" data-e-type=\"section\" data-settings=\"{&quot;background_background&quot;:&quot;gradient&quot;,&quot;shape_divider_bottom&quot;:&quot;waves&quot;}\">\n\t\t\t\t\t\t\t<div class=\"elementor-background-overlay\"><\/div>\n\t\t\t\t\t\t<div class=\"elementor-shape elementor-shape-bottom\" aria-hidden=\"true\" data-negative=\"false\">\n\t\t\t<svg xmlns=\"http:\/\/www.w3.org\/2000\/svg\" viewbox=\"0 0 1000 100\" preserveaspectratio=\"none\">\n\t<path class=\"elementor-shape-fill\" d=\"M421.9,6.5c22.6-2.5,51.5,0.4,75.5,5.3c23.6,4.9,70.9,23.5,100.5,35.7c75.8,32.2,133.7,44.5,192.6,49.7\tc23.6,2.1,48.7,3.5,103.4-2.5c54.7-6,106.2-25.6,106.2-25.6V0H0v30.3c0,0,72,32.6,158.4,30.5c39.2-0.7,92.8-6.7,134-22.4\tc21.2-8.1,52.2-18.2,79.7-24.2C399.3,7.9,411.6,7.5,421.9,6.5z\"\/>\n<\/svg>\t\t<\/div>\n\t\t\t\t\t<div class=\"elementor-container elementor-column-gap-default\">\n\t\t\t\t\t<div class=\"elementor-column elementor-col-100 elementor-top-column elementor-element elementor-element-b558998\" data-id=\"b558998\" data-element_type=\"column\" data-e-type=\"column\">\n\t\t\t<div class=\"elementor-widget-wrap elementor-element-populated\">\n\t\t\t\t\t\t<div class=\"elementor-element elementor-element-7124f273 elementor-widget elementor-widget-spacer\" data-id=\"7124f273\" data-element_type=\"widget\" data-e-type=\"widget\" data-widget_type=\"spacer.default\">\n\t\t\t\t<div class=\"elementor-widget-container\">\n\t\t\t\t\t\t\t<div class=\"elementor-spacer\">\n\t\t\t<div class=\"elementor-spacer-inner\"><\/div>\n\t\t<\/div>\n\t\t\t\t\t\t<\/div>\n\t\t\t\t<\/div>\n\t\t\t\t<div class=\"elementor-element elementor-element-3242620 elementor-view-default elementor-position-top elementor-widget elementor-widget-themo-header\" data-id=\"3242620\" data-element_type=\"widget\" data-e-type=\"widget\" data-widget_type=\"themo-header.default\">\n\t\t\t\t<div class=\"elementor-widget-container\">\n\t\t\t\t\t\t\t<div class=\"th-header-wrap\">\n        <div class=\"elementor-icon-box-wrapper\">\n                            <div class=\"elementor-icon-box-content\">\n                    <h1 class=\"elementor-icon-box-title\">\n                        Licensavtal f\u00f6r slutanv\u00e4ndare                    <\/h1>\n                                        <p class=\"elementor-icon-box-description\">Version 2017-12-01<\/p>\n\n                                    <\/div>\n            <\/div>\n\n        <\/div>\n\n\t\t\t\t\t\t<\/div>\n\t\t\t\t<\/div>\n\t\t\t\t\t<\/div>\n\t\t<\/div>\n\t\t\t\t\t<\/div>\n\t\t<\/section>\n\t\t\t\t<section class=\"elementor-section elementor-top-section elementor-element elementor-element-1d894c1b elementor-section-boxed elementor-section-height-default elementor-section-height-default\" data-id=\"1d894c1b\" data-element_type=\"section\" data-e-type=\"section\">\n\t\t\t\t\t\t<div class=\"elementor-container elementor-column-gap-default\">\n\t\t\t\t\t<div class=\"elementor-column elementor-col-100 elementor-top-column elementor-element elementor-element-218bface\" data-id=\"218bface\" data-element_type=\"column\" data-e-type=\"column\">\n\t\t\t<div class=\"elementor-widget-wrap elementor-element-populated\">\n\t\t\t\t\t\t<div class=\"elementor-element elementor-element-608ad95f elementor-widget elementor-widget-text-editor\" data-id=\"608ad95f\" data-element_type=\"widget\" data-e-type=\"widget\" data-widget_type=\"text-editor.default\">\n\t\t\t\t<div class=\"elementor-widget-container\">\n\t\t\t\t\t\t\t\t\t<p><strong>Genom detta anv\u00e4ndar\u00e5tagande vill eMarketeer AB skydda sina kunder och sig sj\u00e4lva fr\u00e5n handlingar som kan vara skadliga f\u00f6r alla parter.<br \/><\/strong><br \/>Jag bekr\u00e4ftar f\u00f6ljande som enskild anv\u00e4ndare av mjukvarukonceptet eMarketeer gentemot min arbetsgivare och eMarketeer AB, (org. nr 556631-4497), att jag \u00e4r medveten om detta inneh\u00e5ll och att jag godk\u00e4nner, accepterar och ansvarar f\u00f6r f\u00f6ljande:<\/p><h4>1. Kundens r\u00e4ttigheter<\/h4><p>1.1 Anv\u00e4ndningen av eMarketeer kr\u00e4ver personlig registrering och inloggning av mig som anv\u00e4ndare. Jag f\u00f6rbinder mig att f\u00f6lja alla bruksanvisningar och s\u00e4kerhetsinstruktioner utf\u00e4rdade av eMarketeer.<\/p><p>1.2 Jag ska inte g\u00f6ra eller till\u00e5ta f\u00f6rs\u00e4ljnings\u00f6verf\u00f6ring eller servicebyr\u00e5anv\u00e4ndning av eMarketeer, att g\u00f6ra n\u00e5gra modifieringar, till\u00e4gg eller f\u00f6rb\u00e4ttringar av eMarketeer eller orsaka eller till\u00e5ta omv\u00e4nd konstruktion, demontering eller dekompilering d\u00e4rav. Upphovsr\u00e4tt och alla andra r\u00e4ttigheter avseende modifieringar av tj\u00e4nsten ska tillfalla eMarketeer utan n\u00e5gon separat ers\u00e4ttning.<\/p><h4>2. Arbetsfl\u00f6de<\/h4><p>2.1 Anv\u00e4ndning av eMarketeer erh\u00e5lls genom en unik inloggning som tillhandah\u00e5lls av eMarketeer efter registrering av kundinformation.<\/p><h4>3. H\u00e4nsyn till information<\/h4><p>3.1 Det \u00e4r jag, anv\u00e4ndaren, som administrerar de personuppgifter som finns f\u00f6r anv\u00e4ndning i eMarketeer och ansvarar f\u00f6r att databasen implementeras i enlighet med den allm\u00e4nna dataskyddsf\u00f6rordningen (GDPR).<\/p><h4>4. Sekretess<\/h4><p>4.1 Jag \u00e5tar mig att g\u00f6ra mitt b\u00e4sta f\u00f6r att all aff\u00e4rsinformation som avsl\u00f6jas av den ena parten till den andra i samband med avtalet ska behandlas som konfidentiell information s\u00e5vida inte s\u00e5dan information \u00e4r en del av eller senare blir en del av den allm\u00e4nna egendomen utan den andras skuld. part eller s\u00e5 har den senare erh\u00e5llits av den andra parten fr\u00e5n oberoende k\u00e4llor fria fr\u00e5n n\u00e5gon tystnadsplikt.<\/p><p>4.2 Jag \u00e5tar mig att se till att mitt anv\u00e4ndarnamn och l\u00f6senord skyddas p\u00e5 ett s\u00e4kert s\u00e4tt, endast anv\u00e4nds av avsedda anv\u00e4ndare och inte kommer i h\u00e4nderna p\u00e5 n\u00e5gra obeh\u00f6riga anv\u00e4ndare.<\/p><h4>5. Policy f\u00f6r anv\u00e4ndning av eMarketeer<\/h4><p>En kund hos eMarketeer kan inte sj\u00e4lv eller till\u00e5ta n\u00e5gon annan part, acceptera missbruk, olaglig eller bedr\u00e4glig anv\u00e4ndning av eMarketeer-tj\u00e4nster p\u00e5 ett s\u00e5dant s\u00e4tt som inkluderar, men inte \u00e4r begr\u00e4nsat till, f\u00f6ljande:<\/p><div><ul><li>att ha en m\u00e5lgrupp, forum, e-postlista f\u00f6r e-post eller andra liknande grupplistor, och till dem skicka eller posta allt som orsakar klagom\u00e5l fr\u00e5n mottagaren av s\u00e5dan o\u00f6nskad e-post;<\/li><li>eller, s\u00e5 kallad &quot;Mailbombning och skr\u00e4ppost: t.ex. att inom kort tid skicka stora m\u00e4ngder o\u00f6nskade meddelanden via e-post till ett eller flera e-postkonton;<\/li><li>eller att skicka o\u00f6nskad e-post till flera anv\u00e4ndare via e-post d\u00e4r det \u00e4r rimligt troligt att meddelandet kommer att orsaka klagom\u00e5l fr\u00e5n n\u00e5gra av mottagarna;<\/li><li>eller, n\u00e4r en obeh\u00f6rig anv\u00e4ndare f\u00f6rs\u00f6ker komma \u00e5t ett konto eller datorresurs som inte tillh\u00f6r anv\u00e4ndaren i fr\u00e5ga;<\/li><li>eller avsiktligt p\u00e5 n\u00e5got s\u00e4tt skaffa eller f\u00f6rs\u00f6ka f\u00e5 tillg\u00e5ng till eMarketeer-tj\u00e4nster utan att betala f\u00f6r det;<\/li><li>eller, p\u00e5 n\u00e5got s\u00e4tt obeh\u00f6rigt f\u00f6rs\u00f6k att ladda ner, \u00e4ndra eller f\u00f6rst\u00f6ra all information som tillh\u00f6r n\u00e5gon av eMarketeer-kunder eller slutanv\u00e4ndare;<\/li><li>eller att delta i n\u00e5gon aktivitet (t.ex. synkroniserade nummersekvensattacker) med vetskap om att det kommer att f\u00f6rs\u00e4mra tj\u00e4nsten f\u00f6r n\u00e5gon av eMarketeers kunder;<\/li><li>eller, olagligt eller f\u00f6r att st\u00f6dja illegala aktiviteter, anv\u00e4nda eMarketeer-tj\u00e4nster,<\/li><li>eller f\u00f6r att sprida olagliga kopior av kommersiell programvara eller annat upphovsr\u00e4ttsskyddat material.<\/li><\/ul><\/div><p>eMarketeer-kunder \u00e4r ansvariga f\u00f6r sina slutanv\u00e4ndares dokument och genom att ta emot tj\u00e4nster fr\u00e5n eMarketeer \u00e4r det upp till kunden att se till att deras slutanv\u00e4ndare f\u00f6ljer detta anv\u00e4ndar\u00e5tagande. Klagom\u00e5l om en slutanv\u00e4ndare till en eMarketeer-kund kommer att vidarebefordras till relevant kundavtalsansvarig f\u00f6r \u00e5tg\u00e4rd.<\/p><p>Om en oacceptabel aktivitet forts\u00e4tter kan eMarketeer utan f\u00f6rvarning avbryta eller vidta n\u00f6dv\u00e4ndiga \u00e5tg\u00e4rder som eMarketeer anser n\u00f6dv\u00e4ndiga f\u00f6r tj\u00e4nster eller produkter i fr\u00e5ga. eMarketeer ers\u00e4tter inte avbrottet som uppst\u00e5tt p\u00e5 grund av brott mot denna policy.<\/p><p>eMarketeer kommer att samarbeta med andra leverant\u00f6rer av Internet- och onlinetj\u00e4nster f\u00f6r att f\u00f6rhindra och f\u00f6rhindra missbruk.<\/p>\t\t\t\t\t\t\t\t<\/div>\n\t\t\t\t<\/div>\n\t\t\t\t\t<\/div>\n\t\t<\/div>\n\t\t\t\t\t<\/div>\n\t\t<\/section>\n\t\t\t\t<\/div>","protected":false},"excerpt":{"rendered":"<p>Licensavtal f\u00f6r slutanv\u00e4ndare Version 2017-12-01 Genom detta anv\u00e4ndar\u00e5tagande vill eMarketeer AB skydda sina kunder och sig sj\u00e4lva fr\u00e5n handlingar som kan vara skadliga f\u00f6r alla parter.Jag bekr\u00e4ftar f\u00f6ljande som enskild anv\u00e4ndare av programvarukonceptet eMarketeer mot ... <a href=\"https:\/\/emarketeer.com\/sv\/eula\/\">L\u00e4s mer<\/a><\/p>","protected":false},"author":3,"featured_media":0,"parent":0,"menu_order":6,"comment_status":"closed","ping_status":"closed","template":"","meta":{"footnotes":""},"class_list":["post-17737","page","type-page","status-publish","hentry"],"_links":{"self":[{"href":"https:\/\/emarketeer.com\/sv\/wp-json\/wp\/v2\/pages\/17737","targetHints":{"allow":["GET"]}}],"collection":[{"href":"https:\/\/emarketeer.com\/sv\/wp-json\/wp\/v2\/pages"}],"about":[{"href":"https:\/\/emarketeer.com\/sv\/wp-json\/wp\/v2\/types\/page"}],"author":[{"embeddable":true,"href":"https:\/\/emarketeer.com\/sv\/wp-json\/wp\/v2\/users\/3"}],"replies":[{"embeddable":true,"href":"https:\/\/emarketeer.com\/sv\/wp-json\/wp\/v2\/comments?post=17737"}],"version-history":[{"count":16,"href":"https:\/\/emarketeer.com\/sv\/wp-json\/wp\/v2\/pages\/17737\/revisions"}],"predecessor-version":[{"id":17774,"href":"https:\/\/emarketeer.com\/sv\/wp-json\/wp\/v2\/pages\/17737\/revisions\/17774"}],"wp:attachment":[{"href":"https:\/\/emarketeer.com\/sv\/wp-json\/wp\/v2\/media?parent=17737"}],"curies":[{"name":"wp","href":"https:\/\/api.w.org\/{rel}","templated":true}]}}