{"id":2092,"date":"2021-10-05T06:10:08","date_gmt":"2021-10-05T06:10:08","guid":{"rendered":"https:\/\/emarketeer.com\/?page_id=2092"},"modified":"2023-01-11T11:41:35","modified_gmt":"2023-01-11T11:41:35","slug":"privacy-policy","status":"publish","type":"page","link":"https:\/\/emarketeer.com\/sv\/privacy-policy\/","title":{"rendered":"Integritetspolicy"},"content":{"rendered":"<div data-elementor-type=\"wp-page\" data-elementor-id=\"2092\" class=\"elementor elementor-2092\" data-elementor-post-type=\"page\">\n\t\t\t\t\t\t<section class=\"elementor-section elementor-top-section elementor-element elementor-element-7375c18 elementor-section-content-middle elementor-section-boxed elementor-section-height-default elementor-section-height-default\" data-id=\"7375c18\" data-element_type=\"section\" data-e-type=\"section\">\n\t\t\t\t\t\t<div class=\"elementor-container elementor-column-gap-default\">\n\t\t\t\t\t<div class=\"elementor-column elementor-col-33 elementor-top-column elementor-element elementor-element-0de81f7\" data-id=\"0de81f7\" data-element_type=\"column\" data-e-type=\"column\">\n\t\t\t<div class=\"elementor-widget-wrap elementor-element-populated\">\n\t\t\t\t\t\t<div class=\"elementor-element elementor-element-a065da0 elementor-widget elementor-widget-image\" data-id=\"a065da0\" data-element_type=\"widget\" data-e-type=\"widget\" data-widget_type=\"image.default\">\n\t\t\t\t<div class=\"elementor-widget-container\">\n\t\t\t\t\t\t\t\t\t\t\t\t\t\t\t<img decoding=\"async\" width=\"280\" height=\"75\" src=\"https:\/\/emarketeer.com\/wp-content\/uploads\/2018\/09\/58CF038F-2622-4D58-A9BD-368107ECE0F3__emlogo_onlight_3000_newnewred_brandguide-1-e1538056857279.png\" class=\"attachment-th_img_xs size-th_img_xs wp-image-1105\" alt=\"\" \/>\t\t\t\t\t\t\t\t\t\t\t\t\t\t\t<\/div>\n\t\t\t\t<\/div>\n\t\t\t\t\t<\/div>\n\t\t<\/div>\n\t\t\t\t<div class=\"elementor-column elementor-col-33 elementor-top-column elementor-element elementor-element-fbf0710\" data-id=\"fbf0710\" data-element_type=\"column\" data-e-type=\"column\">\n\t\t\t<div class=\"elementor-widget-wrap elementor-element-populated\">\n\t\t\t\t\t\t<div class=\"elementor-element elementor-element-a593300 elementor-nav-menu__align-center elementor-nav-menu--dropdown-tablet elementor-nav-menu__text-align-aside elementor-nav-menu--toggle elementor-nav-menu--burger elementor-widget elementor-widget-nav-menu\" data-id=\"a593300\" data-element_type=\"widget\" data-e-type=\"widget\" data-settings=\"{&quot;layout&quot;:&quot;horizontal&quot;,&quot;submenu_icon&quot;:{&quot;value&quot;:&quot;&lt;i class=\\&quot;fas fa-caret-down\\&quot;&gt;&lt;\\\/i&gt;&quot;,&quot;library&quot;:&quot;fa-solid&quot;},&quot;toggle&quot;:&quot;burger&quot;}\" data-widget_type=\"nav-menu.default\">\n\t\t\t\t<div class=\"elementor-widget-container\">\n\t\t\t\t\t\t\t\t<nav aria-label=\"Meny\" class=\"elementor-nav-menu--main elementor-nav-menu__container elementor-nav-menu--layout-horizontal e--pointer-underline e--animation-fade\">\n\t\t\t\t<ul id=\"menu-1-a593300\" class=\"elementor-nav-menu\"><li class=\"menu-item menu-item-type-custom menu-item-object-custom menu-item-has-children menu-item-20030\"><a href=\"#\" class=\"elementor-item elementor-item-anchor\">Produkter<\/a>\n<ul class=\"sub-menu elementor-nav-menu--dropdown\">\n\t<li class=\"menu-item menu-item-type-post_type menu-item-object-page menu-item-20031\"><a href=\"https:\/\/emarketeer.com\/sv\/products\/\" class=\"elementor-sub-item\">Produkt\u00f6versikt<\/a><\/li>\n\t<li class=\"menu-item menu-item-type-post_type menu-item-object-page menu-item-20039\"><a href=\"https:\/\/emarketeer.com\/sv\/marketing-cloud\/\" class=\"elementor-sub-item\">Marknadsf\u00f6ringsmoln<\/a><\/li>\n\t<li class=\"menu-item menu-item-type-post_type menu-item-object-page menu-item-20322\"><a href=\"https:\/\/emarketeer.com\/sv\/lead-management\/\" class=\"elementor-sub-item\">Lead Management<\/a><\/li>\n\t<li class=\"menu-item menu-item-type-post_type menu-item-object-page menu-item-23379\"><a href=\"https:\/\/emarketeer.com\/sv\/integrations\/\" class=\"elementor-sub-item\">Integrationer<\/a><\/li>\n<\/ul>\n<\/li>\n<li class=\"menu-item menu-item-type-post_type menu-item-object-page menu-item-19328\"><a href=\"https:\/\/emarketeer.com\/sv\/customers\/\" class=\"elementor-item\">Kunder<\/a><\/li>\n<li class=\"menu-item menu-item-type-post_type menu-item-object-page menu-item-17714\"><a href=\"https:\/\/emarketeer.com\/sv\/webinars\/\" class=\"elementor-item\">Webbseminarier<\/a><\/li>\n<li class=\"menu-item menu-item-type-post_type menu-item-object-page menu-item-17781\"><a href=\"https:\/\/emarketeer.com\/sv\/pricing\/\" class=\"elementor-item\">Priser<\/a><\/li>\n<li class=\"menu-item menu-item-type-custom menu-item-object-custom menu-item-has-children menu-item-19154\"><a href=\"#\" class=\"elementor-item elementor-item-anchor\">Om oss<\/a>\n<ul class=\"sub-menu elementor-nav-menu--dropdown\">\n\t<li class=\"menu-item menu-item-type-post_type menu-item-object-page menu-item-23958\"><a href=\"https:\/\/emarketeer.com\/sv\/blog\/\" class=\"elementor-sub-item\">Nyheter och blogg<\/a><\/li>\n\t<li class=\"menu-item menu-item-type-post_type menu-item-object-page menu-item-16988\"><a href=\"https:\/\/emarketeer.com\/sv\/contact\/\" class=\"elementor-sub-item\">Kontakt<\/a><\/li>\n\t<li class=\"menu-item menu-item-type-post_type menu-item-object-post menu-item-22275\"><a href=\"https:\/\/emarketeer.com\/sv\/news\/newoffice\/\" class=\"elementor-sub-item\">V\u00e5rt kontor<\/a><\/li>\n\t<li class=\"menu-item menu-item-type-post_type menu-item-object-page menu-item-19873\"><a href=\"https:\/\/emarketeer.com\/sv\/management\/\" class=\"elementor-sub-item\">Ledningsgrupp<\/a><\/li>\n<\/ul>\n<\/li>\n<\/ul>\t\t\t<\/nav>\n\t\t\t\t\t<div class=\"elementor-menu-toggle\" role=\"button\" tabindex=\"0\" aria-label=\"Sl\u00e5 p\u00e5\/av meny\" aria-expanded=\"false\">\n\t\t\t<i aria-hidden=\"true\" role=\"presentation\" class=\"elementor-menu-toggle__icon--open eicon-menu-bar\"><\/i><i aria-hidden=\"true\" role=\"presentation\" class=\"elementor-menu-toggle__icon--close eicon-close\"><\/i>\t\t<\/div>\n\t\t\t\t\t<nav class=\"elementor-nav-menu--dropdown elementor-nav-menu__container\" aria-hidden=\"true\">\n\t\t\t\t<ul id=\"menu-2-a593300\" class=\"elementor-nav-menu\"><li class=\"menu-item menu-item-type-custom menu-item-object-custom menu-item-has-children menu-item-20030\"><a href=\"#\" class=\"elementor-item elementor-item-anchor\" tabindex=\"-1\">Produkter<\/a>\n<ul class=\"sub-menu elementor-nav-menu--dropdown\">\n\t<li class=\"menu-item menu-item-type-post_type menu-item-object-page menu-item-20031\"><a href=\"https:\/\/emarketeer.com\/sv\/products\/\" class=\"elementor-sub-item\" tabindex=\"-1\">Produkt\u00f6versikt<\/a><\/li>\n\t<li class=\"menu-item menu-item-type-post_type menu-item-object-page menu-item-20039\"><a href=\"https:\/\/emarketeer.com\/sv\/marketing-cloud\/\" class=\"elementor-sub-item\" tabindex=\"-1\">Marknadsf\u00f6ringsmoln<\/a><\/li>\n\t<li class=\"menu-item menu-item-type-post_type menu-item-object-page menu-item-20322\"><a href=\"https:\/\/emarketeer.com\/sv\/lead-management\/\" class=\"elementor-sub-item\" tabindex=\"-1\">Lead Management<\/a><\/li>\n\t<li class=\"menu-item menu-item-type-post_type menu-item-object-page menu-item-23379\"><a href=\"https:\/\/emarketeer.com\/sv\/integrations\/\" class=\"elementor-sub-item\" tabindex=\"-1\">Integrationer<\/a><\/li>\n<\/ul>\n<\/li>\n<li class=\"menu-item menu-item-type-post_type menu-item-object-page menu-item-19328\"><a href=\"https:\/\/emarketeer.com\/sv\/customers\/\" class=\"elementor-item\" tabindex=\"-1\">Kunder<\/a><\/li>\n<li class=\"menu-item menu-item-type-post_type menu-item-object-page menu-item-17714\"><a href=\"https:\/\/emarketeer.com\/sv\/webinars\/\" class=\"elementor-item\" tabindex=\"-1\">Webbseminarier<\/a><\/li>\n<li class=\"menu-item menu-item-type-post_type menu-item-object-page menu-item-17781\"><a href=\"https:\/\/emarketeer.com\/sv\/pricing\/\" class=\"elementor-item\" tabindex=\"-1\">Priser<\/a><\/li>\n<li class=\"menu-item menu-item-type-custom menu-item-object-custom menu-item-has-children menu-item-19154\"><a href=\"#\" class=\"elementor-item elementor-item-anchor\" tabindex=\"-1\">Om oss<\/a>\n<ul class=\"sub-menu elementor-nav-menu--dropdown\">\n\t<li class=\"menu-item menu-item-type-post_type menu-item-object-page menu-item-23958\"><a href=\"https:\/\/emarketeer.com\/sv\/blog\/\" class=\"elementor-sub-item\" tabindex=\"-1\">Nyheter och blogg<\/a><\/li>\n\t<li class=\"menu-item menu-item-type-post_type menu-item-object-page menu-item-16988\"><a href=\"https:\/\/emarketeer.com\/sv\/contact\/\" class=\"elementor-sub-item\" tabindex=\"-1\">Kontakt<\/a><\/li>\n\t<li class=\"menu-item menu-item-type-post_type menu-item-object-post menu-item-22275\"><a href=\"https:\/\/emarketeer.com\/sv\/news\/newoffice\/\" class=\"elementor-sub-item\" tabindex=\"-1\">V\u00e5rt kontor<\/a><\/li>\n\t<li class=\"menu-item menu-item-type-post_type menu-item-object-page menu-item-19873\"><a href=\"https:\/\/emarketeer.com\/sv\/management\/\" class=\"elementor-sub-item\" tabindex=\"-1\">Ledningsgrupp<\/a><\/li>\n<\/ul>\n<\/li>\n<\/ul>\t\t\t<\/nav>\n\t\t\t\t\t\t<\/div>\n\t\t\t\t<\/div>\n\t\t\t\t\t<\/div>\n\t\t<\/div>\n\t\t\t\t<div class=\"elementor-column elementor-col-33 elementor-top-column elementor-element elementor-element-e766722\" data-id=\"e766722\" data-element_type=\"column\" data-e-type=\"column\">\n\t\t\t<div class=\"elementor-widget-wrap\">\n\t\t\t\t\t\t\t<\/div>\n\t\t<\/div>\n\t\t\t\t\t<\/div>\n\t\t<\/section>\n\t\t\t\t<section class=\"elementor-section elementor-top-section elementor-element elementor-element-4023ae8 elementor-section-height-min-height elementor-section-boxed elementor-section-height-default elementor-section-items-middle\" data-id=\"4023ae8\" data-element_type=\"section\" data-e-type=\"section\" data-settings=\"{&quot;background_background&quot;:&quot;classic&quot;,&quot;shape_divider_bottom&quot;:&quot;waves&quot;}\">\n\t\t\t\t\t\t\t<div class=\"elementor-background-overlay\"><\/div>\n\t\t\t\t\t\t<div class=\"elementor-shape elementor-shape-bottom\" aria-hidden=\"true\" data-negative=\"false\">\n\t\t\t<svg xmlns=\"http:\/\/www.w3.org\/2000\/svg\" viewbox=\"0 0 1000 100\" preserveaspectratio=\"none\">\n\t<path class=\"elementor-shape-fill\" d=\"M421.9,6.5c22.6-2.5,51.5,0.4,75.5,5.3c23.6,4.9,70.9,23.5,100.5,35.7c75.8,32.2,133.7,44.5,192.6,49.7\tc23.6,2.1,48.7,3.5,103.4-2.5c54.7-6,106.2-25.6,106.2-25.6V0H0v30.3c0,0,72,32.6,158.4,30.5c39.2-0.7,92.8-6.7,134-22.4\tc21.2-8.1,52.2-18.2,79.7-24.2C399.3,7.9,411.6,7.5,421.9,6.5z\"\/>\n<\/svg>\t\t<\/div>\n\t\t\t\t\t<div class=\"elementor-container elementor-column-gap-default\">\n\t\t\t\t\t<div class=\"elementor-column elementor-col-100 elementor-top-column elementor-element elementor-element-39e6e24\" data-id=\"39e6e24\" data-element_type=\"column\" data-e-type=\"column\">\n\t\t\t<div class=\"elementor-widget-wrap elementor-element-populated\">\n\t\t\t\t\t\t<div class=\"elementor-element elementor-element-8e6369e elementor-widget elementor-widget-spacer\" data-id=\"8e6369e\" data-element_type=\"widget\" data-e-type=\"widget\" data-widget_type=\"spacer.default\">\n\t\t\t\t<div class=\"elementor-widget-container\">\n\t\t\t\t\t\t\t<div class=\"elementor-spacer\">\n\t\t\t<div class=\"elementor-spacer-inner\"><\/div>\n\t\t<\/div>\n\t\t\t\t\t\t<\/div>\n\t\t\t\t<\/div>\n\t\t\t\t<div class=\"elementor-element elementor-element-8fbba27 elementor-view-default elementor-position-top elementor-widget elementor-widget-themo-header\" data-id=\"8fbba27\" data-element_type=\"widget\" data-e-type=\"widget\" data-widget_type=\"themo-header.default\">\n\t\t\t\t<div class=\"elementor-widget-container\">\n\t\t\t\t\t\t\t<div class=\"th-header-wrap\">\n        <div class=\"elementor-icon-box-wrapper\">\n                            <div class=\"elementor-icon-box-content\">\n                    <h1 class=\"elementor-icon-box-title\">\n                        Integritetspolicy                    <\/h1>\n                                        <p class=\"elementor-icon-box-description\"><\/p>\n\n                                    <\/div>\n            <\/div>\n\n        <\/div>\n\n\t\t\t\t\t\t<\/div>\n\t\t\t\t<\/div>\n\t\t\t\t\t<\/div>\n\t\t<\/div>\n\t\t\t\t\t<\/div>\n\t\t<\/section>\n\t\t\t\t<section class=\"elementor-section elementor-top-section elementor-element elementor-element-483be185 elementor-section-boxed elementor-section-height-default elementor-section-height-default\" data-id=\"483be185\" data-element_type=\"section\" data-e-type=\"section\">\n\t\t\t\t\t\t<div class=\"elementor-container elementor-column-gap-default\">\n\t\t\t\t\t<div class=\"elementor-column elementor-col-100 elementor-top-column elementor-element elementor-element-70fc28a2\" data-id=\"70fc28a2\" data-element_type=\"column\" data-e-type=\"column\">\n\t\t\t<div class=\"elementor-widget-wrap elementor-element-populated\">\n\t\t\t\t\t\t<div class=\"elementor-element elementor-element-7e8ed6c7 elementor-widget elementor-widget-text-editor\" data-id=\"7e8ed6c7\" data-element_type=\"widget\" data-e-type=\"widget\" data-widget_type=\"text-editor.default\">\n\t\t\t\t<div class=\"elementor-widget-container\">\n\t\t\t\t\t\t\t\t\t<p style=\"text-align: center;\">Version 1.1<\/p><p style=\"text-align: center;\">Senast \u00e4ndrad 2018-04-25.<\/p><h3><strong>Lagstiftning efterlevs\u00a0<\/strong><\/h3><p>eMarketeer f\u00f6ljer de lagkrav som EU st\u00e4ller i EUROPAPARLAMENTETS OCH R\u00c5DETS F\u00d6RORDNING (EU) 2016\/679 av den 27 april 2016 om skydd av personer med avseende p\u00e5 behandling av personuppgifter och om fri r\u00f6rlighet f\u00f6r s\u00e5dana uppgifter. , och upph\u00e4vande av DIREKTIV 95\/46\/EG (General Data Protection Regulation \u2013 GDPR). USA-baserade tj\u00e4nster \u00e4r certifierade enligt EU-US Privacy Shield Framework och\/eller USA \u2013 Swiss Safe Harbor Framework. All data lagras i Europa.<\/p><h2>\u00a0<\/h2><h3><strong>eMarketeer allm\u00e4nna principer och styrning<\/strong><\/h3><p><strong><br \/>Databehandlingsavtal<br \/><\/strong>Databehandlingsavtal tecknas mellan eMarketeer och kunden. Syftet med Databehandlingsavtalet \u00e4r att reglera eMarketers behandling av personuppgifter f\u00f6r Kundens r\u00e4kning med hj\u00e4lp av eMarketers applikationer. Underdatabearbetningsavtal tecknas mellan eMarketeer och underbehandlare.<\/p><p><strong>Vilken information samlar vi in?<br \/><\/strong>Vid registrering av kunder samlar vi in uppgifter som f\u00f6retagsnamn, anv\u00e4ndarnamn, e-post, adress, plats och telefonnummer. Google, som en tredjepartsleverant\u00f6r, anv\u00e4nder cookies f\u00f6r att visa annonser p\u00e5 din webbplats. Googles anv\u00e4ndning av DART-cookien g\u00f6r att den kan visa annonser till dina anv\u00e4ndare baserat p\u00e5 deras bes\u00f6k p\u00e5 dina webbplatser och andra webbplatser p\u00e5 Internet. Anv\u00e4ndare kan v\u00e4lja bort anv\u00e4ndningen av DART-cookien genom att bes\u00f6ka Googles sekretesspolicy f\u00f6r annonser och inneh\u00e5llsn\u00e4tverk.<\/p><h4>\u00a0<\/h4><p><strong>Vad anv\u00e4nder vi din information till?<br \/><\/strong>All information vi samlar in fr\u00e5n dig kan anv\u00e4ndas p\u00e5 n\u00e5got av f\u00f6ljande s\u00e4tt:<\/p><ul><li>F\u00f6r att behandla transaktioner<\/li><li>F\u00f6r kundidentifiering<\/li><li>F\u00f6r att kontakta kunden om det skulle vara problem med kontot.<\/li><li>F\u00f6r att administrera en t\u00e4vling, marknadsf\u00f6ring, unders\u00f6kning eller annan webbplatsfunktion<\/li><li>F\u00f6r att skicka regelbundna e-postmeddelanden om produktsl\u00e4pp och annan relevant eMarketeer-information<\/li><\/ul><p>E-postadressen du anger f\u00f6r best\u00e4llningshantering kommer endast att anv\u00e4ndas f\u00f6r att skicka dig information och uppdateringar som r\u00f6r din best\u00e4llning. Din information, vare sig den \u00e4r offentlig eller privat, kommer inte att s\u00e4ljas, bytas ut, \u00f6verf\u00f6ras eller ges till n\u00e5got annat f\u00f6retag av n\u00e5gon anledning utan ditt samtycke annat \u00e4n f\u00f6r det uttryckliga syftet att leverera den k\u00f6pta produkten eller tj\u00e4nsten som efterfr\u00e5gas.<\/p><p>\u00a0<\/p><p><strong>Riskhantering<br \/><\/strong>En \u00f6vergripande riskbed\u00f6mning genomf\u00f6rs i relation till informationsobjekt som uppdateras en g\u00e5ng per \u00e5r. eMarketeer syn p\u00e5 s\u00e4kerhet bygger p\u00e5 riskbed\u00f6mningar enligt artikel 24 i EU:s allm\u00e4nna dataskyddsf\u00f6rordning (EU-GDPR) och ICT-f\u00f6rordningen \u00a73.<\/p><p>\u00a0<\/p><p><strong>Informationsklassificering och kontroll<br \/><\/strong>Det \u00e4r viktigt f\u00f6r eMarketeer att sekretessbrott och otillr\u00e4cklig informationsintegritet inte f\u00f6rekommer. Det \u00e4r d\u00e4rf\u00f6r viktigt att vi skyddar information utifr\u00e5n dess kritikalitet. Alla huvuduppgifter och tillg\u00e5ngar registreras och tilldelas en utsedd \u00e4gare. Informationen \u00e4r sekretessbelagd f\u00f6r att m\u00f6jligg\u00f6ra till\u00e4mpningen av n\u00f6dv\u00e4ndiga och l\u00e4mpliga s\u00e4kerhetskontroller. Informations\u00e4garen ansvarar f\u00f6r underh\u00e5ll och att kontroller och f\u00f6rb\u00e4ttringar genomf\u00f6rs. All information som lagras i eMarketeer-applikationer behandlas som konfidentiell och avsl\u00f6jas eller s\u00e4ljs inte till n\u00e5gon tredje part. All information lagras s\u00e4kert och kan endast n\u00e5s av kunden och betrodd eMarketeer-personal f\u00f6r webbplatsadministration.<\/p><p>\u00a0<\/p><p><strong>Hur l\u00e4nge kommer informationen att lagras?<br \/><\/strong>Uppgifter kommer inte att lagras l\u00e4ngre \u00e4n n\u00f6dv\u00e4ndigt f\u00f6r de \u00e4ndam\u00e5l f\u00f6r vilka uppgifterna behandlas.<\/p><p>\u00a0<\/p><p><strong>R\u00e4ttigheter och kontaktinformation<br \/><\/strong>P\u00e5 beg\u00e4ran kommer v\u00e5rt dataskyddsombud att ge dig information om huruvida och vilka personuppgifter vi lagrar i relation till dig. Skulle dina personuppgifter vara felaktiga kan du f\u00e5 dem r\u00e4ttade. Du kan ocks\u00e5 \u00e5terkalla ditt samtycke att anv\u00e4nda dina personuppgifter i framtiden, helt eller delvis, eller beg\u00e4ra radering av dina personuppgifter. Du kan be om att f\u00e5 din data exporterad i ett v\u00e4lk\u00e4nt format. Du \u00e4r v\u00e4lkommen att rikta s\u00e5dana f\u00f6rfr\u00e5gningar eller andra fr\u00e5gor och kommentarer ang\u00e5ende denna integritetspolicy eller eMarketeer sekretesspraxis till v\u00e5rt dataskyddsombud p\u00e5 e-postadressen <a href=\"mailto:privacy@emarketeer.com\">privacy@emarketeer.com<\/a> .<\/p><p>\u00a0<\/p><p><strong>Hur skyddar vi din information?<br \/><\/strong>Vi erbjuder anv\u00e4ndning av en s\u00e4ker server. All tillhandah\u00e5llen k\u00e4nslig information\/kreditinformation \u00f6verf\u00f6rs via Secure Socket Layer (SSL)-teknik och krypteras sedan i v\u00e5r databas f\u00f6r leverant\u00f6rer av betalningsgateway. Endast de auktoriserade med s\u00e4rskilda \u00e5tkomstr\u00e4ttigheter kommer att ha tillg\u00e5ng till s\u00e5dana system och \u00e4r skyldiga att h\u00e5lla informationen konfidentiell. Efter en transaktion kommer din privata information (kreditkort, personnummer, ekonomi etc.) inte att lagras p\u00e5 v\u00e5ra servrar.<\/p><p>\u00a0<\/p><p><strong>Anv\u00e4nder vi cookies?<br \/><\/strong>Ja. Cookies \u00e4r sm\u00e5 filer som en webbplats eller dess tj\u00e4nsteleverant\u00f6r \u00f6verf\u00f6r till din dators h\u00e5rddisk via din webbl\u00e4sare (om du till\u00e5ter) som g\u00f6r det m\u00f6jligt f\u00f6r webbplatserna eller tj\u00e4nsteleverant\u00f6rens system att k\u00e4nna igen din webbl\u00e4sare och beh\u00e5lla viss information. Vi anv\u00e4nder cookies f\u00f6r att sammanst\u00e4lla samlad data om webbplatstrafik och webbplatsinteraktion s\u00e5 att vi kan erbjuda b\u00e4ttre webbplatsupplevelser och verktyg i framtiden.<\/p><p>\u00a0<\/p><p><strong>Avsl\u00f6jar vi n\u00e5gon information till externa parter?<br \/><\/strong>Vi s\u00e4ljer, handlar inte med eller p\u00e5 annat s\u00e4tt \u00f6verf\u00f6r din personligt identifierbara information till externa parter. Detta inkluderar inte betrodda tredje parter som hj\u00e4lper oss att driva v\u00e5r webbplats, bedriva v\u00e5r verksamhet eller betj\u00e4na dig s\u00e5 l\u00e4nge dessa parter samtycker till att h\u00e5lla denna information konfidentiell. Vi kan ocks\u00e5 l\u00e4mna ut din information n\u00e4r vi anser att det \u00e4r l\u00e4mpligt f\u00f6r att f\u00f6lja lagen, uppr\u00e4tth\u00e5lla v\u00e5r webbplatspolicy eller skydda v\u00e5ra eller andras r\u00e4ttigheter, egendom eller s\u00e4kerhet. D\u00e4remot kan icke-personligt identifierbar bes\u00f6ksinformation l\u00e4mnas till andra parter f\u00f6r marknadsf\u00f6ring, reklam eller annan anv\u00e4ndning.<\/p><p>\u00a0<\/p><p><strong>California Online Privacy Protection Act Compliance<br \/><\/strong>Eftersom vi v\u00e4rdes\u00e4tter din integritet har vi vidtagit n\u00f6dv\u00e4ndiga f\u00f6rsiktighets\u00e5tg\u00e4rder f\u00f6r att f\u00f6lja California Online Privacy Protection Act. Vi kommer d\u00e4rf\u00f6r inte att distribuera din personliga information till externa parter utan ditt samtycke.<\/p><p>\u00a0<\/p><p><strong>Efterlevnad av Children&#039;s Online Privacy Protection Act<br \/><\/strong>Vi f\u00f6ljer kraven i COPPA (Children&#039;s Online Privacy Protection Act) och samlar inte in n\u00e5gon information fr\u00e5n n\u00e5gon under 13 \u00e5r. V\u00e5r webbplats, produkter och tj\u00e4nster \u00e4r alla riktade till personer som \u00e4r minst 13 \u00e5r eller \u00e4ldre.<\/p><p>\u00a0<\/p><p><strong>Ditt samtycke<br \/><\/strong>N\u00e4r n\u00e5gon fyller i v\u00e5rt formul\u00e4r (vid evenemang som registrering f\u00f6r marknadskommunikation, demof\u00f6rfr\u00e5gningar eller nedladdning av marknadsf\u00f6ringsinneh\u00e5ll etc.), m\u00e5ste samtycke ges f\u00f6r att behandla den informationen. Detta samtycke kan \u00e5terkallas n\u00e4r som helst.<\/p><p>\u00a0<\/p><p><strong>\u00c4ndringar av v\u00e5r integritetspolicy<br \/><\/strong>Om vi best\u00e4mmer oss f\u00f6r att \u00e4ndra v\u00e5r integritetspolicy kommer vi att publicera dessa \u00e4ndringar p\u00e5 den h\u00e4r sidan. <a href=\"\/sv\/?page_id=933\">http:\/\/www.emarketeer.com\/about\/privacy-policy\/<\/a>. Denna policy \u00e4ndrades senast 2018-04-25<\/p><p>\u00a0<\/p><p><strong>Kontakta oss<br \/><\/strong>Om det finns n\u00e5gra fr\u00e5gor ang\u00e5ende denna integritetspolicy kan du kontakta oss med hj\u00e4lp av informationen nedan.<\/p><p>\u00a0<\/p><p>eMarketeer AB<br \/>Sundbybergs torg 1<br \/>172 67 Sundbyberg, Sverige<br \/>info@emarketeer.com<br \/><a href=\"https:\/\/emarketeer.com\/sv\/\">www.emarketeer.com <\/a><br \/>(+46) 8-764 46 00<\/p>\t\t\t\t\t\t\t\t<\/div>\n\t\t\t\t<\/div>\n\t\t\t\t\t<\/div>\n\t\t<\/div>\n\t\t\t\t\t<\/div>\n\t\t<\/section>\n\t\t\t\t<\/div>","protected":false},"excerpt":{"rendered":"<p>Integritetspolicy Version 1.1 Senast \u00e4ndrad 2018-04-25. R\u00e4ttslig efterlevnad eMarketeer f\u00f6ljer de r\u00e4ttsliga krav som EU st\u00e4ller i Europaparlamentets och r\u00e5dets f\u00f6rordning (EU) 2016\/679 av den 27 april 2016 om skydd av personer med funktionsneds\u00e4ttning. <a href=\"https:\/\/emarketeer.com\/sv\/privacy-policy\/\">L\u00e4s mer<\/a><\/p>","protected":false},"author":3,"featured_media":0,"parent":0,"menu_order":23,"comment_status":"closed","ping_status":"closed","template":"elementor_canvas","meta":{"footnotes":""},"class_list":["post-2092","page","type-page","status-publish","hentry"],"_links":{"self":[{"href":"https:\/\/emarketeer.com\/sv\/wp-json\/wp\/v2\/pages\/2092","targetHints":{"allow":["GET"]}}],"collection":[{"href":"https:\/\/emarketeer.com\/sv\/wp-json\/wp\/v2\/pages"}],"about":[{"href":"https:\/\/emarketeer.com\/sv\/wp-json\/wp\/v2\/types\/page"}],"author":[{"embeddable":true,"href":"https:\/\/emarketeer.com\/sv\/wp-json\/wp\/v2\/users\/3"}],"replies":[{"embeddable":true,"href":"https:\/\/emarketeer.com\/sv\/wp-json\/wp\/v2\/comments?post=2092"}],"version-history":[{"count":76,"href":"https:\/\/emarketeer.com\/sv\/wp-json\/wp\/v2\/pages\/2092\/revisions"}],"predecessor-version":[{"id":19004,"href":"https:\/\/emarketeer.com\/sv\/wp-json\/wp\/v2\/pages\/2092\/revisions\/19004"}],"wp:attachment":[{"href":"https:\/\/emarketeer.com\/sv\/wp-json\/wp\/v2\/media?parent=2092"}],"curies":[{"name":"wp","href":"https:\/\/api.w.org\/{rel}","templated":true}]}}